{"id":147,"date":"2023-05-15T13:25:15","date_gmt":"2023-05-15T11:25:15","guid":{"rendered":"https:\/\/www.riffelblech.berlin\/lueftungsgitter\/?page_id=147"},"modified":"2023-05-16T08:08:27","modified_gmt":"2023-05-16T06:08:27","slug":"wasserabweisendes-lueftungsgitter-w475","status":"publish","type":"page","link":"https:\/\/www.riffelblech.berlin\/lueftungsgitter\/en\/wasserabweisende-lueftungsgitter\/wasserabweisendes-lueftungsgitter-w475\/","title":{"rendered":"W475 water repellent ventilation grille"},"content":{"rendered":"\n[et_pb_section fb_built=&#8220;1&#8243; _builder_version=&#8220;4.21.0&#8243; _module_preset=&#8220;default&#8220; global_colors_info=&#8220;{}&#8220;][et_pb_row _builder_version=&#8220;4.21.0&#8243; _module_preset=&#8220;default&#8220; global_colors_info=&#8220;{}&#8220;][et_pb_column type=&#8220;4_4&#8243; _builder_version=&#8220;4.21.0&#8243; _module_preset=&#8220;default&#8220; global_colors_info=&#8220;{}&#8220;][et_pb_text _builder_version=&#8220;4.21.0&#8243; _module_preset=&#8220;default&#8220; global_colors_info=&#8220;{}&#8220;]<h2><span style=\"color: #99ccff\">Wasserabweisendes Sicherheits-L\u00fcftungsgitter W475<\/span><\/h2>\n<p class=\"\">L\u00fcftungsgitter Typ 475 ist ein Gitter f\u00fcr Wandeinbau mit speziellen wasserabweisenden Lamellen (Klasse A bis 0 m\/s gem\u00e4\u00df EN13030:2011).<\/p>[\/et_pb_text][\/et_pb_column][\/et_pb_row][et_pb_row column_structure=&#8220;1_2,1_2&#8243; _builder_version=&#8220;4.21.0&#8243; _module_preset=&#8220;default&#8220; global_colors_info=&#8220;{}&#8220;][et_pb_column type=&#8220;1_2&#8243; _builder_version=&#8220;4.21.0&#8243; _module_preset=&#8220;default&#8220; global_colors_info=&#8220;{}&#8220;][et_pb_image src=&#8220;https:\/\/www.lueftungsgitter.net\/images\/475tbl50.jpg&#8220; _builder_version=&#8220;4.21.0&#8243; _module_preset=&#8220;default&#8220; width=&#8220;83%&#8220; min_height=&#8220;218px&#8220; global_colors_info=&#8220;{}&#8220;][\/et_pb_image][\/et_pb_column][et_pb_column type=&#8220;1_2&#8243; _builder_version=&#8220;4.21.0&#8243; _module_preset=&#8220;default&#8220; global_colors_info=&#8220;{}&#8220;][et_pb_image src=&#8220;https:\/\/www.lueftungsgitter.net\/images\/stochersicheres-lueftungsgittertbl50.jpg&#8220; _builder_version=&#8220;4.21.0&#8243; _module_preset=&#8220;default&#8220; min_height=&#8220;196px&#8220; global_colors_info=&#8220;{}&#8220;][\/et_pb_image][\/et_pb_column][\/et_pb_row][et_pb_row _builder_version=&#8220;4.21.0&#8243; _module_preset=&#8220;default&#8220; global_colors_info=&#8220;{}&#8220;][et_pb_column type=&#8220;4_4&#8243; _builder_version=&#8220;4.21.0&#8243; _module_preset=&#8220;default&#8220; global_colors_info=&#8220;{}&#8220;][et_pb_text _builder_version=&#8220;4.21.0&#8243; _module_preset=&#8220;default&#8220; global_colors_info=&#8220;{}&#8220;]<h2><a id=\"713758a8b510b452d\" class=\"anchor\" href=\"https:\/\/www.lueftungsgitter.net\/lueftungsgitter\/lufttechnik-1\/regenschutzgitter\/regenschutzgitter_475.php#713758a8b510b452d\"><\/a><span style=\"color: #99ccff\">Beschreibung<\/span><\/h2>\n<p class=\"\">Hergestellt aus Aluminiumprofilen: AlMgSi 0,5 (gem\u00e4\u00df EN 12020-2)Oberfl\u00e4chenverarbeitung: naturfarbig (E6\/EV1) eloxiert (20 Mikron) oder pulverbeschichtet in allen RAL-Farben (60 &#8211; 80 Mikron)L-f\u00f6rmige Rahmenprofile aus extrudiertem Aluminium mit einer Gesamth\u00f6he von 64 mm werden in einem Winkel von 45 Grad auf Gehrung ges\u00e4gt und durch Zusammendr\u00fccken mithilfe von Klammerwinkeln montiert.Lamellenhalter aus Aluminium werden auf die perforierten vertikalen Rahmenprofile genietet.Die Lamellen aus extrudiertem Aluminium werden in die Lamellenhalter geklipst. Der Abstand zwischen den Lamellen betr\u00e4gt jeweils 75 mm.<br \/>Die Lamellen sind so entworfen, so dass kein Wasser stehen bleiben kann, und dadurch weniger schnell verschmutzen.<br \/>Mit Insektenschutzgitter aus Edelstahl 304, 2,3&#215;2,3 mm Maschung (6&#215;6 mm Maschung auf Anfrage), mit Hilfe einer Nylonschnur im Rahmen straff gespannt.<br \/>Standardausf\u00fchrung mit Wasserabflu\u00dfrinne unten<br \/>Wasserdichtigkeit : das Gitter 475 hat Klasse A2 bei einer Luftgeschwindigkeit von 0 m\/s, gem\u00e4\u00df EN13030:2001.<br \/>Zertifikat BSRIA verf\u00fcgbar auf Anfrage.<br \/>Optionen: Wasserschenkel, Abnehmbares Insektenschutzgitter, Filter, ohne Anschlagrahmen<\/p>\n<p>Typ 475 hat herausragenden wasserabweisenden Eigenschaften, ideal f\u00fcr Abluftanwendungen.<\/p>\n<p>Bitte beachten : ab einer Breite von 700 mm werden immer Verst\u00e4rkungsprofile vorgesehen.<\/p>\n<p><strong>ABMESSUNGEN<\/strong><b><br \/><\/b>Einbautiefe: 82 mm<br \/>Lamellenabstand: 75 mm<br \/>Rahmenanschlag: 50 mm<br \/>Gesamtst\u00e4rke: 87 mm<\/p>\n<p><strong>TECHNISCHE DATEN<\/strong><span>\u00a0<\/span>(mit Insektenschutzgitter 2,3 x 2,3 mm)<\/p>\n<p>Luftdurchlass :<br \/>K-Faktor (Zufuhr): 10,89<br \/>K-Faktor (Abfuhr): 10,41<br \/>Ce- Koeffizient: 0,303<br \/>Cd- Koeffizient: 0,310<\/p>\n<p>Querschnitt :<br \/>Physischer freier Querschnitt: 53 %<br \/>Optischer freier Querschnitt: 87 %<\/p>\n<p>Wasserdichtigkeit (gem\u00e4\u00df EN13030):<br \/>Wasserdichtigkeitsklasse bei 0,0 m\/s :<span>\u00a0<\/span><strong>A2<\/strong><b><br \/><\/b>Wasserdichtigkeitsklasse bei 0,5 m\/s :<span>\u00a0<\/span><strong>B2<\/strong><b><br \/><\/b>Wasserdichtigkeitsklasse bei 1,0 m\/s :<span>\u00a0<\/span><strong>B2<\/strong><b><br \/><\/b>Wasserdichtigkeitsklasse bei 1,5 m\/s :<span>\u00a0<\/span><strong>C2<\/strong><b><\/p>\n<p><\/b><\/p>\n<p><strong>MONTAGE<\/strong><b><br \/><\/b>Einfacher Einbau durch spezielle Maueranker 429<br \/>Anmerkung: Bei Gittern mit einer Fl\u00e4che von mehr als etwa 3 m\u00b2 muss eine r\u00fcckw\u00e4rtige St\u00fctzkonstruktion vorgesehen werden.<\/p>\n<p><strong>NORMEN<\/strong><b><\/p>\n<p><\/b>Dieses Produkt wurde gem\u00e4\u00df den folgenden Normen gepr\u00fcft :<br \/>EN 13141-1 (Volumenstromberechnung)<br \/>EN 12020-2 (Aluminiumnorm)<br \/>EN AW 6063 T66 (Legierung Aluminium)<br \/>EN 13030 (Wasserdichtigkeit)<\/p>\n<div id=\"more\"><span style=\"color: #99ccff\"><a target=\"_blank\" href=\"https:\/\/www.lueftungsgitter.net\/printable\/lueftungsgitter\/lufttechnik-1\/regenschutzgitter\/regenschutzgitter_475.php\" rel=\"noopener\" style=\"color: #99ccff\">Druckbare Version<\/a><\/span><\/div>[\/et_pb_text][\/et_pb_column][\/et_pb_row][\/et_pb_section]\n","protected":false},"excerpt":{"rendered":"<p>Wasserabweisendes Sicherheits-L\u00fcftungsgitter W475 L\u00fcftungsgitter Typ 475 ist ein Gitter f\u00fcr Wandeinbau mit speziellen wasserabweisenden Lamellen (Klasse A bis 0 m\/s gem\u00e4\u00df EN13030:2011).Beschreibung Hergestellt aus Aluminiumprofilen: AlMgSi 0,5 (gem\u00e4\u00df EN 12020-2)Oberfl\u00e4chenverarbeitung: naturfarbig (E6\/EV1) eloxiert (20 Mikron) oder pulverbeschichtet in allen RAL-Farben (60 &#8211; 80 Mikron)L-f\u00f6rmige Rahmenprofile aus extrudiertem Aluminium mit einer Gesamth\u00f6he von 64 mm werden [&hellip;]<\/p>\n","protected":false},"author":3,"featured_media":0,"parent":121,"menu_order":0,"comment_status":"closed","ping_status":"closed","template":"","meta":{"_et_pb_use_builder":"on","_et_pb_old_content":"","_et_gb_content_width":"","footnotes":""},"class_list":["post-147","page","type-page","status-publish","hentry"],"yoast_head":"<!-- This site is optimized with the Yoast SEO Premium plugin v26.8 (Yoast SEO v27.3) - https:\/\/yoast.com\/product\/yoast-seo-premium-wordpress\/ -->\n<title>Wasserabweisendes L\u00fcftungsgitter W475 - lueftungsgitter.com<\/title>\n<meta name=\"robots\" content=\"index, follow, max-snippet:-1, max-image-preview:large, max-video-preview:-1\" \/>\n<link rel=\"canonical\" href=\"https:\/\/www.riffelblech.berlin\/lueftungsgitter\/en\/wasserabweisende-lueftungsgitter\/wasserabweisendes-lueftungsgitter-w475\/\" \/>\n<meta property=\"og:locale\" content=\"en_US\" \/>\n<meta property=\"og:type\" content=\"article\" \/>\n<meta property=\"og:title\" content=\"Wasserabweisendes L\u00fcftungsgitter W475\" \/>\n<meta property=\"og:description\" content=\"Wasserabweisendes Sicherheits-L\u00fcftungsgitter W475 L\u00fcftungsgitter Typ 475 ist ein Gitter f\u00fcr Wandeinbau mit speziellen wasserabweisenden Lamellen (Klasse A bis 0 m\/s gem\u00e4\u00df EN13030:2011).Beschreibung Hergestellt aus Aluminiumprofilen: AlMgSi 0,5 (gem\u00e4\u00df EN 12020-2)Oberfl\u00e4chenverarbeitung: naturfarbig (E6\/EV1) eloxiert (20 Mikron) oder pulverbeschichtet in allen RAL-Farben (60 - 80 Mikron)L-f\u00f6rmige Rahmenprofile aus extrudiertem Aluminium mit einer Gesamth\u00f6he von 64 mm werden [&hellip;]\" \/>\n<meta property=\"og:url\" content=\"https:\/\/www.riffelblech.berlin\/lueftungsgitter\/en\/wasserabweisende-lueftungsgitter\/wasserabweisendes-lueftungsgitter-w475\/\" \/>\n<meta property=\"og:site_name\" content=\"lueftungsgitter.com\" \/>\n<meta property=\"article:modified_time\" content=\"2023-05-16T06:08:27+00:00\" \/>\n<meta name=\"twitter:card\" content=\"summary_large_image\" \/>\n<meta name=\"twitter:label1\" content=\"Est. reading time\" \/>\n\t<meta name=\"twitter:data1\" content=\"2 minutes\" \/>\n<script type=\"application\/ld+json\" class=\"yoast-schema-graph\">{\"@context\":\"https:\\\/\\\/schema.org\",\"@graph\":[{\"@type\":\"WebPage\",\"@id\":\"https:\\\/\\\/www.riffelblech.berlin\\\/lueftungsgitter\\\/wasserabweisende-lueftungsgitter\\\/wasserabweisendes-lueftungsgitter-w475\\\/\",\"url\":\"https:\\\/\\\/www.riffelblech.berlin\\\/lueftungsgitter\\\/wasserabweisende-lueftungsgitter\\\/wasserabweisendes-lueftungsgitter-w475\\\/\",\"name\":\"Wasserabweisendes L\u00fcftungsgitter W475 - lueftungsgitter.com\",\"isPartOf\":{\"@id\":\"https:\\\/\\\/www.riffelblech.berlin\\\/lueftungsgitter\\\/#website\"},\"datePublished\":\"2023-05-15T11:25:15+00:00\",\"dateModified\":\"2023-05-16T06:08:27+00:00\",\"breadcrumb\":{\"@id\":\"https:\\\/\\\/www.riffelblech.berlin\\\/lueftungsgitter\\\/wasserabweisende-lueftungsgitter\\\/wasserabweisendes-lueftungsgitter-w475\\\/#breadcrumb\"},\"inLanguage\":\"en-US\",\"potentialAction\":[{\"@type\":\"ReadAction\",\"target\":[\"https:\\\/\\\/www.riffelblech.berlin\\\/lueftungsgitter\\\/wasserabweisende-lueftungsgitter\\\/wasserabweisendes-lueftungsgitter-w475\\\/\"]}]},{\"@type\":\"BreadcrumbList\",\"@id\":\"https:\\\/\\\/www.riffelblech.berlin\\\/lueftungsgitter\\\/wasserabweisende-lueftungsgitter\\\/wasserabweisendes-lueftungsgitter-w475\\\/#breadcrumb\",\"itemListElement\":[{\"@type\":\"ListItem\",\"position\":1,\"name\":\"Startseite\",\"item\":\"https:\\\/\\\/www.riffelblech.berlin\\\/lueftungsgitter\\\/\"},{\"@type\":\"ListItem\",\"position\":2,\"name\":\"Wasserabweisende L\u00fcftungsgitter\",\"item\":\"https:\\\/\\\/www.riffelblech.berlin\\\/lueftungsgitter\\\/wasserabweisende-lueftungsgitter\\\/\"},{\"@type\":\"ListItem\",\"position\":3,\"name\":\"Wasserabweisendes L\u00fcftungsgitter W475\"}]},{\"@type\":\"WebSite\",\"@id\":\"https:\\\/\\\/www.riffelblech.berlin\\\/lueftungsgitter\\\/#website\",\"url\":\"https:\\\/\\\/www.riffelblech.berlin\\\/lueftungsgitter\\\/\",\"name\":\"lueftungsgitter.com\",\"description\":\"\",\"potentialAction\":[{\"@type\":\"SearchAction\",\"target\":{\"@type\":\"EntryPoint\",\"urlTemplate\":\"https:\\\/\\\/www.riffelblech.berlin\\\/lueftungsgitter\\\/?s={search_term_string}\"},\"query-input\":{\"@type\":\"PropertyValueSpecification\",\"valueRequired\":true,\"valueName\":\"search_term_string\"}}],\"inLanguage\":\"en-US\"}]}<\/script>\n<!-- \/ Yoast SEO Premium plugin. -->","yoast_head_json":{"title":"Wasserabweisendes L\u00fcftungsgitter W475 - lueftungsgitter.com","robots":{"index":"index","follow":"follow","max-snippet":"max-snippet:-1","max-image-preview":"max-image-preview:large","max-video-preview":"max-video-preview:-1"},"canonical":"https:\/\/www.riffelblech.berlin\/lueftungsgitter\/en\/wasserabweisende-lueftungsgitter\/wasserabweisendes-lueftungsgitter-w475\/","og_locale":"en_US","og_type":"article","og_title":"Wasserabweisendes L\u00fcftungsgitter W475","og_description":"Wasserabweisendes Sicherheits-L\u00fcftungsgitter W475 L\u00fcftungsgitter Typ 475 ist ein Gitter f\u00fcr Wandeinbau mit speziellen wasserabweisenden Lamellen (Klasse A bis 0 m\/s gem\u00e4\u00df EN13030:2011).Beschreibung Hergestellt aus Aluminiumprofilen: AlMgSi 0,5 (gem\u00e4\u00df EN 12020-2)Oberfl\u00e4chenverarbeitung: naturfarbig (E6\/EV1) eloxiert (20 Mikron) oder pulverbeschichtet in allen RAL-Farben (60 - 80 Mikron)L-f\u00f6rmige Rahmenprofile aus extrudiertem Aluminium mit einer Gesamth\u00f6he von 64 mm werden [&hellip;]","og_url":"https:\/\/www.riffelblech.berlin\/lueftungsgitter\/en\/wasserabweisende-lueftungsgitter\/wasserabweisendes-lueftungsgitter-w475\/","og_site_name":"lueftungsgitter.com","article_modified_time":"2023-05-16T06:08:27+00:00","twitter_card":"summary_large_image","twitter_misc":{"Est. reading time":"2 minutes"},"schema":{"@context":"https:\/\/schema.org","@graph":[{"@type":"WebPage","@id":"https:\/\/www.riffelblech.berlin\/lueftungsgitter\/wasserabweisende-lueftungsgitter\/wasserabweisendes-lueftungsgitter-w475\/","url":"https:\/\/www.riffelblech.berlin\/lueftungsgitter\/wasserabweisende-lueftungsgitter\/wasserabweisendes-lueftungsgitter-w475\/","name":"Wasserabweisendes L\u00fcftungsgitter W475 - lueftungsgitter.com","isPartOf":{"@id":"https:\/\/www.riffelblech.berlin\/lueftungsgitter\/#website"},"datePublished":"2023-05-15T11:25:15+00:00","dateModified":"2023-05-16T06:08:27+00:00","breadcrumb":{"@id":"https:\/\/www.riffelblech.berlin\/lueftungsgitter\/wasserabweisende-lueftungsgitter\/wasserabweisendes-lueftungsgitter-w475\/#breadcrumb"},"inLanguage":"en-US","potentialAction":[{"@type":"ReadAction","target":["https:\/\/www.riffelblech.berlin\/lueftungsgitter\/wasserabweisende-lueftungsgitter\/wasserabweisendes-lueftungsgitter-w475\/"]}]},{"@type":"BreadcrumbList","@id":"https:\/\/www.riffelblech.berlin\/lueftungsgitter\/wasserabweisende-lueftungsgitter\/wasserabweisendes-lueftungsgitter-w475\/#breadcrumb","itemListElement":[{"@type":"ListItem","position":1,"name":"Startseite","item":"https:\/\/www.riffelblech.berlin\/lueftungsgitter\/"},{"@type":"ListItem","position":2,"name":"Wasserabweisende L\u00fcftungsgitter","item":"https:\/\/www.riffelblech.berlin\/lueftungsgitter\/wasserabweisende-lueftungsgitter\/"},{"@type":"ListItem","position":3,"name":"Wasserabweisendes L\u00fcftungsgitter W475"}]},{"@type":"WebSite","@id":"https:\/\/www.riffelblech.berlin\/lueftungsgitter\/#website","url":"https:\/\/www.riffelblech.berlin\/lueftungsgitter\/","name":"lueftungsgitter.com","description":"","potentialAction":[{"@type":"SearchAction","target":{"@type":"EntryPoint","urlTemplate":"https:\/\/www.riffelblech.berlin\/lueftungsgitter\/?s={search_term_string}"},"query-input":{"@type":"PropertyValueSpecification","valueRequired":true,"valueName":"search_term_string"}}],"inLanguage":"en-US"}]}},"_links":{"self":[{"href":"https:\/\/www.riffelblech.berlin\/lueftungsgitter\/en\/wp-json\/wp\/v2\/pages\/147","targetHints":{"allow":["GET"]}}],"collection":[{"href":"https:\/\/www.riffelblech.berlin\/lueftungsgitter\/en\/wp-json\/wp\/v2\/pages"}],"about":[{"href":"https:\/\/www.riffelblech.berlin\/lueftungsgitter\/en\/wp-json\/wp\/v2\/types\/page"}],"author":[{"embeddable":true,"href":"https:\/\/www.riffelblech.berlin\/lueftungsgitter\/en\/wp-json\/wp\/v2\/users\/3"}],"replies":[{"embeddable":true,"href":"https:\/\/www.riffelblech.berlin\/lueftungsgitter\/en\/wp-json\/wp\/v2\/comments?post=147"}],"version-history":[{"count":4,"href":"https:\/\/www.riffelblech.berlin\/lueftungsgitter\/en\/wp-json\/wp\/v2\/pages\/147\/revisions"}],"predecessor-version":[{"id":182,"href":"https:\/\/www.riffelblech.berlin\/lueftungsgitter\/en\/wp-json\/wp\/v2\/pages\/147\/revisions\/182"}],"up":[{"embeddable":true,"href":"https:\/\/www.riffelblech.berlin\/lueftungsgitter\/en\/wp-json\/wp\/v2\/pages\/121"}],"wp:attachment":[{"href":"https:\/\/www.riffelblech.berlin\/lueftungsgitter\/en\/wp-json\/wp\/v2\/media?parent=147"}],"curies":[{"name":"wp","href":"https:\/\/api.w.org\/{rel}","templated":true}]}}