{"id":318,"date":"2023-05-16T12:50:30","date_gmt":"2023-05-16T10:50:30","guid":{"rendered":"https:\/\/www.riffelblech.berlin\/lueftungsgitter\/?page_id=318"},"modified":"2023-05-17T08:41:08","modified_gmt":"2023-05-17T06:41:08","slug":"schalldaemmendes-lueftungsgitter-w445-86","status":"publish","type":"page","link":"https:\/\/www.riffelblech.berlin\/lueftungsgitter\/schalldaemmende-lueftungsgitter\/schalldaemmendes-lueftungsgitter-w445-86\/","title":{"rendered":"Schalld\u00e4mmendes L\u00fcftungsgitter W445\/86"},"content":{"rendered":"\n[et_pb_section fb_built=&#8220;1&#8243; _builder_version=&#8220;4.21.0&#8243; _module_preset=&#8220;default&#8220; global_colors_info=&#8220;{}&#8220;][et_pb_row _builder_version=&#8220;4.21.0&#8243; _module_preset=&#8220;default&#8220; global_colors_info=&#8220;{}&#8220;][et_pb_column type=&#8220;4_4&#8243; _builder_version=&#8220;4.21.0&#8243; _module_preset=&#8220;default&#8220; global_colors_info=&#8220;{}&#8220;][et_pb_text _builder_version=&#8220;4.21.0&#8243; _module_preset=&#8220;default&#8220; global_colors_info=&#8220;{}&#8220;]<h2><span style=\"color: #99ccff\">Schalld\u00e4mmende L\u00fcftungsgitter W445\/86<\/span><\/h2>\n<p class=\"\">Schalld\u00e4mmende L\u00fcftungsgitter<\/p>\n<p><a title=\"Download PDF Katalog schalld\u00e4mmende L\u00fcftungsgitter W445\/86\" href=\"https:\/\/www.lueftungsgitter.net\/downloads\/rotec-lueftungsgitter-w445-86.pdf\"><span style=\"color: #99ccff\">Download PDF Katalog L\u00fcftungsgitter W445\/86 [243 KB]\u00a0<\/span><i class=\"fa fa-download\"><\/i><\/a><\/p>[\/et_pb_text][\/et_pb_column][\/et_pb_row][et_pb_row column_structure=&#8220;1_2,1_2&#8243; _builder_version=&#8220;4.21.0&#8243; _module_preset=&#8220;default&#8220; global_colors_info=&#8220;{}&#8220;][et_pb_column type=&#8220;1_2&#8243; _builder_version=&#8220;4.21.0&#8243; _module_preset=&#8220;default&#8220; global_colors_info=&#8220;{}&#8220;][et_pb_image src=&#8220;https:\/\/www.lueftungsgitter.net\/images\/schallschutz_lueftungsgitter_w445_86tbl50.jpg&#8220; _builder_version=&#8220;4.21.0&#8243; _module_preset=&#8220;default&#8220; global_colors_info=&#8220;{}&#8220;][\/et_pb_image][\/et_pb_column][et_pb_column type=&#8220;1_2&#8243; _builder_version=&#8220;4.21.0&#8243; _module_preset=&#8220;default&#8220; global_colors_info=&#8220;{}&#8220;][et_pb_image src=&#8220;https:\/\/www.lueftungsgitter.net\/images\/445tbl50.jpg&#8220; _builder_version=&#8220;4.21.0&#8243; _module_preset=&#8220;default&#8220; global_colors_info=&#8220;{}&#8220;][\/et_pb_image][\/et_pb_column][\/et_pb_row][et_pb_row column_structure=&#8220;1_2,1_2&#8243; _builder_version=&#8220;4.21.0&#8243; _module_preset=&#8220;default&#8220; global_colors_info=&#8220;{}&#8220;][et_pb_column type=&#8220;1_2&#8243; _builder_version=&#8220;4.21.0&#8243; _module_preset=&#8220;default&#8220; global_colors_info=&#8220;{}&#8220;][et_pb_text _builder_version=&#8220;4.21.0&#8243; _module_preset=&#8220;default&#8220; global_colors_info=&#8220;{}&#8220;]<h2><span style=\"color: #99ccff\">Material<\/span><\/h2>\n<p><span>Hergestellt aus Aluminiumprofilen: AlMgSi 0,5 (gem\u00e4\u00df EN 12020-2)<\/span><br \/><span>Insektenschutz aus Edelstahl 304 (Maschenteilung auf Anfrage)<\/span><br \/><span>Silberfarbig (E6\/EV1) &#8211; bronzefarbig (E6\/C34) (20 Mikron) eloxiert oder pulverbeschichtet nach RAL-Farbt\u00f6nen (60-80 Mikron)<\/span><br \/><span>100 % korrosionsbest\u00e4ndig<\/span><\/p>[\/et_pb_text][\/et_pb_column][et_pb_column type=&#8220;1_2&#8243; _builder_version=&#8220;4.21.0&#8243; _module_preset=&#8220;default&#8220; global_colors_info=&#8220;{}&#8220;][et_pb_image src=&#8220;https:\/\/www.lueftungsgitter.net\/images\/zzz_thb.jpg&#8220; _builder_version=&#8220;4.21.0&#8243; _module_preset=&#8220;default&#8220; min_height=&#8220;159px&#8220; global_colors_info=&#8220;{}&#8220;][\/et_pb_image][\/et_pb_column][\/et_pb_row][et_pb_row _builder_version=&#8220;4.21.0&#8243; _module_preset=&#8220;default&#8220; global_colors_info=&#8220;{}&#8220;][et_pb_column type=&#8220;4_4&#8243; _builder_version=&#8220;4.21.0&#8243; _module_preset=&#8220;default&#8220; global_colors_info=&#8220;{}&#8220;][et_pb_text _builder_version=&#8220;4.21.0&#8243; _module_preset=&#8220;default&#8220; global_colors_info=&#8220;{}&#8220;]<h2><span style=\"color: #99ccff\">Ma\u00dfe<\/span><\/h2>\n<p class=\"\">Lamellenabstand: 60 mm<br \/>Ma\u00dfe: Einbautiefe: 81,5 mm<br \/>\u00dcberfalzma\u00df: 50 mm<br \/>H\u00f6he in Schritten von 60 mm (Abstand zwischen Lamellen)<br \/>Mindestma\u00dfe: 200 x 200 mm<\/p>\n<h2><a id=\"180554a56d1249a50\" class=\"anchor\" href=\"https:\/\/www.lueftungsgitter.net\/lueftungsgitter\/schallschutz\/schalldaemmung\/lueftungsgitter-w445-86.php#180554a56d1249a50\"><\/a><span style=\"color: #99ccff\">Befestigung<\/span><\/h2>\n<p class=\"\">Maueranker Nr. W429 (nicht im Lieferumfang enthalten)<\/p>\n<h2><a id=\"180554a56d1250651\" class=\"anchor\" href=\"https:\/\/www.lueftungsgitter.net\/lueftungsgitter\/schallschutz\/schalldaemmung\/lueftungsgitter-w445-86.php#180554a56d1250651\"><\/a><span style=\"color: #99ccff\">Optionen<\/span><\/h2>\n<p class=\"\">Wasserabflu\u00dfrinne<br \/>Wasserschenkel<br \/>Abnehmbarer Insektenschutz<\/p>\n<h2><a id=\"180554a56d138fa5d\" class=\"anchor\" href=\"https:\/\/www.lueftungsgitter.net\/lueftungsgitter\/schallschutz\/schalldaemmung\/lueftungsgitter-w445-86.php#180554a56d138fa5d\"><\/a><span style=\"color: #99ccff\">Eigenschaften<\/span><\/h2>\n<p class=\"\">Die schalld\u00e4mmenden Eigenschaften der Renson\u00ae-Lamellen wurden vom international anerkannten IFT Labor Rosenheim (Deutschland) gepr\u00fcft.<br \/>Die Wasserdichtigkeit wurde von den BSRIA-Labors gepr\u00fcft<\/p>[\/et_pb_text][\/et_pb_column][\/et_pb_row][et_pb_row _builder_version=&#8220;4.21.0&#8243; _module_preset=&#8220;default&#8220; global_colors_info=&#8220;{}&#8220;][et_pb_column type=&#8220;4_4&#8243; _builder_version=&#8220;4.21.0&#8243; _module_preset=&#8220;default&#8220; global_colors_info=&#8220;{}&#8220;][et_pb_accordion _builder_version=&#8220;4.21.0&#8243; _module_preset=&#8220;default&#8220; global_colors_info=&#8220;{}&#8220;][et_pb_accordion_item title=&#8220;Zeichnung Schalld\u00e4mmende L\u00fcftungsgitter W445\/86 &#8220; open=&#8220;on&#8220; _builder_version=&#8220;4.21.0&#8243; _module_preset=&#8220;default&#8220; global_colors_info=&#8220;{}&#8220;]<p><img decoding=\"async\" src=\"https:\/\/www.lueftungsgitter.net\/images\/leuftungsgitter_schallschutz_445_pic.jpg\" \/><\/p>[\/et_pb_accordion_item][et_pb_accordion_item title=&#8220;Technische Daten L\u00fcftungsgitter W445\/86&#8243; _builder_version=&#8220;4.21.0&#8243; _module_preset=&#8220;default&#8220; global_colors_info=&#8220;{}&#8220; open=&#8220;off&#8220;]<h2><span style=\"color: #99ccff\">Technische Daten<\/span><\/h2>\n<div class=\"table-responsive sqrlbgroup\">\n<table width=\"100%\" class=\"table\">\n<tbody>\n<tr>\n<td class=\"info text-left\"><strong>Luftdurchlass<\/strong><\/td>\n<td class=\"info text-left\"><strong>(EN 13030)<\/strong><\/td>\n<\/tr>\n<tr>\n<td class=\"cell text-left\">K-Faktor (Zufuhr)<\/td>\n<td class=\"cell text-left\">9,32<\/td>\n<\/tr>\n<tr>\n<td class=\"cell text-left\">K-Faktor (Abfuhr<\/td>\n<td class=\"cell text-left\">13,29<\/td>\n<\/tr>\n<tr>\n<td class=\"cell text-left\">Ce-Koeffizient<\/td>\n<td class=\"cell text-left\">0,329<\/td>\n<\/tr>\n<tr>\n<td class=\"cell text-left\">Cd-Koeffizient<\/td>\n<td class=\"cell text-left\">0,274<\/td>\n<\/tr>\n<tr>\n<td class=\"cell text-left\">\u00a0<\/td>\n<td class=\"cell text-left\">\u00a0<\/td>\n<\/tr>\n<tr>\n<td class=\"cell text-left\">Optischer freier Querschnitt<\/td>\n<td class=\"cell text-left\">77%<\/td>\n<\/tr>\n<tr>\n<td class=\"cell text-left\">Physischer freier Querschnitt<\/td>\n<td class=\"cell text-left\">34%<\/td>\n<\/tr>\n<tr>\n<td class=\"cell text-left\">\u00a0<\/td>\n<td class=\"cell text-left\">\u00a0<\/td>\n<\/tr>\n<\/tbody>\n<\/table>\n<\/div>\n<div class=\"table-responsive sqrlbgroup\">\n<table width=\"100%\" class=\"table\">\n<tbody>\n<tr>\n<td class=\"info text-left\">Komfort<\/td>\n<td class=\"info text-left\">(EN ISO 140-10, EN ISO 717-1)<\/td>\n<\/tr>\n<tr>\n<td class=\"cell text-left\">Schalld\u00e4mmung in ge\u00f6ffneter Position Rw (C;Ctr)<\/td>\n<td class=\"cell text-left\">6 (-1;-2) dB<\/td>\n<\/tr>\n<tr>\n<td class=\"cell text-left\">\u00a0<\/td>\n<td class=\"cell text-left\">\u00a0<\/td>\n<\/tr>\n<\/tbody>\n<\/table>\n<\/div>\n<div class=\"table-responsive sqrlbgroup\">\n<table width=\"100%\" class=\"table\">\n<tbody>\n<tr>\n<td class=\"info text-left\">Schalld\u00e4mmung in dB pro Frequenz<\/td>\n<td class=\"info text-left\">W445\/86<\/td>\n<\/tr>\n<tr>\n<td class=\"cell text-left\"><strong>f in Hz<\/strong><\/td>\n<td class=\"cell text-left\"><strong>R in dB<\/strong><\/td>\n<\/tr>\n<tr>\n<td class=\"cell text-left\">63<\/td>\n<td class=\"cell text-left\">10,4<\/td>\n<\/tr>\n<tr>\n<td class=\"cell text-left\">125<\/td>\n<td class=\"cell text-left\">5,8<\/td>\n<\/tr>\n<tr>\n<td class=\"cell text-left\">250<\/td>\n<td class=\"cell text-left\">1,5<\/td>\n<\/tr>\n<tr>\n<td class=\"cell text-left\">500<\/td>\n<td class=\"cell text-left\">1,6<\/td>\n<\/tr>\n<tr>\n<td class=\"cell text-left\">1000<\/td>\n<td class=\"cell text-left\">4,5<\/td>\n<\/tr>\n<tr>\n<td class=\"cell text-left\">2000<\/td>\n<td class=\"cell text-left\">9,9<\/td>\n<\/tr>\n<tr>\n<td class=\"cell text-left\">4000<\/td>\n<td class=\"cell text-left\">10,8<\/td>\n<\/tr>\n<\/tbody>\n<\/table>\n<\/div>[\/et_pb_accordion_item][\/et_pb_accordion][\/et_pb_column][\/et_pb_row][et_pb_row _builder_version=&#8220;4.21.0&#8243; _module_preset=&#8220;default&#8220; global_colors_info=&#8220;{}&#8220;][et_pb_column type=&#8220;4_4&#8243; _builder_version=&#8220;4.21.0&#8243; _module_preset=&#8220;default&#8220; global_colors_info=&#8220;{}&#8220;][et_pb_text _builder_version=&#8220;4.21.0&#8243; _module_preset=&#8220;default&#8220; global_colors_info=&#8220;{}&#8220;]<p><span style=\"color: #99ccff\"><a target=\"_blank\" href=\"https:\/\/www.lueftungsgitter.net\/printable\/lueftungsgitter\/schallschutz\/schalldaemmung\/lueftungsgitter-w445-86.php\" rel=\"noopener\" style=\"color: #99ccff\">Druckbare Version<\/a><\/span><\/p>[\/et_pb_text][\/et_pb_column][\/et_pb_row][\/et_pb_section]\n","protected":false},"excerpt":{"rendered":"<p>Schalld\u00e4mmende L\u00fcftungsgitter W445\/86 Schalld\u00e4mmende L\u00fcftungsgitter Download PDF Katalog L\u00fcftungsgitter W445\/86 [243 KB]\u00a0Material Hergestellt aus Aluminiumprofilen: AlMgSi 0,5 (gem\u00e4\u00df EN 12020-2)Insektenschutz aus Edelstahl 304 (Maschenteilung auf Anfrage)Silberfarbig (E6\/EV1) &#8211; bronzefarbig (E6\/C34) (20 Mikron) eloxiert oder pulverbeschichtet nach RAL-Farbt\u00f6nen (60-80 Mikron)100 % korrosionsbest\u00e4ndigMa\u00dfe Lamellenabstand: 60 mmMa\u00dfe: Einbautiefe: 81,5 mm\u00dcberfalzma\u00df: 50 mmH\u00f6he in Schritten von 60 mm (Abstand [&hellip;]<\/p>\n","protected":false},"author":3,"featured_media":0,"parent":312,"menu_order":0,"comment_status":"closed","ping_status":"closed","template":"","meta":{"_et_pb_use_builder":"on","_et_pb_old_content":"","_et_gb_content_width":"","footnotes":""},"class_list":["post-318","page","type-page","status-publish","hentry"],"yoast_head":"<!-- This site is optimized with the Yoast SEO Premium plugin v26.8 (Yoast SEO v27.3) - https:\/\/yoast.com\/product\/yoast-seo-premium-wordpress\/ -->\n<title>Schalld\u00e4mmendes L\u00fcftungsgitter W445\/86 - lueftungsgitter.com<\/title>\n<meta name=\"robots\" content=\"index, follow, max-snippet:-1, max-image-preview:large, max-video-preview:-1\" \/>\n<link rel=\"canonical\" href=\"https:\/\/www.riffelblech.berlin\/lueftungsgitter\/schalldaemmende-lueftungsgitter\/schalldaemmendes-lueftungsgitter-w445-86\/\" \/>\n<meta property=\"og:locale\" content=\"de_DE\" \/>\n<meta property=\"og:type\" content=\"article\" \/>\n<meta property=\"og:title\" content=\"Schalld\u00e4mmendes L\u00fcftungsgitter W445\/86\" \/>\n<meta property=\"og:description\" content=\"Schalld\u00e4mmende L\u00fcftungsgitter W445\/86 Schalld\u00e4mmende L\u00fcftungsgitter Download PDF Katalog L\u00fcftungsgitter W445\/86 [243 KB]\u00a0Material Hergestellt aus Aluminiumprofilen: AlMgSi 0,5 (gem\u00e4\u00df EN 12020-2)Insektenschutz aus Edelstahl 304 (Maschenteilung auf Anfrage)Silberfarbig (E6\/EV1) - bronzefarbig (E6\/C34) (20 Mikron) eloxiert oder pulverbeschichtet nach RAL-Farbt\u00f6nen (60-80 Mikron)100 % korrosionsbest\u00e4ndigMa\u00dfe Lamellenabstand: 60 mmMa\u00dfe: Einbautiefe: 81,5 mm\u00dcberfalzma\u00df: 50 mmH\u00f6he in Schritten von 60 mm (Abstand [&hellip;]\" \/>\n<meta property=\"og:url\" content=\"https:\/\/www.riffelblech.berlin\/lueftungsgitter\/schalldaemmende-lueftungsgitter\/schalldaemmendes-lueftungsgitter-w445-86\/\" \/>\n<meta property=\"og:site_name\" content=\"lueftungsgitter.com\" \/>\n<meta property=\"article:modified_time\" content=\"2023-05-17T06:41:08+00:00\" \/>\n<meta property=\"og:image\" content=\"https:\/\/www.lueftungsgitter.net\/images\/leuftungsgitter_schallschutz_445_pic.jpg\" \/>\n<meta name=\"twitter:card\" content=\"summary_large_image\" \/>\n<meta name=\"twitter:label1\" content=\"Gesch\u00e4tzte Lesezeit\" \/>\n\t<meta name=\"twitter:data1\" content=\"3\u00a0Minuten\" \/>\n<script type=\"application\/ld+json\" class=\"yoast-schema-graph\">{\"@context\":\"https:\\\/\\\/schema.org\",\"@graph\":[{\"@type\":\"WebPage\",\"@id\":\"https:\\\/\\\/www.riffelblech.berlin\\\/lueftungsgitter\\\/schalldaemmende-lueftungsgitter\\\/schalldaemmendes-lueftungsgitter-w445-86\\\/\",\"url\":\"https:\\\/\\\/www.riffelblech.berlin\\\/lueftungsgitter\\\/schalldaemmende-lueftungsgitter\\\/schalldaemmendes-lueftungsgitter-w445-86\\\/\",\"name\":\"Schalld\u00e4mmendes L\u00fcftungsgitter W445\\\/86 - lueftungsgitter.com\",\"isPartOf\":{\"@id\":\"https:\\\/\\\/www.riffelblech.berlin\\\/lueftungsgitter\\\/#website\"},\"primaryImageOfPage\":{\"@id\":\"https:\\\/\\\/www.riffelblech.berlin\\\/lueftungsgitter\\\/schalldaemmende-lueftungsgitter\\\/schalldaemmendes-lueftungsgitter-w445-86\\\/#primaryimage\"},\"image\":{\"@id\":\"https:\\\/\\\/www.riffelblech.berlin\\\/lueftungsgitter\\\/schalldaemmende-lueftungsgitter\\\/schalldaemmendes-lueftungsgitter-w445-86\\\/#primaryimage\"},\"thumbnailUrl\":\"https:\\\/\\\/www.lueftungsgitter.net\\\/images\\\/leuftungsgitter_schallschutz_445_pic.jpg\",\"datePublished\":\"2023-05-16T10:50:30+00:00\",\"dateModified\":\"2023-05-17T06:41:08+00:00\",\"breadcrumb\":{\"@id\":\"https:\\\/\\\/www.riffelblech.berlin\\\/lueftungsgitter\\\/schalldaemmende-lueftungsgitter\\\/schalldaemmendes-lueftungsgitter-w445-86\\\/#breadcrumb\"},\"inLanguage\":\"de\",\"potentialAction\":[{\"@type\":\"ReadAction\",\"target\":[\"https:\\\/\\\/www.riffelblech.berlin\\\/lueftungsgitter\\\/schalldaemmende-lueftungsgitter\\\/schalldaemmendes-lueftungsgitter-w445-86\\\/\"]}]},{\"@type\":\"ImageObject\",\"inLanguage\":\"de\",\"@id\":\"https:\\\/\\\/www.riffelblech.berlin\\\/lueftungsgitter\\\/schalldaemmende-lueftungsgitter\\\/schalldaemmendes-lueftungsgitter-w445-86\\\/#primaryimage\",\"url\":\"https:\\\/\\\/www.lueftungsgitter.net\\\/images\\\/leuftungsgitter_schallschutz_445_pic.jpg\",\"contentUrl\":\"https:\\\/\\\/www.lueftungsgitter.net\\\/images\\\/leuftungsgitter_schallschutz_445_pic.jpg\"},{\"@type\":\"BreadcrumbList\",\"@id\":\"https:\\\/\\\/www.riffelblech.berlin\\\/lueftungsgitter\\\/schalldaemmende-lueftungsgitter\\\/schalldaemmendes-lueftungsgitter-w445-86\\\/#breadcrumb\",\"itemListElement\":[{\"@type\":\"ListItem\",\"position\":1,\"name\":\"Startseite\",\"item\":\"https:\\\/\\\/www.riffelblech.berlin\\\/lueftungsgitter\\\/\"},{\"@type\":\"ListItem\",\"position\":2,\"name\":\"Schalld\u00e4mmende L\u00fcftungsgitter\",\"item\":\"https:\\\/\\\/www.riffelblech.berlin\\\/lueftungsgitter\\\/en\\\/schalldaemmende-lueftungsgitter\\\/\"},{\"@type\":\"ListItem\",\"position\":3,\"name\":\"Schalld\u00e4mmendes L\u00fcftungsgitter W445\\\/86\"}]},{\"@type\":\"WebSite\",\"@id\":\"https:\\\/\\\/www.riffelblech.berlin\\\/lueftungsgitter\\\/#website\",\"url\":\"https:\\\/\\\/www.riffelblech.berlin\\\/lueftungsgitter\\\/\",\"name\":\"lueftungsgitter.com\",\"description\":\"\",\"potentialAction\":[{\"@type\":\"SearchAction\",\"target\":{\"@type\":\"EntryPoint\",\"urlTemplate\":\"https:\\\/\\\/www.riffelblech.berlin\\\/lueftungsgitter\\\/?s={search_term_string}\"},\"query-input\":{\"@type\":\"PropertyValueSpecification\",\"valueRequired\":true,\"valueName\":\"search_term_string\"}}],\"inLanguage\":\"de\"}]}<\/script>\n<!-- \/ Yoast SEO Premium plugin. -->","yoast_head_json":{"title":"Schalld\u00e4mmendes L\u00fcftungsgitter W445\/86 - lueftungsgitter.com","robots":{"index":"index","follow":"follow","max-snippet":"max-snippet:-1","max-image-preview":"max-image-preview:large","max-video-preview":"max-video-preview:-1"},"canonical":"https:\/\/www.riffelblech.berlin\/lueftungsgitter\/schalldaemmende-lueftungsgitter\/schalldaemmendes-lueftungsgitter-w445-86\/","og_locale":"de_DE","og_type":"article","og_title":"Schalld\u00e4mmendes L\u00fcftungsgitter W445\/86","og_description":"Schalld\u00e4mmende L\u00fcftungsgitter W445\/86 Schalld\u00e4mmende L\u00fcftungsgitter Download PDF Katalog L\u00fcftungsgitter W445\/86 [243 KB]\u00a0Material Hergestellt aus Aluminiumprofilen: AlMgSi 0,5 (gem\u00e4\u00df EN 12020-2)Insektenschutz aus Edelstahl 304 (Maschenteilung auf Anfrage)Silberfarbig (E6\/EV1) - bronzefarbig (E6\/C34) (20 Mikron) eloxiert oder pulverbeschichtet nach RAL-Farbt\u00f6nen (60-80 Mikron)100 % korrosionsbest\u00e4ndigMa\u00dfe Lamellenabstand: 60 mmMa\u00dfe: Einbautiefe: 81,5 mm\u00dcberfalzma\u00df: 50 mmH\u00f6he in Schritten von 60 mm (Abstand [&hellip;]","og_url":"https:\/\/www.riffelblech.berlin\/lueftungsgitter\/schalldaemmende-lueftungsgitter\/schalldaemmendes-lueftungsgitter-w445-86\/","og_site_name":"lueftungsgitter.com","article_modified_time":"2023-05-17T06:41:08+00:00","og_image":[{"url":"https:\/\/www.lueftungsgitter.net\/images\/leuftungsgitter_schallschutz_445_pic.jpg","type":"","width":"","height":""}],"twitter_card":"summary_large_image","twitter_misc":{"Gesch\u00e4tzte Lesezeit":"3\u00a0Minuten"},"schema":{"@context":"https:\/\/schema.org","@graph":[{"@type":"WebPage","@id":"https:\/\/www.riffelblech.berlin\/lueftungsgitter\/schalldaemmende-lueftungsgitter\/schalldaemmendes-lueftungsgitter-w445-86\/","url":"https:\/\/www.riffelblech.berlin\/lueftungsgitter\/schalldaemmende-lueftungsgitter\/schalldaemmendes-lueftungsgitter-w445-86\/","name":"Schalld\u00e4mmendes L\u00fcftungsgitter W445\/86 - lueftungsgitter.com","isPartOf":{"@id":"https:\/\/www.riffelblech.berlin\/lueftungsgitter\/#website"},"primaryImageOfPage":{"@id":"https:\/\/www.riffelblech.berlin\/lueftungsgitter\/schalldaemmende-lueftungsgitter\/schalldaemmendes-lueftungsgitter-w445-86\/#primaryimage"},"image":{"@id":"https:\/\/www.riffelblech.berlin\/lueftungsgitter\/schalldaemmende-lueftungsgitter\/schalldaemmendes-lueftungsgitter-w445-86\/#primaryimage"},"thumbnailUrl":"https:\/\/www.lueftungsgitter.net\/images\/leuftungsgitter_schallschutz_445_pic.jpg","datePublished":"2023-05-16T10:50:30+00:00","dateModified":"2023-05-17T06:41:08+00:00","breadcrumb":{"@id":"https:\/\/www.riffelblech.berlin\/lueftungsgitter\/schalldaemmende-lueftungsgitter\/schalldaemmendes-lueftungsgitter-w445-86\/#breadcrumb"},"inLanguage":"de","potentialAction":[{"@type":"ReadAction","target":["https:\/\/www.riffelblech.berlin\/lueftungsgitter\/schalldaemmende-lueftungsgitter\/schalldaemmendes-lueftungsgitter-w445-86\/"]}]},{"@type":"ImageObject","inLanguage":"de","@id":"https:\/\/www.riffelblech.berlin\/lueftungsgitter\/schalldaemmende-lueftungsgitter\/schalldaemmendes-lueftungsgitter-w445-86\/#primaryimage","url":"https:\/\/www.lueftungsgitter.net\/images\/leuftungsgitter_schallschutz_445_pic.jpg","contentUrl":"https:\/\/www.lueftungsgitter.net\/images\/leuftungsgitter_schallschutz_445_pic.jpg"},{"@type":"BreadcrumbList","@id":"https:\/\/www.riffelblech.berlin\/lueftungsgitter\/schalldaemmende-lueftungsgitter\/schalldaemmendes-lueftungsgitter-w445-86\/#breadcrumb","itemListElement":[{"@type":"ListItem","position":1,"name":"Startseite","item":"https:\/\/www.riffelblech.berlin\/lueftungsgitter\/"},{"@type":"ListItem","position":2,"name":"Schalld\u00e4mmende L\u00fcftungsgitter","item":"https:\/\/www.riffelblech.berlin\/lueftungsgitter\/en\/schalldaemmende-lueftungsgitter\/"},{"@type":"ListItem","position":3,"name":"Schalld\u00e4mmendes L\u00fcftungsgitter W445\/86"}]},{"@type":"WebSite","@id":"https:\/\/www.riffelblech.berlin\/lueftungsgitter\/#website","url":"https:\/\/www.riffelblech.berlin\/lueftungsgitter\/","name":"lueftungsgitter.com","description":"","potentialAction":[{"@type":"SearchAction","target":{"@type":"EntryPoint","urlTemplate":"https:\/\/www.riffelblech.berlin\/lueftungsgitter\/?s={search_term_string}"},"query-input":{"@type":"PropertyValueSpecification","valueRequired":true,"valueName":"search_term_string"}}],"inLanguage":"de"}]}},"_links":{"self":[{"href":"https:\/\/www.riffelblech.berlin\/lueftungsgitter\/wp-json\/wp\/v2\/pages\/318","targetHints":{"allow":["GET"]}}],"collection":[{"href":"https:\/\/www.riffelblech.berlin\/lueftungsgitter\/wp-json\/wp\/v2\/pages"}],"about":[{"href":"https:\/\/www.riffelblech.berlin\/lueftungsgitter\/wp-json\/wp\/v2\/types\/page"}],"author":[{"embeddable":true,"href":"https:\/\/www.riffelblech.berlin\/lueftungsgitter\/wp-json\/wp\/v2\/users\/3"}],"replies":[{"embeddable":true,"href":"https:\/\/www.riffelblech.berlin\/lueftungsgitter\/wp-json\/wp\/v2\/comments?post=318"}],"version-history":[{"count":4,"href":"https:\/\/www.riffelblech.berlin\/lueftungsgitter\/wp-json\/wp\/v2\/pages\/318\/revisions"}],"predecessor-version":[{"id":356,"href":"https:\/\/www.riffelblech.berlin\/lueftungsgitter\/wp-json\/wp\/v2\/pages\/318\/revisions\/356"}],"up":[{"embeddable":true,"href":"https:\/\/www.riffelblech.berlin\/lueftungsgitter\/wp-json\/wp\/v2\/pages\/312"}],"wp:attachment":[{"href":"https:\/\/www.riffelblech.berlin\/lueftungsgitter\/wp-json\/wp\/v2\/media?parent=318"}],"curies":[{"name":"wp","href":"https:\/\/api.w.org\/{rel}","templated":true}]}}