{"id":96,"date":"2023-05-15T10:02:18","date_gmt":"2023-05-15T08:02:18","guid":{"rendered":"https:\/\/www.riffelblech.berlin\/lueftungsgitter\/?page_id=96"},"modified":"2023-05-16T09:03:50","modified_gmt":"2023-05-16T07:03:50","slug":"aluminium-lueftungsgitter-w481","status":"publish","type":"page","link":"https:\/\/www.riffelblech.berlin\/lueftungsgitter\/lueftungsgitter-wandeinbau\/aluminium-lueftungsgitter-w481\/","title":{"rendered":"Aluminium L\u00fcftungsgitter W481"},"content":{"rendered":"\n[et_pb_section fb_built=&#8220;1&#8243; _builder_version=&#8220;4.21.0&#8243; _module_preset=&#8220;default&#8220; global_colors_info=&#8220;{}&#8220;][et_pb_row _builder_version=&#8220;4.21.0&#8243; _module_preset=&#8220;default&#8220; global_colors_info=&#8220;{}&#8220;][et_pb_column type=&#8220;4_4&#8243; _builder_version=&#8220;4.21.0&#8243; _module_preset=&#8220;default&#8220; global_colors_info=&#8220;{}&#8220;][et_pb_text _builder_version=&#8220;4.21.0&#8243; _module_preset=&#8220;default&#8220; global_colors_info=&#8220;{}&#8220;]<h2><span style=\"color: #99ccff\">L\u00fcftungsgitter, mittelschwere Ausf\u00fchrung,<\/span><\/h2>\n<p class=\"\">\n<p class=\"\">Lamellenabstand 50, optisch freier Querschnitt 70%, physisch freier Querschnitt 60%<br \/><i><br \/><\/i><a title=\"rotec Aluminium L\u00fcftungsgitter W81\" href=\"https:\/\/www.lueftungsgitter.net\/downloads\/rotec-lueftungsgitter-w481.pdf\"><span style=\"color: #99ccff\">Download .PDF L\u00fcftungsgitter W481 [164 KB]\u00a0<\/span><i class=\"fa fa-download\"><\/i><\/a><\/p>[\/et_pb_text][\/et_pb_column][\/et_pb_row][et_pb_row column_structure=&#8220;1_2,1_2&#8243; _builder_version=&#8220;4.21.0&#8243; _module_preset=&#8220;default&#8220; global_colors_info=&#8220;{}&#8220;][et_pb_column type=&#8220;1_2&#8243; _builder_version=&#8220;4.21.0&#8243; _module_preset=&#8220;default&#8220; global_colors_info=&#8220;{}&#8220;][et_pb_image src=&#8220;https:\/\/www.lueftungsgitter.net\/images\/alu-lueftungsgitter-w481tbl50.jpg&#8220; _builder_version=&#8220;4.21.0&#8243; _module_preset=&#8220;default&#8220; global_colors_info=&#8220;{}&#8220;][\/et_pb_image][et_pb_text _builder_version=&#8220;4.21.0&#8243; _module_preset=&#8220;default&#8220; global_colors_info=&#8220;{}&#8220;]<p><span>Aluminium L\u00fcftungsgitter w481, Vorderansicht<\/span><\/p>[\/et_pb_text][\/et_pb_column][et_pb_column type=&#8220;1_2&#8243; _builder_version=&#8220;4.21.0&#8243; _module_preset=&#8220;default&#8220; global_colors_info=&#8220;{}&#8220;][et_pb_image src=&#8220;https:\/\/www.lueftungsgitter.net\/images\/aluminium-lueftungsgitter-w481tbl50.jpg&#8220; _builder_version=&#8220;4.21.0&#8243; _module_preset=&#8220;default&#8220; global_colors_info=&#8220;{}&#8220;][\/et_pb_image][et_pb_text _builder_version=&#8220;4.21.0&#8243; _module_preset=&#8220;default&#8220; global_colors_info=&#8220;{}&#8220;]<p><span>L\u00fcftungsgittrer W481 mit Fliegengaze<\/span><\/p>[\/et_pb_text][\/et_pb_column][\/et_pb_row][et_pb_row _builder_version=&#8220;4.21.0&#8243; _module_preset=&#8220;default&#8220; global_colors_info=&#8220;{}&#8220;][et_pb_column type=&#8220;4_4&#8243; _builder_version=&#8220;4.21.0&#8243; _module_preset=&#8220;default&#8220; global_colors_info=&#8220;{}&#8220;][et_pb_text _builder_version=&#8220;4.21.0&#8243; _module_preset=&#8220;default&#8220; global_colors_info=&#8220;{}&#8220;]<h2><span style=\"color: #99ccff\">Material<\/span><\/h2>\n<p class=\"\">L\u00fcftungsgitter hergestellt aus Aluminiumprofilen: AlMgSi 0,5 (gem\u00e4\u00df EN 12020-2)<br \/>Insektenschutz aus Edelstahl 304 &#8211; 2,3 x 2,3 mm (6 x 6 mm Maschenteilung auf Anfrage)<br \/>Silberfarbig (E6\/EV1) &#8211; bronzefarbig (E6\/C34) (20 Mikron) eloxiert oder pulverbeschichtet nach RAL-Farbt\u00f6nen (60-80 Mikron)<\/p>\n<h2><a id=\"748547a50e0969e06\" class=\"anchor\" href=\"https:\/\/www.lueftungsgitter.net\/lueftungsgitter\/luftttechnik\/alu\/lueftungsgitter-w481.php#748547a50e0969e06\"><\/a><span style=\"color: #99ccff\">Ma\u00dfe<\/span><\/h2>\n<p class=\"\">Lamellenabstand: 50 mm<br \/>Einbautiefe: 46 mm<br \/>\u00dcberfalzma\u00df: 40 mm<br \/>Mindestma\u00dfe: 150 x 150 mm<br \/>Bitte bei Bestellung der L\u00fcftungsgitter angeben: Einbauma\u00df (Breite x H\u00f6he)<\/p>\n<h2><a id=\"748547a50e0982107\" class=\"anchor\" href=\"https:\/\/www.lueftungsgitter.net\/lueftungsgitter\/luftttechnik\/alu\/lueftungsgitter-w481.php#748547a50e0982107\"><\/a><span style=\"color: #99ccff\">Befestigung der L\u00fcftungsgitter<\/span><\/h2>\n<p class=\"\">Maueranker Nr. 1428<br \/>F\u00fcr L\u00fcftungsgitter ab ungef\u00e4hr 3 m\u00b2 ist eine bauseitige Unterkonstruktion notwendig, passend zu Spannweite und Windlast<\/p>\n<h2><a id=\"748547a50e0988508\" class=\"anchor\" href=\"https:\/\/www.lueftungsgitter.net\/lueftungsgitter\/luftttechnik\/alu\/lueftungsgitter-w481.php#748547a50e0988508\"><\/a><span style=\"color: #99ccff\">Optionen<\/span><\/h2>\n<p class=\"\">Wasserabflu\u00dfrinne<br \/>Wasserschenkel<br \/>Abnehmbarer Insektenschutz<br \/>Filter<br \/>Ohne Anschlagrahmen<br \/>L\u00fcftungsgitter f\u00fcr Rahmeneinbau 484<\/p>[\/et_pb_text][\/et_pb_column][\/et_pb_row][et_pb_row _builder_version=&#8220;4.21.0&#8243; _module_preset=&#8220;default&#8220; global_colors_info=&#8220;{}&#8220;][et_pb_column type=&#8220;4_4&#8243; _builder_version=&#8220;4.21.0&#8243; _module_preset=&#8220;default&#8220; global_colors_info=&#8220;{}&#8220;][et_pb_accordion _builder_version=&#8220;4.21.0&#8243; _module_preset=&#8220;default&#8220; global_colors_info=&#8220;{}&#8220;][et_pb_accordion_item title=&#8220;L\u00fcftungsgitter Schnittzeichnung &#8220; open=&#8220;on&#8220; _builder_version=&#8220;4.21.0&#8243; _module_preset=&#8220;default&#8220; global_colors_info=&#8220;{}&#8220;]<h2><span style=\"color: #99ccff\">L\u00fcftungsgitter Schnittzeichnung<\/span><\/h2>\n<p><img decoding=\"async\" src=\"https:\/\/www.lueftungsgitter.net\/images\/lueftungsgitter-w481_pic.jpg\" \/><\/p>[\/et_pb_accordion_item][et_pb_accordion_item title=&#8220;Technische Daten L\u00fcftungsgitter W481&#8243; _builder_version=&#8220;4.21.0&#8243; _module_preset=&#8220;default&#8220; global_colors_info=&#8220;{}&#8220; open=&#8220;off&#8220;]<table width=\"100%\" class=\"table\">\n<tbody>\n<tr>\n<td class=\"info text-left\"><span style=\"color: #99ccff\">Luftdurchlass<\/span><\/td>\n<td class=\"info text-left\"><span style=\"color: #99ccff\">EN 13030<\/span><\/td>\n<\/tr>\n<tr>\n<td class=\"cell text-left\">K-Faktor (Zufuhr)<\/td>\n<td class=\"cell text-left\">9,41<\/td>\n<\/tr>\n<tr>\n<td class=\"cell text-left\">K-Faktor (Abfuhr<\/td>\n<td class=\"cell text-left\">9,47<\/td>\n<\/tr>\n<tr>\n<td class=\"cell text-left\">Ce-Koeffizient<\/td>\n<td class=\"cell text-left\">0,326<\/td>\n<\/tr>\n<tr>\n<td class=\"cell text-left\">Cd-Koeffizient<\/td>\n<td class=\"cell text-left\">0,325<\/td>\n<\/tr>\n<tr>\n<td class=\"cell text-left\">Optischer freier Querschnitt<\/td>\n<td class=\"cell text-left\">70%<\/td>\n<\/tr>\n<tr>\n<td class=\"cell text-left\">Physischer freier Querschnitt<\/td>\n<td class=\"cell text-left\">60%<\/td>\n<\/tr>\n<tr>\n<td class=\"cell text-left\">IP-Klasse (L\u00fcftungsgitter mit Insektenschutz; elektrische Installation mindestens 105mm von L\u00fcftungsgitter)<\/td>\n<td class=\"cell text-left\">IP2XD<\/td>\n<\/tr>\n<\/tbody>\n<\/table>[\/et_pb_accordion_item][et_pb_accordion_item title=&#8220;Ausschreibungstext W481&#8243; _builder_version=&#8220;4.21.0&#8243; _module_preset=&#8220;default&#8220; global_colors_info=&#8220;{}&#8220; open=&#8220;off&#8220;]<p><span>L\u00fcftungsgitter mit waagrechten feststehenden stranggepressten ALU-Wetterschutzlamellen (AL Mg Si 0,5),<\/span><br \/><span>Lamellenabstand 50mm, mit L-f\u00f6rmigen Rahmen f\u00fcr Mauereinbau,<\/span><br \/><span>naturfarbig eloxiert \/ in RAL \u2026. beschichtet, mit r\u00fcckseitigem<\/span><br \/><span>Edelstahl-Insektenschutzgitter 2,3&#215;2,3mm Maschung, Physischer freier Querschnitt 60 %.<\/span><br \/><span>Rohbau\u00f6ffnung : \u2026 x \u2026mm<\/span><\/p>\n<p><span>Fabrikat: rotec L\u00fcftungsgitter Berlin<\/span><br \/><span>Modell:\u00a0<\/span><strong>W481 f\u00fcr Wandeinbau<\/strong><b><br \/><\/b><span>Artikel-Nr.: W481<\/span><\/p>[\/et_pb_accordion_item][\/et_pb_accordion][\/et_pb_column][\/et_pb_row][et_pb_row _builder_version=&#8220;4.21.0&#8243; _module_preset=&#8220;default&#8220; global_colors_info=&#8220;{}&#8220;][et_pb_column type=&#8220;4_4&#8243; _builder_version=&#8220;4.21.0&#8243; _module_preset=&#8220;default&#8220; global_colors_info=&#8220;{}&#8220;][et_pb_text _builder_version=&#8220;4.21.0&#8243; _module_preset=&#8220;default&#8220; global_colors_info=&#8220;{}&#8220;]<p><span style=\"color: #99ccff\"><a target=\"_blank\" href=\"https:\/\/www.lueftungsgitter.net\/printable\/lueftungsgitter\/luftttechnik\/alu\/lueftungsgitter-w481.php\" rel=\"noopener\" style=\"color: #99ccff\">Druckbare Version<\/a><\/span><\/p>[\/et_pb_text][\/et_pb_column][\/et_pb_row][\/et_pb_section]\n","protected":false},"excerpt":{"rendered":"<p>L\u00fcftungsgitter, mittelschwere Ausf\u00fchrung, Lamellenabstand 50, optisch freier Querschnitt 70%, physisch freier Querschnitt 60%Download .PDF L\u00fcftungsgitter W481 [164 KB]\u00a0Aluminium L\u00fcftungsgitter w481, VorderansichtL\u00fcftungsgittrer W481 mit FliegengazeMaterial L\u00fcftungsgitter hergestellt aus Aluminiumprofilen: AlMgSi 0,5 (gem\u00e4\u00df EN 12020-2)Insektenschutz aus Edelstahl 304 &#8211; 2,3 x 2,3 mm (6 x 6 mm Maschenteilung auf Anfrage)Silberfarbig (E6\/EV1) &#8211; bronzefarbig (E6\/C34) (20 Mikron) eloxiert [&hellip;]<\/p>\n","protected":false},"author":3,"featured_media":0,"parent":195,"menu_order":0,"comment_status":"closed","ping_status":"closed","template":"","meta":{"_et_pb_use_builder":"on","_et_pb_old_content":"","_et_gb_content_width":"","footnotes":""},"class_list":["post-96","page","type-page","status-publish","hentry"],"yoast_head":"<!-- This site is optimized with the Yoast SEO Premium plugin v26.8 (Yoast SEO v27.3) - https:\/\/yoast.com\/product\/yoast-seo-premium-wordpress\/ -->\n<title>Aluminium L\u00fcftungsgitter W481 - lueftungsgitter.com<\/title>\n<meta name=\"robots\" content=\"index, follow, max-snippet:-1, max-image-preview:large, max-video-preview:-1\" \/>\n<link rel=\"canonical\" href=\"https:\/\/www.riffelblech.berlin\/lueftungsgitter\/lueftungsgitter-wandeinbau\/aluminium-lueftungsgitter-w481\/\" \/>\n<meta property=\"og:locale\" content=\"de_DE\" \/>\n<meta property=\"og:type\" content=\"article\" \/>\n<meta property=\"og:title\" content=\"Aluminium L\u00fcftungsgitter W481\" \/>\n<meta property=\"og:description\" content=\"L\u00fcftungsgitter, mittelschwere Ausf\u00fchrung, Lamellenabstand 50, optisch freier Querschnitt 70%, physisch freier Querschnitt 60%Download .PDF L\u00fcftungsgitter W481 [164 KB]\u00a0Aluminium L\u00fcftungsgitter w481, VorderansichtL\u00fcftungsgittrer W481 mit FliegengazeMaterial L\u00fcftungsgitter hergestellt aus Aluminiumprofilen: AlMgSi 0,5 (gem\u00e4\u00df EN 12020-2)Insektenschutz aus Edelstahl 304 - 2,3 x 2,3 mm (6 x 6 mm Maschenteilung auf Anfrage)Silberfarbig (E6\/EV1) - bronzefarbig (E6\/C34) (20 Mikron) eloxiert [&hellip;]\" \/>\n<meta property=\"og:url\" content=\"https:\/\/www.riffelblech.berlin\/lueftungsgitter\/lueftungsgitter-wandeinbau\/aluminium-lueftungsgitter-w481\/\" \/>\n<meta property=\"og:site_name\" content=\"lueftungsgitter.com\" \/>\n<meta property=\"article:modified_time\" content=\"2023-05-16T07:03:50+00:00\" \/>\n<meta property=\"og:image\" content=\"https:\/\/www.lueftungsgitter.net\/images\/lueftungsgitter-w481_pic.jpg\" \/>\n<meta name=\"twitter:card\" content=\"summary_large_image\" \/>\n<meta name=\"twitter:label1\" content=\"Gesch\u00e4tzte Lesezeit\" \/>\n\t<meta name=\"twitter:data1\" content=\"3\u00a0Minuten\" \/>\n<script type=\"application\/ld+json\" class=\"yoast-schema-graph\">{\"@context\":\"https:\\\/\\\/schema.org\",\"@graph\":[{\"@type\":\"WebPage\",\"@id\":\"https:\\\/\\\/www.riffelblech.berlin\\\/lueftungsgitter\\\/lueftungsgitter-wandeinbau\\\/aluminium-lueftungsgitter-w481\\\/\",\"url\":\"https:\\\/\\\/www.riffelblech.berlin\\\/lueftungsgitter\\\/lueftungsgitter-wandeinbau\\\/aluminium-lueftungsgitter-w481\\\/\",\"name\":\"Aluminium L\u00fcftungsgitter W481 - lueftungsgitter.com\",\"isPartOf\":{\"@id\":\"https:\\\/\\\/www.riffelblech.berlin\\\/lueftungsgitter\\\/#website\"},\"primaryImageOfPage\":{\"@id\":\"https:\\\/\\\/www.riffelblech.berlin\\\/lueftungsgitter\\\/lueftungsgitter-wandeinbau\\\/aluminium-lueftungsgitter-w481\\\/#primaryimage\"},\"image\":{\"@id\":\"https:\\\/\\\/www.riffelblech.berlin\\\/lueftungsgitter\\\/lueftungsgitter-wandeinbau\\\/aluminium-lueftungsgitter-w481\\\/#primaryimage\"},\"thumbnailUrl\":\"https:\\\/\\\/www.lueftungsgitter.net\\\/images\\\/lueftungsgitter-w481_pic.jpg\",\"datePublished\":\"2023-05-15T08:02:18+00:00\",\"dateModified\":\"2023-05-16T07:03:50+00:00\",\"breadcrumb\":{\"@id\":\"https:\\\/\\\/www.riffelblech.berlin\\\/lueftungsgitter\\\/lueftungsgitter-wandeinbau\\\/aluminium-lueftungsgitter-w481\\\/#breadcrumb\"},\"inLanguage\":\"de\",\"potentialAction\":[{\"@type\":\"ReadAction\",\"target\":[\"https:\\\/\\\/www.riffelblech.berlin\\\/lueftungsgitter\\\/lueftungsgitter-wandeinbau\\\/aluminium-lueftungsgitter-w481\\\/\"]}]},{\"@type\":\"ImageObject\",\"inLanguage\":\"de\",\"@id\":\"https:\\\/\\\/www.riffelblech.berlin\\\/lueftungsgitter\\\/lueftungsgitter-wandeinbau\\\/aluminium-lueftungsgitter-w481\\\/#primaryimage\",\"url\":\"https:\\\/\\\/www.lueftungsgitter.net\\\/images\\\/lueftungsgitter-w481_pic.jpg\",\"contentUrl\":\"https:\\\/\\\/www.lueftungsgitter.net\\\/images\\\/lueftungsgitter-w481_pic.jpg\"},{\"@type\":\"BreadcrumbList\",\"@id\":\"https:\\\/\\\/www.riffelblech.berlin\\\/lueftungsgitter\\\/lueftungsgitter-wandeinbau\\\/aluminium-lueftungsgitter-w481\\\/#breadcrumb\",\"itemListElement\":[{\"@type\":\"ListItem\",\"position\":1,\"name\":\"Startseite\",\"item\":\"https:\\\/\\\/www.riffelblech.berlin\\\/lueftungsgitter\\\/\"},{\"@type\":\"ListItem\",\"position\":2,\"name\":\"L\u00fcftungsgitter Wandeinbau\",\"item\":\"https:\\\/\\\/www.riffelblech.berlin\\\/lueftungsgitter\\\/en\\\/lueftungsgitter-wandeinbau\\\/\"},{\"@type\":\"ListItem\",\"position\":3,\"name\":\"Aluminium L\u00fcftungsgitter W481\"}]},{\"@type\":\"WebSite\",\"@id\":\"https:\\\/\\\/www.riffelblech.berlin\\\/lueftungsgitter\\\/#website\",\"url\":\"https:\\\/\\\/www.riffelblech.berlin\\\/lueftungsgitter\\\/\",\"name\":\"lueftungsgitter.com\",\"description\":\"\",\"potentialAction\":[{\"@type\":\"SearchAction\",\"target\":{\"@type\":\"EntryPoint\",\"urlTemplate\":\"https:\\\/\\\/www.riffelblech.berlin\\\/lueftungsgitter\\\/?s={search_term_string}\"},\"query-input\":{\"@type\":\"PropertyValueSpecification\",\"valueRequired\":true,\"valueName\":\"search_term_string\"}}],\"inLanguage\":\"de\"}]}<\/script>\n<!-- \/ Yoast SEO Premium plugin. -->","yoast_head_json":{"title":"Aluminium L\u00fcftungsgitter W481 - lueftungsgitter.com","robots":{"index":"index","follow":"follow","max-snippet":"max-snippet:-1","max-image-preview":"max-image-preview:large","max-video-preview":"max-video-preview:-1"},"canonical":"https:\/\/www.riffelblech.berlin\/lueftungsgitter\/lueftungsgitter-wandeinbau\/aluminium-lueftungsgitter-w481\/","og_locale":"de_DE","og_type":"article","og_title":"Aluminium L\u00fcftungsgitter W481","og_description":"L\u00fcftungsgitter, mittelschwere Ausf\u00fchrung, Lamellenabstand 50, optisch freier Querschnitt 70%, physisch freier Querschnitt 60%Download .PDF L\u00fcftungsgitter W481 [164 KB]\u00a0Aluminium L\u00fcftungsgitter w481, VorderansichtL\u00fcftungsgittrer W481 mit FliegengazeMaterial L\u00fcftungsgitter hergestellt aus Aluminiumprofilen: AlMgSi 0,5 (gem\u00e4\u00df EN 12020-2)Insektenschutz aus Edelstahl 304 - 2,3 x 2,3 mm (6 x 6 mm Maschenteilung auf Anfrage)Silberfarbig (E6\/EV1) - bronzefarbig (E6\/C34) (20 Mikron) eloxiert [&hellip;]","og_url":"https:\/\/www.riffelblech.berlin\/lueftungsgitter\/lueftungsgitter-wandeinbau\/aluminium-lueftungsgitter-w481\/","og_site_name":"lueftungsgitter.com","article_modified_time":"2023-05-16T07:03:50+00:00","og_image":[{"url":"https:\/\/www.lueftungsgitter.net\/images\/lueftungsgitter-w481_pic.jpg","type":"","width":"","height":""}],"twitter_card":"summary_large_image","twitter_misc":{"Gesch\u00e4tzte Lesezeit":"3\u00a0Minuten"},"schema":{"@context":"https:\/\/schema.org","@graph":[{"@type":"WebPage","@id":"https:\/\/www.riffelblech.berlin\/lueftungsgitter\/lueftungsgitter-wandeinbau\/aluminium-lueftungsgitter-w481\/","url":"https:\/\/www.riffelblech.berlin\/lueftungsgitter\/lueftungsgitter-wandeinbau\/aluminium-lueftungsgitter-w481\/","name":"Aluminium L\u00fcftungsgitter W481 - lueftungsgitter.com","isPartOf":{"@id":"https:\/\/www.riffelblech.berlin\/lueftungsgitter\/#website"},"primaryImageOfPage":{"@id":"https:\/\/www.riffelblech.berlin\/lueftungsgitter\/lueftungsgitter-wandeinbau\/aluminium-lueftungsgitter-w481\/#primaryimage"},"image":{"@id":"https:\/\/www.riffelblech.berlin\/lueftungsgitter\/lueftungsgitter-wandeinbau\/aluminium-lueftungsgitter-w481\/#primaryimage"},"thumbnailUrl":"https:\/\/www.lueftungsgitter.net\/images\/lueftungsgitter-w481_pic.jpg","datePublished":"2023-05-15T08:02:18+00:00","dateModified":"2023-05-16T07:03:50+00:00","breadcrumb":{"@id":"https:\/\/www.riffelblech.berlin\/lueftungsgitter\/lueftungsgitter-wandeinbau\/aluminium-lueftungsgitter-w481\/#breadcrumb"},"inLanguage":"de","potentialAction":[{"@type":"ReadAction","target":["https:\/\/www.riffelblech.berlin\/lueftungsgitter\/lueftungsgitter-wandeinbau\/aluminium-lueftungsgitter-w481\/"]}]},{"@type":"ImageObject","inLanguage":"de","@id":"https:\/\/www.riffelblech.berlin\/lueftungsgitter\/lueftungsgitter-wandeinbau\/aluminium-lueftungsgitter-w481\/#primaryimage","url":"https:\/\/www.lueftungsgitter.net\/images\/lueftungsgitter-w481_pic.jpg","contentUrl":"https:\/\/www.lueftungsgitter.net\/images\/lueftungsgitter-w481_pic.jpg"},{"@type":"BreadcrumbList","@id":"https:\/\/www.riffelblech.berlin\/lueftungsgitter\/lueftungsgitter-wandeinbau\/aluminium-lueftungsgitter-w481\/#breadcrumb","itemListElement":[{"@type":"ListItem","position":1,"name":"Startseite","item":"https:\/\/www.riffelblech.berlin\/lueftungsgitter\/"},{"@type":"ListItem","position":2,"name":"L\u00fcftungsgitter Wandeinbau","item":"https:\/\/www.riffelblech.berlin\/lueftungsgitter\/en\/lueftungsgitter-wandeinbau\/"},{"@type":"ListItem","position":3,"name":"Aluminium L\u00fcftungsgitter W481"}]},{"@type":"WebSite","@id":"https:\/\/www.riffelblech.berlin\/lueftungsgitter\/#website","url":"https:\/\/www.riffelblech.berlin\/lueftungsgitter\/","name":"lueftungsgitter.com","description":"","potentialAction":[{"@type":"SearchAction","target":{"@type":"EntryPoint","urlTemplate":"https:\/\/www.riffelblech.berlin\/lueftungsgitter\/?s={search_term_string}"},"query-input":{"@type":"PropertyValueSpecification","valueRequired":true,"valueName":"search_term_string"}}],"inLanguage":"de"}]}},"_links":{"self":[{"href":"https:\/\/www.riffelblech.berlin\/lueftungsgitter\/wp-json\/wp\/v2\/pages\/96","targetHints":{"allow":["GET"]}}],"collection":[{"href":"https:\/\/www.riffelblech.berlin\/lueftungsgitter\/wp-json\/wp\/v2\/pages"}],"about":[{"href":"https:\/\/www.riffelblech.berlin\/lueftungsgitter\/wp-json\/wp\/v2\/types\/page"}],"author":[{"embeddable":true,"href":"https:\/\/www.riffelblech.berlin\/lueftungsgitter\/wp-json\/wp\/v2\/users\/3"}],"replies":[{"embeddable":true,"href":"https:\/\/www.riffelblech.berlin\/lueftungsgitter\/wp-json\/wp\/v2\/comments?post=96"}],"version-history":[{"count":4,"href":"https:\/\/www.riffelblech.berlin\/lueftungsgitter\/wp-json\/wp\/v2\/pages\/96\/revisions"}],"predecessor-version":[{"id":212,"href":"https:\/\/www.riffelblech.berlin\/lueftungsgitter\/wp-json\/wp\/v2\/pages\/96\/revisions\/212"}],"up":[{"embeddable":true,"href":"https:\/\/www.riffelblech.berlin\/lueftungsgitter\/wp-json\/wp\/v2\/pages\/195"}],"wp:attachment":[{"href":"https:\/\/www.riffelblech.berlin\/lueftungsgitter\/wp-json\/wp\/v2\/media?parent=96"}],"curies":[{"name":"wp","href":"https:\/\/api.w.org\/{rel}","templated":true}]}}