{"id":244,"date":"2024-04-09T12:49:31","date_gmt":"2024-04-09T10:49:31","guid":{"rendered":"https:\/\/www.riffelblech.berlin\/rotec-berlin\/?page_id=244"},"modified":"2024-06-06T09:48:43","modified_gmt":"2024-06-06T07:48:43","slug":"fassaden-sicherheitssysteme","status":"publish","type":"page","link":"https:\/\/www.riffelblech.berlin\/rotec-berlin\/en\/fassaden-sicherheitssysteme\/","title":{"rendered":"Facades &amp; security systems"},"content":{"rendered":"<p>[et_pb_section fb_built=&#8220;1&#8243; _builder_version=&#8220;4.24.3&#8243; _module_preset=&#8220;default&#8220; custom_padding=&#8220;67px|||||&#8220; global_colors_info=&#8220;{}&#8220;][et_pb_row _builder_version=&#8220;4.24.3&#8243; _module_preset=&#8220;default&#8220; width=&#8220;100%&#8220; max_width=&#8220;2560px&#8220; custom_margin=&#8220;-6.6%|auto||auto|false|false&#8220; global_colors_info=&#8220;{}&#8220;][et_pb_column type=&#8220;4_4&#8243; _builder_version=&#8220;4.24.3&#8243; _module_preset=&#8220;default&#8220; global_colors_info=&#8220;{}&#8220;][et_pb_code admin_label=&#8220;Code&#8220; _builder_version=&#8220;4.24.3&#8243; _module_preset=&#8220;default&#8220; width=&#8220;200%&#8220; max_width=&#8220;200%&#8220; min_height=&#8220;600.8px&#8220; custom_margin=&#8220;||-9.3%||false|false&#8220; custom_padding=&#8220;6px|625px||||&#8220; custom_css_free_form=&#8220;#headerImg {||||||||}||||&#8220; global_colors_info=&#8220;{}&#8220;]<script><!-- [et_pb_line_break_holder] -->window.addEventListener(\"load\", function() {<!-- [et_pb_line_break_holder] -->    const image = document.querySelector(\"#headerImg\");<!-- [et_pb_line_break_holder] -->    if (!image) return; \/\/ Stop if image is not found<!-- [et_pb_line_break_holder] --><!-- [et_pb_line_break_holder] -->    const overlay = document.createElement(\"div\");<!-- [et_pb_line_break_holder] -->    const overlayText = document.createElement(\"div\");<!-- [et_pb_line_break_holder] --><!-- [et_pb_line_break_holder] -->    overlay.classList.add(\"overlay\");<!-- [et_pb_line_break_holder] -->    overlayText.classList.add(\"overlay-text\");<!-- [et_pb_line_break_holder] -->    <!-- [et_pb_line_break_holder] -->    \/\/ Extract the last part of the URL path<!-- [et_pb_line_break_holder] -->    const urlPath = window.location.pathname;<!-- [et_pb_line_break_holder] -->    const pathSegments = urlPath.split('\/').filter(Boolean); \/\/ Remove any empty strings due to trailing slashes<!-- [et_pb_line_break_holder] -->    let textFromUrl = \"Fassaden & L\u00fcftungssysteme\";<!-- [et_pb_line_break_holder] -->    <!-- [et_pb_line_break_holder] -->    overlayText.innerHTML = `<strong>${textFromUrl}<\/strong>`; \/\/ Use text from URL with first letter capitalized<!-- [et_pb_line_break_holder] --><!-- [et_pb_line_break_holder] -->    overlayText.style.fontSize = \"1.5vw\";<!-- [et_pb_line_break_holder] -->    overlayText.style.lineHeight = '1.2';<!-- [et_pb_line_break_holder] -->    overlayText.style.whiteSpace = 'normal';<!-- [et_pb_line_break_holder] -->    overlayText.style.overflowWrap = 'break-word';<!-- [et_pb_line_break_holder] --><!-- [et_pb_line_break_holder] -->    overlay.style.position = 'absolute';<!-- [et_pb_line_break_holder] -->    overlay.style.bottom = '55%';<!-- [et_pb_line_break_holder] -->    overlay.style.right = '75%';<!-- [et_pb_line_break_holder] -->    overlay.style.top = '55%';<!-- [et_pb_line_break_holder] -->    overlay.style.backgroundColor = 'rgba(255,255,255,0.8)';<!-- [et_pb_line_break_holder] -->    overlay.style.padding = '10px';<!-- [et_pb_line_break_holder] -->    overlay.style.borderRadius = '0px';<!-- [et_pb_line_break_holder] -->    overlay.style.color = '#030644';<!-- [et_pb_line_break_holder] -->    overlay.style.zIndex = '2';<!-- [et_pb_line_break_holder] -->    overlay.style.height = '15%';<!-- [et_pb_line_break_holder] --><!-- [et_pb_line_break_holder] -->    if (image.parentNode) {<!-- [et_pb_line_break_holder] -->        image.parentNode.style.position = 'relative';<!-- [et_pb_line_break_holder] -->    }<!-- [et_pb_line_break_holder] --><!-- [et_pb_line_break_holder] -->    overlay.appendChild(overlayText);<!-- [et_pb_line_break_holder] -->    image.parentNode.insertBefore(overlay, image.nextSibling);<!-- [et_pb_line_break_holder] -->});<!-- [et_pb_line_break_holder] --><\/script><!-- [et_pb_line_break_holder] --><!-- [et_pb_line_break_holder] --><img decoding=\"async\" id=\"headerImg\" src=\"https:\/\/www.riffelblech.berlin\/rotec-berlin\/wp-content\/uploads\/sites\/9\/2024\/05\/header_fassaden2.jpg\"><\/img><!-- [et_pb_line_break_holder] -->\u00a0[\/et_pb_code][\/et_pb_column][\/et_pb_row][et_pb_row column_structure=&#8220;1_2,1_2&#8243; _builder_version=&#8220;4.24.3&#8243; _module_preset=&#8220;default&#8220; width=&#8220;100%&#8220; max_width=&#8220;1632px&#8220; global_colors_info=&#8220;{}&#8220;][et_pb_column type=&#8220;1_2&#8243; _builder_version=&#8220;4.24.3&#8243; _module_preset=&#8220;default&#8220; global_colors_info=&#8220;{}&#8220;][et_pb_image src=&#8220;https:\/\/www.riffelblech.berlin\/rotec-berlin\/wp-content\/uploads\/sites\/9\/2024\/06\/p3_fl_m1.jpg&#8220; title_text=&#8220;p3_fl_m1&#8243; _builder_version=&#8220;4.24.3&#8243; _module_preset=&#8220;default&#8220; hover_enabled=&#8220;0&#8243; global_colors_info=&#8220;{}&#8220; sticky_enabled=&#8220;0&#8243;][\/et_pb_image][\/et_pb_column][et_pb_column type=&#8220;1_2&#8243; _builder_version=&#8220;4.24.3&#8243; _module_preset=&#8220;default&#8220; global_colors_info=&#8220;{}&#8220;][et_pb_text _builder_version=&#8220;4.24.3&#8243; _module_preset=&#8220;default&#8220; text_text_color=&#8220;#040B3F&#8220; text_font_size=&#8220;18px&#8220; header_text_color=&#8220;#030644&#8243; global_colors_info=&#8220;{}&#8220;]<\/p>\n<h1>Gitterroste als Fassadenelemente, Sichtschutz, Sonnenschutz<\/h1>\n<p>[PLATZHALTER TEXT]<br \/>Im modernen Fassadenbau sind Gitterroste als Funktions- und Gestaltungselemente nicht mehr wegzudenken. G\u00e4ngige Beispiele sind Sonnenschutz- und Sichtschutzroste. Ebenfalls \u00fcblich ist die Verwendung als Wetterschutz- oder L\u00fcftungsgitter, aber auch als begehbare B\u00fchnen mit Durchblickschutz.<br \/>Gitterroste, die in solcher Weise zum Einsatz kommen, bezeichnet man dann entsprechend als Fassadenroste &#8211; oder auch als Wetterschutz-, L\u00fcftungs-, Sonnenschutz-, bzw. Sichtschutzroste.<br \/>Bei diesen Anwendungen entstehen besondere Anspr\u00fcche an das Material. So ist ein geringes Gewicht bei Fassadenelementen relevanter als hohe Belastungswerte.\u00a0<\/p>\n<p><em><span style=\"text-decoration-line: underline;\"><span style=\"color: #3366ff;\"><a href=\"127.0.0.1\" target=\"_blank\" rel=\"noopener\" style=\"color: #3366ff;\">Technische Infos und Datenbl\u00e4tter auf Rotecpedia<\/a><\/span><\/span><\/em><\/p>\n<p><span style=\"color: #3366ff;\"><em><span style=\"text-decoration: underline;\"><a href=\"127.0.0.1\" target=\"_blank\" rel=\"noopener\" style=\"color: #3366ff; text-decoration: underline;\">Produkte im Shop ansehen<\/a><\/span><\/em><\/span><\/p>\n<p>[\/et_pb_text][\/et_pb_column][\/et_pb_row][et_pb_row column_structure=&#8220;1_2,1_2&#8243; _builder_version=&#8220;4.24.3&#8243; _module_preset=&#8220;default&#8220; width=&#8220;100%&#8220; max_width=&#8220;1632px&#8220; global_colors_info=&#8220;{}&#8220;][et_pb_column type=&#8220;1_2&#8243; _builder_version=&#8220;4.24.3&#8243; _module_preset=&#8220;default&#8220; global_colors_info=&#8220;{}&#8220;][et_pb_image src=&#8220;https:\/\/www.riffelblech.berlin\/rotec-berlin\/wp-content\/uploads\/sites\/9\/2024\/06\/p3_fl_m3.jpg&#8220; title_text=&#8220;p3_fl_m3&#8243; _builder_version=&#8220;4.24.3&#8243; _module_preset=&#8220;default&#8220; hover_enabled=&#8220;0&#8243; global_colors_info=&#8220;{}&#8220; sticky_enabled=&#8220;0&#8243;][\/et_pb_image][\/et_pb_column][et_pb_column type=&#8220;1_2&#8243; _builder_version=&#8220;4.24.3&#8243; _module_preset=&#8220;default&#8220; global_colors_info=&#8220;{}&#8220;][et_pb_text _builder_version=&#8220;4.24.3&#8243; _module_preset=&#8220;default&#8220; text_text_color=&#8220;#040B3F&#8220; text_font_size=&#8220;18px&#8220; header_text_color=&#8220;#030644&#8243; global_colors_info=&#8220;{}&#8220;]<\/p>\n<h1 class=\"et_pb_module_header\"><span>LINARTE WANDVERKLEIDUNG<\/span><\/h1>\n<p>[PLATZHALTER TEXT]<br \/>Linarte ist ein hochwertiges Fassadensystem, bei dem in den Vertiefungen der senkrechten Lamellen wahlweise Holzelemente oder LED-Leisten eingearbeitet werden k\u00f6nnen. In diesem Projekt haben wir uns f\u00fcr die LED-Leisten entschieden, die in der Hausdurchfahrt verbaut wurden. Die Beleuchtung sorgt nicht nur f\u00fcr eine ansprechende Optik, sondern erhellt auch den gesamten Durchgang mit einem angenehmen Licht.<\/p>\n<p>Ein Lichtsensor steuert die LED-Leisten und schaltet sie bei beginnender Dunkelheit automatisch ein. So entsteht eine \u00e4sthetisch ansprechende und funktionale L\u00f6sung f\u00fcr die Fassadengestaltung.<\/p>\n<p><em><span style=\"text-decoration-line: underline;\"><span style=\"color: #3366ff;\"><a href=\"127.0.0.1\" target=\"_blank\" rel=\"noopener\" style=\"color: #3366ff;\">Technische Infos und Datenbl\u00e4tter auf Rotecpedia<\/a><\/span><\/span><\/em><\/p>\n<p><span style=\"color: #3366ff;\"><em><span style=\"text-decoration: underline;\"><a href=\"127.0.0.1\" target=\"_blank\" rel=\"noopener\" style=\"color: #3366ff; text-decoration: underline;\">Produkte im Shop ansehen<\/a><\/span><\/em><\/span><\/p>\n<p>[\/et_pb_text][\/et_pb_column][\/et_pb_row][et_pb_row column_structure=&#8220;1_2,1_2&#8243; _builder_version=&#8220;4.24.3&#8243; _module_preset=&#8220;default&#8220; width=&#8220;100%&#8220; max_width=&#8220;1632px&#8220; global_colors_info=&#8220;{}&#8220;][et_pb_column type=&#8220;1_2&#8243; _builder_version=&#8220;4.24.3&#8243; _module_preset=&#8220;default&#8220; global_colors_info=&#8220;{}&#8220;][et_pb_image src=&#8220;https:\/\/www.riffelblech.berlin\/rotec-berlin\/wp-content\/uploads\/sites\/9\/2024\/06\/p3_fl_m2.jpg&#8220; title_text=&#8220;p3_fl_m2&#8243; _builder_version=&#8220;4.24.3&#8243; _module_preset=&#8220;default&#8220; hover_enabled=&#8220;0&#8243; global_colors_info=&#8220;{}&#8220; sticky_enabled=&#8220;0&#8243;][\/et_pb_image][\/et_pb_column][et_pb_column type=&#8220;1_2&#8243; _builder_version=&#8220;4.24.3&#8243; _module_preset=&#8220;default&#8220; global_colors_info=&#8220;{}&#8220;][et_pb_text _builder_version=&#8220;4.24.3&#8243; _module_preset=&#8220;default&#8220; text_text_color=&#8220;#040B3F&#8220; text_font_size=&#8220;18px&#8220; header_text_color=&#8220;#030644&#8243; global_colors_info=&#8220;{}&#8220;]<\/p>\n<h1 class=\"et_pb_module_header\"><span>LINARTE WANDVERKLEIDUNG<\/span><\/h1>\n<p>[PLATZHALTER TEXT]<br \/>Linarte ist ein hochwertiges Fassadensystem, bei dem in den Vertiefungen der senkrechten Lamellen wahlweise Holzelemente oder LED-Leisten eingearbeitet werden k\u00f6nnen. In diesem Projekt haben wir uns f\u00fcr die LED-Leisten entschieden, die in der Hausdurchfahrt verbaut wurden. Die Beleuchtung sorgt nicht nur f\u00fcr eine ansprechende Optik, sondern erhellt auch den gesamten Durchgang mit einem angenehmen Licht.<\/p>\n<p>Ein Lichtsensor steuert die LED-Leisten und schaltet sie bei beginnender Dunkelheit automatisch ein. So entsteht eine \u00e4sthetisch ansprechende und funktionale L\u00f6sung f\u00fcr die Fassadengestaltung.<\/p>\n<p><em><span style=\"text-decoration-line: underline;\"><span style=\"color: #3366ff;\"><a href=\"127.0.0.1\" target=\"_blank\" rel=\"noopener\" style=\"color: #3366ff;\">Technische Infos und Datenbl\u00e4tter auf Rotecpedia<\/a><\/span><\/span><\/em><\/p>\n<p><span style=\"color: #3366ff;\"><em><span style=\"text-decoration: underline;\"><a href=\"127.0.0.1\" target=\"_blank\" rel=\"noopener\" style=\"color: #3366ff; text-decoration: underline;\">Produkte im Shop ansehen<\/a><\/span><\/em><\/span><\/p>\n<p>[\/et_pb_text][\/et_pb_column][\/et_pb_row][\/et_pb_section]<\/p>\n","protected":false},"excerpt":{"rendered":"<p>Gitterroste als Fassadenelemente, Sichtschutz, Sonnenschutz [PLATZHALTER TEXT]Im modernen Fassadenbau sind Gitterroste als Funktions- und Gestaltungselemente nicht mehr wegzudenken. G\u00e4ngige Beispiele sind Sonnenschutz- und Sichtschutzroste. Ebenfalls \u00fcblich ist die Verwendung als Wetterschutz- oder L\u00fcftungsgitter, aber auch als begehbare B\u00fchnen mit Durchblickschutz.Gitterroste, die in solcher Weise zum Einsatz kommen, bezeichnet man dann entsprechend als Fassadenroste &#8211; oder [&hellip;]<\/p>\n","protected":false},"author":1,"featured_media":0,"parent":0,"menu_order":0,"comment_status":"closed","ping_status":"closed","template":"page-template-fullwidth.php","meta":{"_et_pb_use_builder":"on","_et_pb_old_content":"<!-- wp:divi\/placeholder \/-->","_et_gb_content_width":"","footnotes":""},"class_list":["post-244","page","type-page","status-publish","hentry"],"_links":{"self":[{"href":"https:\/\/www.riffelblech.berlin\/rotec-berlin\/en\/wp-json\/wp\/v2\/pages\/244","targetHints":{"allow":["GET"]}}],"collection":[{"href":"https:\/\/www.riffelblech.berlin\/rotec-berlin\/en\/wp-json\/wp\/v2\/pages"}],"about":[{"href":"https:\/\/www.riffelblech.berlin\/rotec-berlin\/en\/wp-json\/wp\/v2\/types\/page"}],"author":[{"embeddable":true,"href":"https:\/\/www.riffelblech.berlin\/rotec-berlin\/en\/wp-json\/wp\/v2\/users\/1"}],"replies":[{"embeddable":true,"href":"https:\/\/www.riffelblech.berlin\/rotec-berlin\/en\/wp-json\/wp\/v2\/comments?post=244"}],"version-history":[{"count":20,"href":"https:\/\/www.riffelblech.berlin\/rotec-berlin\/en\/wp-json\/wp\/v2\/pages\/244\/revisions"}],"predecessor-version":[{"id":863,"href":"https:\/\/www.riffelblech.berlin\/rotec-berlin\/en\/wp-json\/wp\/v2\/pages\/244\/revisions\/863"}],"wp:attachment":[{"href":"https:\/\/www.riffelblech.berlin\/rotec-berlin\/en\/wp-json\/wp\/v2\/media?parent=244"}],"curies":[{"name":"wp","href":"https:\/\/api.w.org\/{rel}","templated":true}]}}