{"id":258,"date":"2024-04-09T12:55:15","date_gmt":"2024-04-09T10:55:15","guid":{"rendered":"https:\/\/www.riffelblech.berlin\/rotec-berlin\/?page_id=258"},"modified":"2024-06-06T10:19:35","modified_gmt":"2024-06-06T08:19:35","slug":"geschichte","status":"publish","type":"page","link":"https:\/\/www.riffelblech.berlin\/rotec-berlin\/en\/geschichte\/","title":{"rendered":"History"},"content":{"rendered":"<p>[et_pb_section fb_built=&#8220;1&#8243; _builder_version=&#8220;4.24.3&#8243; _module_preset=&#8220;default&#8220; custom_padding=&#8220;67px|||||&#8220; global_colors_info=&#8220;{}&#8220;][et_pb_row _builder_version=&#8220;4.24.3&#8243; _module_preset=&#8220;default&#8220; width=&#8220;100%&#8220; max_width=&#8220;2560px&#8220; custom_margin=&#8220;-5%||||false|false&#8220; global_colors_info=&#8220;{}&#8220;][et_pb_column type=&#8220;4_4&#8243; _builder_version=&#8220;4.24.3&#8243; _module_preset=&#8220;default&#8220; global_colors_info=&#8220;{}&#8220;][et_pb_code admin_label=&#8220;Code&#8220; _builder_version=&#8220;4.24.3&#8243; _module_preset=&#8220;default&#8220; width=&#8220;200%&#8220; max_width=&#8220;200%&#8220; min_height=&#8220;723.8px&#8220; custom_margin=&#8220;-10px||-15.8%||false|false&#8220; custom_padding=&#8220;|625px||||&#8220; hover_enabled=&#8220;0&#8243; custom_css_free_form=&#8220;#headerImg {||||||    clip-path: polygon(0 0, 100% 0, 100% 65%, 0 65%);||||}||||&#8220; global_colors_info=&#8220;{}&#8220; sticky_enabled=&#8220;0&#8243;]<script><!-- [et_pb_line_break_holder] -->window.addEventListener(\"load\", function() {<!-- [et_pb_line_break_holder] -->    const image = document.querySelector(\"#headerImg\");<!-- [et_pb_line_break_holder] -->    if (!image) return; \/\/ Stop if image is not found<!-- [et_pb_line_break_holder] --><!-- [et_pb_line_break_holder] -->    const overlay = document.createElement(\"div\");<!-- [et_pb_line_break_holder] -->    const overlayText = document.createElement(\"div\");<!-- [et_pb_line_break_holder] --><!-- [et_pb_line_break_holder] -->    overlay.classList.add(\"overlay\");<!-- [et_pb_line_break_holder] -->    overlayText.classList.add(\"overlay-text\");<!-- [et_pb_line_break_holder] -->    <!-- [et_pb_line_break_holder] -->    \/\/ Extract the last part of the URL path<!-- [et_pb_line_break_holder] -->    const urlPath = window.location.pathname;<!-- [et_pb_line_break_holder] -->    const pathSegments = urlPath.split('\/').filter(Boolean); \/\/ Remove any empty strings due to trailing slashes<!-- [et_pb_line_break_holder] -->    let textFromUrl = \"Geschichte\";<!-- [et_pb_line_break_holder] -->    <!-- [et_pb_line_break_holder] -->    overlayText.innerHTML = `<strong>${textFromUrl}<\/strong>`; \/\/ Use text from URL with first letter capitalized<!-- [et_pb_line_break_holder] --><!-- [et_pb_line_break_holder] -->    overlayText.style.fontSize = \"1vw\";<!-- [et_pb_line_break_holder] -->    overlayText.style.lineHeight = '1.5';<!-- [et_pb_line_break_holder] -->    overlayText.style.whiteSpace = 'normal';<!-- [et_pb_line_break_holder] -->    overlayText.style.overflowWrap = 'break-word';<!-- [et_pb_line_break_holder] --><!-- [et_pb_line_break_holder] -->    overlay.style.position = 'absolute';<!-- [et_pb_line_break_holder] -->    overlay.style.bottom = '55%';<!-- [et_pb_line_break_holder] -->    overlay.style.right = '73%';<!-- [et_pb_line_break_holder] -->    overlay.style.top = '20%';<!-- [et_pb_line_break_holder] -->    overlay.style.backgroundColor = 'rgba(255,255,255,0.8)';<!-- [et_pb_line_break_holder] -->    overlay.style.padding = '10px';<!-- [et_pb_line_break_holder] -->    overlay.style.borderRadius = '0px';<!-- [et_pb_line_break_holder] -->    overlay.style.color = '#030644';<!-- [et_pb_line_break_holder] -->    overlay.style.zIndex = '2';<!-- [et_pb_line_break_holder] -->    overlay.style.height = '10%';<!-- [et_pb_line_break_holder] --><!-- [et_pb_line_break_holder] -->    if (image.parentNode) {<!-- [et_pb_line_break_holder] -->        image.parentNode.style.position = 'relative';<!-- [et_pb_line_break_holder] -->    }<!-- [et_pb_line_break_holder] --><!-- [et_pb_line_break_holder] -->    overlay.appendChild(overlayText);<!-- [et_pb_line_break_holder] -->    image.parentNode.insertBefore(overlay, image.nextSibling);<!-- [et_pb_line_break_holder] -->});<!-- [et_pb_line_break_holder] --><\/script><!-- [et_pb_line_break_holder] --><!-- [et_pb_line_break_holder] --><img decoding=\"async\" id=\"headerImg\" src=\"https:\/\/www.riffelblech.berlin\/rotec-berlin\/wp-content\/uploads\/sites\/9\/2024\/04\/headerImg-scaled.webp\"><\/img><!-- [et_pb_line_break_holder] -->\u00a0[\/et_pb_code][\/et_pb_column][\/et_pb_row][et_pb_row column_structure=&#8220;1_2,1_2&#8243; _builder_version=&#8220;4.24.3&#8243; _module_preset=&#8220;default&#8220; width=&#8220;100%&#8220; max_width=&#8220;1632px&#8220; global_colors_info=&#8220;{}&#8220;][et_pb_column type=&#8220;1_2&#8243; _builder_version=&#8220;4.24.3&#8243; _module_preset=&#8220;default&#8220; global_colors_info=&#8220;{}&#8220;][et_pb_image src=&#8220;https:\/\/www.riffelblech.berlin\/rotec-berlin\/wp-content\/uploads\/sites\/9\/2024\/04\/Quelle_Lagerhalle-scaled.webp&#8220; title_text=&#8220;Quelle_Lagerhalle&#8220; _builder_version=&#8220;4.24.3&#8243; _module_preset=&#8220;default&#8220; global_colors_info=&#8220;{}&#8220;][\/et_pb_image][\/et_pb_column][et_pb_column type=&#8220;1_2&#8243; _builder_version=&#8220;4.24.3&#8243; _module_preset=&#8220;default&#8220; global_colors_info=&#8220;{}&#8220;][et_pb_text _builder_version=&#8220;4.24.3&#8243; _module_preset=&#8220;default&#8220; text_text_color=&#8220;#040B3F&#8220; text_font_size=&#8220;18px&#8220; header_text_color=&#8220;#030644&#8243; hover_enabled=&#8220;0&#8243; global_colors_info=&#8220;{}&#8220; sticky_enabled=&#8220;0&#8243;]<\/p>\n<h1>Die Geschichte der Rotec GmbH Berlin<\/h1>\n<p>Die Urspr\u00fcnge von rotec Berlin gehen auf das Jahr 1964 zur\u00fcck, in dem Jahr gr\u00fcndete der Kunstschmied und technischer Kaufmann Rainer Langrehr die Firma unter dem Namen Firma Langrehr Werksvertretung im damaligen West-Berlin f\u00fcr den Vertrieb von Werkzeugmaschinen und technischen Halbzeugen, wie gelochten Metallen, Gitter und Gitterroste.<\/p>\n<p>In den 1980er Jahren nun kam es in der produzierenden Industrie zu Engp\u00e4ssen, da die Nachfrage nach gelochten Metallen nicht mehr zeitnah zu befriedigen war. Nach L\u00f6sungen f\u00fcr dieses hinderliche Problem suchend, lernte Langrehr 1987 den Kaufmann Karl Marx kennen, der ein Marketingkonzept erarbeitete, dessen Kern das Motto: \u201eDer Schnelle frisst den Langsamen\u201c war.<\/p>\n<p>Im Oktober 1988 gr\u00fcndete beide die Firma rotec GmbH Berlin Langrehr &amp; Co. Deren Aufgabe es war Lochbleche und Gitter europaweit zu fertigen und diese in Berlin einzulagern. So konnte rotec Berlin schnell und flexibel auf die Anforderungen des Marktes reagieren.<\/p>\n<p>Der Erfolg lie\u00df nicht lange auf sich warten: von der neuen und schnellen Verf\u00fcgbarkeit profitierten nicht nur Gro\u00dfbetriebe wie SIMENS und BOSCH, Thyssen und die Telekom sondern auch Stahlh\u00e4ndler, Handwerksbetriebe und Metallbauer.<\/p>\n<p>Fr\u00fch besch\u00e4ftigte sich <strong>rotec Berlin <\/strong>mit dem Internet. \u00dcber das Web er\u00f6ffnete sich f\u00fcr Rotec Berlin- die ganze Welt, pl\u00f6tzlich fragte ein Professor aus T\u00fcbingen, wieviel Licht von einem Laser reflektiert wird, wenn der Laserstrahl in einem 45 Grad Winkel auf das Blech trifft und Rotec lieferte nun Bleche \u00fcber den ganzen Erdball, nach Franz\u00f6sisch-Guyana, S\u00fcd Afrika, Chille oder Island.<\/p>\n<p>Im Jahre 2000 entschloss sich die Gesch\u00e4ftsleitung von rotec auf Grund der gro\u00dfen Nachfrage, neben dem Lochblechgesch\u00e4ft eine eigene Produktion auszuweiten (aufzubauen).<\/p>\n<p>Rotec besitzt in seinem Blechlager in Berlin \u00fcber 1000 Sorten an gelochten Metallen, die sofort in unserm Blechbearbeitungszentrum weiterverarbeitet werden k\u00f6nnen. Das Unternehmen hat heute 50 Mitarbeiter und ist zertifizier nach den Normen DIN \u2026..<\/p>\n<p>2004 ist rotec mit einem 2. Standbein mit Erfolg in die Fertigung von Wetterschutzgittern und Fassaden in den Markt eingestiegen. Im Bereich der Fahrstuhlschacht Entrauchung und der Absicherung von Industriegel\u00e4nden hat rotec eigene Produkte entwickelt.<\/p>\n<p>Heute stellt sich rotec dem Wettbewerb auf der ganzen Welt und verbindet Innovation, Schnelligkeit und Sicherheit unter den beiden Gesch\u00e4ftsf\u00fchrern Karl Marx und Vassilios, der seit 2023 die Geschicke der Firma leitet. ZU Ihren Kunden stamm geh\u00f6ren diverse Regierungen, Industrieunternehmen und regionale Schlosserbetriebe<\/p>\n<h1><\/h1>\n<p>[\/et_pb_text][\/et_pb_column][\/et_pb_row][\/et_pb_section]<\/p>\n","protected":false},"excerpt":{"rendered":"<p>Die Geschichte der Rotec GmbH Berlin Die Urspr\u00fcnge von rotec Berlin gehen auf das Jahr 1964 zur\u00fcck, in dem Jahr gr\u00fcndete der Kunstschmied und technischer Kaufmann Rainer Langrehr die Firma unter dem Namen Firma Langrehr Werksvertretung im damaligen West-Berlin f\u00fcr den Vertrieb von Werkzeugmaschinen und technischen Halbzeugen, wie gelochten Metallen, Gitter und Gitterroste. In den [&hellip;]<\/p>\n","protected":false},"author":1,"featured_media":0,"parent":0,"menu_order":0,"comment_status":"closed","ping_status":"closed","template":"page-template-fullwidth.php","meta":{"_et_pb_use_builder":"on","_et_pb_old_content":"<!-- wp:divi\/placeholder \/-->","_et_gb_content_width":"","footnotes":""},"class_list":["post-258","page","type-page","status-publish","hentry"],"_links":{"self":[{"href":"https:\/\/www.riffelblech.berlin\/rotec-berlin\/en\/wp-json\/wp\/v2\/pages\/258","targetHints":{"allow":["GET"]}}],"collection":[{"href":"https:\/\/www.riffelblech.berlin\/rotec-berlin\/en\/wp-json\/wp\/v2\/pages"}],"about":[{"href":"https:\/\/www.riffelblech.berlin\/rotec-berlin\/en\/wp-json\/wp\/v2\/types\/page"}],"author":[{"embeddable":true,"href":"https:\/\/www.riffelblech.berlin\/rotec-berlin\/en\/wp-json\/wp\/v2\/users\/1"}],"replies":[{"embeddable":true,"href":"https:\/\/www.riffelblech.berlin\/rotec-berlin\/en\/wp-json\/wp\/v2\/comments?post=258"}],"version-history":[{"count":5,"href":"https:\/\/www.riffelblech.berlin\/rotec-berlin\/en\/wp-json\/wp\/v2\/pages\/258\/revisions"}],"predecessor-version":[{"id":890,"href":"https:\/\/www.riffelblech.berlin\/rotec-berlin\/en\/wp-json\/wp\/v2\/pages\/258\/revisions\/890"}],"wp:attachment":[{"href":"https:\/\/www.riffelblech.berlin\/rotec-berlin\/en\/wp-json\/wp\/v2\/media?parent=258"}],"curies":[{"name":"wp","href":"https:\/\/api.w.org\/{rel}","templated":true}]}}