{"id":240,"date":"2024-04-09T12:48:53","date_gmt":"2024-04-09T10:48:53","guid":{"rendered":"https:\/\/www.riffelblech.berlin\/rotec-berlin\/?page_id=240"},"modified":"2024-06-06T09:54:00","modified_gmt":"2024-06-06T07:54:00","slug":"zaeune-tore","status":"publish","type":"page","link":"https:\/\/www.riffelblech.berlin\/rotec-berlin\/zaeune-tore\/","title":{"rendered":"Z\u00e4une &amp; Tore"},"content":{"rendered":"<p>[et_pb_section fb_built=&#8220;1&#8243; _builder_version=&#8220;4.24.3&#8243; _module_preset=&#8220;default&#8220; custom_padding=&#8220;67px|||||&#8220; global_colors_info=&#8220;{}&#8220;][et_pb_row _builder_version=&#8220;4.24.3&#8243; _module_preset=&#8220;default&#8220; width=&#8220;100%&#8220; max_width=&#8220;2560px&#8220; custom_margin=&#8220;-5%||||false|false&#8220; global_colors_info=&#8220;{}&#8220;][et_pb_column type=&#8220;4_4&#8243; _builder_version=&#8220;4.24.3&#8243; _module_preset=&#8220;default&#8220; global_colors_info=&#8220;{}&#8220;][et_pb_code admin_label=&#8220;Code&#8220; _builder_version=&#8220;4.24.3&#8243; _module_preset=&#8220;default&#8220; width=&#8220;100%&#8220; max_width=&#8220;200%&#8220; min_height=&#8220;711.3px&#8220; custom_margin=&#8220;-10px||-17.3%||false|false&#8220; custom_padding=&#8220;0px||||false|false&#8220; hover_enabled=&#8220;0&#8243; custom_css_free_form=&#8220;#headerImg {||||||\/*    clip-path: polygon(0 0, 100% 0, 100% 50%, 0 50%); *\/||||}||||&#8220; global_colors_info=&#8220;{}&#8220; sticky_enabled=&#8220;0&#8243;]<!DOCTYPE html><!-- [et_pb_line_break_holder] --><html lang=\"en\"><!-- [et_pb_line_break_holder] --><head><!-- [et_pb_line_break_holder] -->    <meta charset=\"UTF-8\"><!-- [et_pb_line_break_holder] -->    <meta name=\"viewport\" content=\"width=device-width, initial-scale=1.0\"><!-- [et_pb_line_break_holder] -->    <title>Header Gradient<\/title><!-- [et_pb_line_break_holder] -->    <\/p>\n<style><!-- [et_pb_line_break_holder] -->        body {<!-- [et_pb_line_break_holder] -->            margin: 0;<!-- [et_pb_line_break_holder] -->        }<!-- [et_pb_line_break_holder] -->        .header-wrapper {<!-- [et_pb_line_break_holder] -->            position: relative;<!-- [et_pb_line_break_holder] -->            width: 100%;<!-- [et_pb_line_break_holder] -->            display: flex;<!-- [et_pb_line_break_holder] -->            justify-content: center;<!-- [et_pb_line_break_holder] -->            align-items: center;<!-- [et_pb_line_break_holder] -->        }<!-- [et_pb_line_break_holder] --> .gradient-background {<!-- [et_pb_line_break_holder] -->            position: absolute;<!-- [et_pb_line_break_holder] -->            top: 0;<!-- [et_pb_line_break_holder] -->            left: 0;<!-- [et_pb_line_break_holder] -->            width: 100%;<!-- [et_pb_line_break_holder] -->            z-index: 0;<!-- [et_pb_line_break_holder] -->            background: linear-gradient(to right, rgba(128, 128, 128, 0.6) 0%, rgba(255, 255, 255, 0) 50%) left \/ 50% 100% no-repeat,<!-- [et_pb_line_break_holder] -->                        linear-gradient(to left, rgba(128, 128, 128, 0.6) 0%, rgba(255, 255, 255, 0) 50%) right \/ 50% 100% no-repeat;<!-- [et_pb_line_break_holder] -->        }<!-- [et_pb_line_break_holder] -->        #headerImg {<!-- [et_pb_line_break_holder] -->            display: block;<!-- [et_pb_line_break_holder] -->            z-index: 1;<!-- [et_pb_line_break_holder] -->            position: relative;<!-- [et_pb_line_break_holder] -->        }<!-- [et_pb_line_break_holder] -->        .overlay {<!-- [et_pb_line_break_holder] -->            position: absolute;<!-- [et_pb_line_break_holder] -->            bottom: 55%;<!-- [et_pb_line_break_holder] -->            right: 59%;<!-- [et_pb_line_break_holder] -->            top: 20%;<!-- [et_pb_line_break_holder] -->            background-color: rgba(255, 255, 255, 0.8);<!-- [et_pb_line_break_holder] -->            padding: 25px;<!-- [et_pb_line_break_holder] -->            border-radius: 0;<!-- [et_pb_line_break_holder] -->            color: #030644;<!-- [et_pb_line_break_holder] -->            z-index: 2;<!-- [et_pb_line_break_holder] -->            height: 10%;<!-- [et_pb_line_break_holder] -->        }<!-- [et_pb_line_break_holder] -->        .overlay-text {<!-- [et_pb_line_break_holder] -->            font-size: 1.5vw;<!-- [et_pb_line_break_holder] -->            line-height: 0.1;<!-- [et_pb_line_break_holder] -->            white-space: normal;<!-- [et_pb_line_break_holder] -->            overflow-wrap: break-word;<!-- [et_pb_line_break_holder] -->        }<!-- [et_pb_line_break_holder] -->    <\/style>\n<p><!-- [et_pb_line_break_holder] --><\/head><!-- [et_pb_line_break_holder] --><body><!-- [et_pb_line_break_holder] -->    <\/p>\n<div class=\"header-wrapper\"><!-- [et_pb_line_break_holder] -->        <\/p>\n<div class=\"gradient-background\"><\/div>\n<p><!-- [et_pb_line_break_holder] -->        <img decoding=\"async\" id=\"headerImg\" src=\"https:\/\/www.riffelblech.berlin\/rotec-berlin\/wp-content\/uploads\/sites\/9\/2024\/05\/header_zaeune_tore.jpg\" alt=\"Header Image\"><!-- [et_pb_line_break_holder] -->        <\/p>\n<div class=\"overlay\"><!-- [et_pb_line_break_holder] -->            <\/p>\n<div class=\"overlay-text\"><!-- [et_pb_line_break_holder] -->                <strong>Z\u00e4une &#038; Tore<\/strong><!-- [et_pb_line_break_holder] -->            <\/div>\n<p><!-- [et_pb_line_break_holder] -->        <\/div>\n<p><!-- [et_pb_line_break_holder] -->    <\/div>\n<p><!-- [et_pb_line_break_holder] --><!-- [et_pb_line_break_holder] -->    <script><!-- [et_pb_line_break_holder] -->        window.addEventListener(\"load\", function() {<!-- [et_pb_line_break_holder] -->            const image = document.querySelector(\"#headerImg\");<!-- [et_pb_line_break_holder] -->            if (!image) return; \/\/ Stop if image is not found<!-- [et_pb_line_break_holder] --><!-- [et_pb_line_break_holder] -->            const overlayText = document.querySelector(\".overlay-text\");<!-- [et_pb_line_break_holder] --><!-- [et_pb_line_break_holder] -->            \/\/ Extract the last part of the URL path<!-- [et_pb_line_break_holder] -->            const urlPath = window.location.pathname;<!-- [et_pb_line_break_holder] -->            const pathSegments = urlPath.split('\/').filter(Boolean); \/\/ Remove any empty strings due to trailing slashes<!-- [et_pb_line_break_holder] -->            let textFromUrl = \"Z\u00e4une & Tore\";<!-- [et_pb_line_break_holder] -->            <!-- [et_pb_line_break_holder] -->            overlayText.innerHTML = `<strong>${textFromUrl}<\/strong>`; \/\/ Use text from URL with first letter capitalized<!-- [et_pb_line_break_holder] --><!-- [et_pb_line_break_holder] -->            \/\/ Adjust the height of the gradient background to match the image height<!-- [et_pb_line_break_holder] -->            const gradientBackground = document.querySelector(\".gradient-background\");<!-- [et_pb_line_break_holder] -->            gradientBackground.style.height = `${image.offsetHeight}px`;<!-- [et_pb_line_break_holder] -->        });<!-- [et_pb_line_break_holder] -->    <\/script><!-- [et_pb_line_break_holder] --><\/body><!-- [et_pb_line_break_holder] --><\/html><!-- [et_pb_line_break_holder] -->[\/et_pb_code][\/et_pb_column][\/et_pb_row][et_pb_row column_structure=&#8220;1_2,1_2&#8243; _builder_version=&#8220;4.24.3&#8243; _module_preset=&#8220;default&#8220; width=&#8220;100%&#8220; max_width=&#8220;1632px&#8220; global_colors_info=&#8220;{}&#8220;][et_pb_column type=&#8220;1_2&#8243; _builder_version=&#8220;4.24.3&#8243; _module_preset=&#8220;default&#8220; global_colors_info=&#8220;{}&#8220;][et_pb_image src=&#8220;https:\/\/www.riffelblech.berlin\/rotec-berlin\/wp-content\/uploads\/sites\/9\/2024\/06\/p4_zt_m1.jpg&#8220; title_text=&#8220;p4_zt_m1&#8243; _builder_version=&#8220;4.24.3&#8243; _module_preset=&#8220;default&#8220; min_height=&#8220;520.5px&#8220; global_colors_info=&#8220;{}&#8220;][\/et_pb_image][\/et_pb_column][et_pb_column type=&#8220;1_2&#8243; _builder_version=&#8220;4.24.3&#8243; _module_preset=&#8220;default&#8220; global_colors_info=&#8220;{}&#8220;][et_pb_text _builder_version=&#8220;4.24.3&#8243; _module_preset=&#8220;default&#8220; text_text_color=&#8220;#040B3F&#8220; text_font_size=&#8220;18px&#8220; header_text_color=&#8220;#030644&#8243; global_colors_info=&#8220;{}&#8220;]<\/p>\n<h1>Gitterzaun aus Doppelstabmatten<\/h1>\n<p>[PLATZHALTER TEXT]<br \/>Der Doppelstabmattenzaun geh\u00f6rt zu den meistverkauftesten Zaunanlagen in Europa. Er ist langlebig, robust und hat ein optimales Verh\u00e4ltnis zwischen Preis und Leistung. Der Doppelstabmattenzaun findet seinen Einsatz sowohl im privaten Bereich, als auch als Industriezaun zur Absicherung von Industriegebieten. Die rotec Doppelstabmatten-Zaunanlagen erf\u00fcllen die h\u00f6chsten Anspr\u00fcche an Stabilit\u00e4t, Farbgestaltung, Korrosionsschutz und Sicherheit.<\/p>\n<p>Unser Gittermattenzaun wurde im Laufe der Jahre kontinuierlich weiterentwickelt, um allen Anforderungen gerecht zu werden. So reicht die Palette der Einsatzbereiche vom klassischen Gartenzaun \u00fcber Ballfangz\u00e4une f\u00fcr Sportanlagen bis zu speziellen Ausf\u00fchrungen, wie z.B. Kinderg\u00e4rten- oder Spielpl\u00e4tzz\u00e4unen.\u00a0<\/p>\n<p><em><span style=\"text-decoration: underline;\"><span style=\"color: #3366ff;\"><a href=\"127.0.0.1\" target=\"_blank\" rel=\"noopener\" style=\"color: #3366ff; text-decoration: underline;\">Technische Infos und Datenbl\u00e4tter auf Rotecpedia<\/a><\/span><br \/><\/span><\/em><br \/><span style=\"color: #3366ff;\"><em><span style=\"text-decoration: underline;\"><a href=\"127.0.0.1\" target=\"_blank\" rel=\"noopener\" style=\"color: #3366ff; text-decoration: underline;\">Produkte im Shop ansehen<\/a><\/span><\/em><\/span><\/p>\n<p>[\/et_pb_text][\/et_pb_column][\/et_pb_row][et_pb_row column_structure=&#8220;1_2,1_2&#8243; _builder_version=&#8220;4.24.3&#8243; _module_preset=&#8220;default&#8220; width=&#8220;100%&#8220; max_width=&#8220;1632px&#8220; global_colors_info=&#8220;{}&#8220;][et_pb_column type=&#8220;1_2&#8243; _builder_version=&#8220;4.24.3&#8243; _module_preset=&#8220;default&#8220; global_colors_info=&#8220;{}&#8220;][et_pb_image src=&#8220;https:\/\/www.riffelblech.berlin\/rotec-berlin\/wp-content\/uploads\/sites\/9\/2024\/06\/p4_zt_m2.jpg&#8220; title_text=&#8220;p4_zt_m2&#8243; _builder_version=&#8220;4.24.3&#8243; _module_preset=&#8220;default&#8220; custom_padding=&#8220;||0px|||&#8220; global_colors_info=&#8220;{}&#8220;][\/et_pb_image][\/et_pb_column][et_pb_column type=&#8220;1_2&#8243; _builder_version=&#8220;4.24.3&#8243; _module_preset=&#8220;default&#8220; global_colors_info=&#8220;{}&#8220;][et_pb_text _builder_version=&#8220;4.24.3&#8243; _module_preset=&#8220;default&#8220; text_text_color=&#8220;#040B3F&#8220; text_font_size=&#8220;18px&#8220; header_text_color=&#8220;#030644&#8243; global_colors_info=&#8220;{}&#8220;]<\/p>\n<h1>Schutz und Sicherheit mit Stromzaun<\/h1>\n<p>[PLATZHALTER TEXT]<br \/>R\u00fcsten Sie Ihren bestehenden oder neuen Zaun einfach und effektiv zum Sicherheitszaun auf. Das Stromzaun-System eignet sich auch als \u00dcbersteigschutz an Mauern, Fassaden und D\u00e4chern.<\/p>\n<ul>\n<li>durchschnittlicher R\u00fcckgang der Einbruchsraten von \u00fcber 95%<\/li>\n<li>bis zu 100% Schutz vor Vandalismus und unerlaubtem Betreten<\/li>\n<li>weltweit weist kein anderes System weniger Fehlermeldungen auf<\/li>\n<li>Zuverl\u00e4ssigkeit: 99,89 %<\/li>\n<\/ul>\n<p>Stromzaun APS ist ein EU- International Zertifiziertes Prokukt mit h\u00f6chster Sicherheitszulassung: IEC1011 NEN5237, ICE60335-2-76.<\/p>\n<p><em><span style=\"text-decoration: underline;\"><span style=\"color: #3366ff;\"><a href=\"127.0.0.1\" target=\"_blank\" rel=\"noopener\" style=\"color: #3366ff; text-decoration: underline;\">Technische Infos und Datenbl\u00e4tter auf Rotecpedia<\/a><\/span><br \/><\/span><\/em><br \/><span style=\"color: #3366ff;\"><em><span style=\"text-decoration: underline;\"><a href=\"127.0.0.1\" target=\"_blank\" rel=\"noopener\" style=\"color: #3366ff; text-decoration: underline;\">Produkte im Shop ansehen<\/a><\/span><\/em><\/span><\/p>\n<p>[\/et_pb_text][\/et_pb_column][\/et_pb_row][et_pb_row column_structure=&#8220;1_2,1_2&#8243; _builder_version=&#8220;4.24.3&#8243; _module_preset=&#8220;default&#8220; width=&#8220;100%&#8220; max_width=&#8220;1632px&#8220; global_colors_info=&#8220;{}&#8220;][et_pb_column type=&#8220;1_2&#8243; _builder_version=&#8220;4.24.3&#8243; _module_preset=&#8220;default&#8220; global_colors_info=&#8220;{}&#8220;][et_pb_image src=&#8220;https:\/\/www.riffelblech.berlin\/rotec-berlin\/wp-content\/uploads\/sites\/9\/2024\/06\/p4_zt_m3.jpg&#8220; title_text=&#8220;p4_zt_m3&#8243; _builder_version=&#8220;4.24.3&#8243; _module_preset=&#8220;default&#8220; custom_padding=&#8220;||0px|||&#8220; global_colors_info=&#8220;{}&#8220;][\/et_pb_image][\/et_pb_column][et_pb_column type=&#8220;1_2&#8243; _builder_version=&#8220;4.24.3&#8243; _module_preset=&#8220;default&#8220; global_colors_info=&#8220;{}&#8220;][et_pb_text _builder_version=&#8220;4.24.3&#8243; _module_preset=&#8220;default&#8220; text_text_color=&#8220;#040B3F&#8220; text_font_size=&#8220;18px&#8220; header_text_color=&#8220;#030644&#8243; global_colors_info=&#8220;{}&#8220;]<\/p>\n<h1>Historische Schmiedez\u00e4une aus Berlin<\/h1>\n<p>[PLATZHALTER TEXT]<br \/>Erg\u00e4nzend zu unseren modernen Zaunsystemen finden Sie hier hochwertige Schmiede-Zaunanlagen, die historischen Vorbildern nachempfunden sind. Durch die Verbindung alter Handwerkskunst mit modernster Fertigungstechnik sind hier Schmiedez\u00e4une entstanden, die h\u00f6chsten Anspr\u00fcchen gerecht werden.<\/p>\n<p>Die unten gezeigten Schmiedez\u00e4une sind in den Standardausf\u00fchrungen in der Regel sofort ab Lager lieferbar.<\/p>\n<p>N\u00e4here Informationen \u00fcber unsere Schmiedez\u00e4une und eine Wiederverkaufspreisliste erhalten Sie per Anfrage von:<\/p>\n<ul>\n<li>Andreas Linse, 030 789039-45<\/li>\n<\/ul>\n<p><em><span style=\"text-decoration: underline;\"><span style=\"color: #3366ff;\"><a href=\"127.0.0.1\" target=\"_blank\" rel=\"noopener\" style=\"color: #3366ff; text-decoration: underline;\">Technische Infos und Datenbl\u00e4tter auf Rotecpedia<\/a><\/span><br \/><\/span><\/em><br \/><span style=\"color: #3366ff;\"><em><span style=\"text-decoration: underline;\"><a href=\"127.0.0.1\" target=\"_blank\" rel=\"noopener\" style=\"color: #3366ff; text-decoration: underline;\">Produkte im Shop ansehen<\/a><\/span><\/em><\/span><\/p>\n<p>[\/et_pb_text][\/et_pb_column][\/et_pb_row][\/et_pb_section]<\/p>\n","protected":false},"excerpt":{"rendered":"<p>Gitterzaun aus Doppelstabmatten [PLATZHALTER TEXT]Der Doppelstabmattenzaun geh\u00f6rt zu den meistverkauftesten Zaunanlagen in Europa. Er ist langlebig, robust und hat ein optimales Verh\u00e4ltnis zwischen Preis und Leistung. Der Doppelstabmattenzaun findet seinen Einsatz sowohl im privaten Bereich, als auch als Industriezaun zur Absicherung von Industriegebieten. Die rotec Doppelstabmatten-Zaunanlagen erf\u00fcllen die h\u00f6chsten Anspr\u00fcche an Stabilit\u00e4t, Farbgestaltung, Korrosionsschutz und [&hellip;]<\/p>\n","protected":false},"author":1,"featured_media":0,"parent":0,"menu_order":0,"comment_status":"closed","ping_status":"closed","template":"page-template-fullwidth.php","meta":{"_et_pb_use_builder":"on","_et_pb_old_content":"<!-- wp:divi\/placeholder \/-->","_et_gb_content_width":"","footnotes":""},"class_list":["post-240","page","type-page","status-publish","hentry"],"_links":{"self":[{"href":"https:\/\/www.riffelblech.berlin\/rotec-berlin\/wp-json\/wp\/v2\/pages\/240","targetHints":{"allow":["GET"]}}],"collection":[{"href":"https:\/\/www.riffelblech.berlin\/rotec-berlin\/wp-json\/wp\/v2\/pages"}],"about":[{"href":"https:\/\/www.riffelblech.berlin\/rotec-berlin\/wp-json\/wp\/v2\/types\/page"}],"author":[{"embeddable":true,"href":"https:\/\/www.riffelblech.berlin\/rotec-berlin\/wp-json\/wp\/v2\/users\/1"}],"replies":[{"embeddable":true,"href":"https:\/\/www.riffelblech.berlin\/rotec-berlin\/wp-json\/wp\/v2\/comments?post=240"}],"version-history":[{"count":20,"href":"https:\/\/www.riffelblech.berlin\/rotec-berlin\/wp-json\/wp\/v2\/pages\/240\/revisions"}],"predecessor-version":[{"id":870,"href":"https:\/\/www.riffelblech.berlin\/rotec-berlin\/wp-json\/wp\/v2\/pages\/240\/revisions\/870"}],"wp:attachment":[{"href":"https:\/\/www.riffelblech.berlin\/rotec-berlin\/wp-json\/wp\/v2\/media?parent=240"}],"curies":[{"name":"wp","href":"https:\/\/api.w.org\/{rel}","templated":true}]}}