{"id":246,"date":"2024-04-09T12:50:24","date_gmt":"2024-04-09T10:50:24","guid":{"rendered":"https:\/\/www.riffelblech.berlin\/rotec-berlin\/?page_id=246"},"modified":"2024-06-18T11:00:47","modified_gmt":"2024-06-18T09:00:47","slug":"gitterroste-sicherheitsstufen","status":"publish","type":"page","link":"https:\/\/www.riffelblech.berlin\/rotec-berlin\/gitterroste-sicherheitsstufen\/","title":{"rendered":"Gitterroste &amp; Sicherheitsstufen"},"content":{"rendered":"<p>[et_pb_section fb_built=&#8220;1&#8243; _builder_version=&#8220;4.24.3&#8243; _module_preset=&#8220;default&#8220; custom_padding=&#8220;67px|||||&#8220; global_colors_info=&#8220;{}&#8220;][et_pb_row _builder_version=&#8220;4.24.3&#8243; _module_preset=&#8220;default&#8220; width=&#8220;100%&#8220; max_width=&#8220;2560px&#8220; custom_margin=&#8220;-6.6%|auto||auto|false|false&#8220; hover_enabled=&#8220;0&#8243; global_colors_info=&#8220;{}&#8220; sticky_enabled=&#8220;0&#8243;][et_pb_column type=&#8220;4_4&#8243; _builder_version=&#8220;4.24.3&#8243; _module_preset=&#8220;default&#8220; global_colors_info=&#8220;{}&#8220;][et_pb_code admin_label=&#8220;Code&#8220; _builder_version=&#8220;4.24.3&#8243; _module_preset=&#8220;default&#8220; width=&#8220;100%&#8220; max_width=&#8220;100%&#8220; min_height=&#8220;616.2px&#8220; custom_margin=&#8220;||-10%||false|false&#8220; custom_padding=&#8220;0px||||false|false&#8220; custom_css_free_form=&#8220;#headerImg {||||||||}||||&#8220; global_colors_info=&#8220;{}&#8220;]<script><!-- [et_pb_line_break_holder] -->window.addEventListener(\"load\", function() {<!-- [et_pb_line_break_holder] -->    const image = document.querySelector(\"#headerImg\");<!-- [et_pb_line_break_holder] -->    if (!image) return; \/\/ Stop if image is not found<!-- [et_pb_line_break_holder] --><!-- [et_pb_line_break_holder] -->    const overlay = document.createElement(\"div\");<!-- [et_pb_line_break_holder] -->    const overlayText = document.createElement(\"div\");<!-- [et_pb_line_break_holder] --><!-- [et_pb_line_break_holder] -->    overlay.classList.add(\"overlay\");<!-- [et_pb_line_break_holder] -->    overlayText.classList.add(\"overlay-text\");<!-- [et_pb_line_break_holder] -->    <!-- [et_pb_line_break_holder] -->    \/\/ Extract the last part of the URL path<!-- [et_pb_line_break_holder] -->    const urlPath = window.location.pathname;<!-- [et_pb_line_break_holder] -->    const pathSegments = urlPath.split('\/').filter(Boolean); \/\/ Remove any empty strings due to trailing slashes<!-- [et_pb_line_break_holder] -->    let textFromUrl = \"Gitterroste & Sicherheitsstufen\";<!-- [et_pb_line_break_holder] -->    <!-- [et_pb_line_break_holder] -->    overlayText.innerHTML = `<strong>${textFromUrl}<\/strong>`; \/\/ Use text from URL with first letter capitalized<!-- [et_pb_line_break_holder] --><!-- [et_pb_line_break_holder] -->    overlayText.style.fontSize = \"1.5vw\";<!-- [et_pb_line_break_holder] -->    overlayText.style.lineHeight = '0.6';<!-- [et_pb_line_break_holder] -->    overlayText.style.whiteSpace = 'normal';<!-- [et_pb_line_break_holder] -->    overlayText.style.overflowWrap = 'break-word';<!-- [et_pb_line_break_holder] --><!-- [et_pb_line_break_holder] -->    overlay.style.position = 'absolute';<!-- [et_pb_line_break_holder] -->    overlay.style.bottom = '55%';<!-- [et_pb_line_break_holder] -->    overlay.style.right = '55%';<!-- [et_pb_line_break_holder] -->    overlay.style.top = '25%';<!-- [et_pb_line_break_holder] -->    overlay.style.backgroundColor = 'rgba(255,255,255,0.8)';<!-- [et_pb_line_break_holder] -->    overlay.style.padding = '12px';<!-- [et_pb_line_break_holder] -->    overlay.style.borderRadius = '0px';<!-- [et_pb_line_break_holder] -->    overlay.style.color = '#030644';<!-- [et_pb_line_break_holder] -->    overlay.style.zIndex = '2';<!-- [et_pb_line_break_holder] -->    overlay.style.height = '10%';<!-- [et_pb_line_break_holder] --><!-- [et_pb_line_break_holder] -->    if (image.parentNode) {<!-- [et_pb_line_break_holder] -->        image.parentNode.style.position = 'relative';<!-- [et_pb_line_break_holder] -->    }<!-- [et_pb_line_break_holder] --><!-- [et_pb_line_break_holder] -->    overlay.appendChild(overlayText);<!-- [et_pb_line_break_holder] -->    image.parentNode.insertBefore(overlay, image.nextSibling);<!-- [et_pb_line_break_holder] -->});<!-- [et_pb_line_break_holder] --><\/script><!-- [et_pb_line_break_holder] --><!-- [et_pb_line_break_holder] --><img decoding=\"async\" id=\"headerImg\" src=\"https:\/\/www.riffelblech.berlin\/rotec-berlin\/wp-content\/uploads\/sites\/9\/2024\/05\/header_gitterroste.jpg\"><\/img><!-- [et_pb_line_break_holder] -->\u00a0[\/et_pb_code][\/et_pb_column][\/et_pb_row][et_pb_row _builder_version=&#8220;4.24.3&#8243; _module_preset=&#8220;default&#8220; max_width=&#8220;2560px&#8220; width=&#8220;100%&#8220;][et_pb_column _builder_version=&#8220;4.24.3&#8243; _module_preset=&#8220;default&#8220; type=&#8220;4_4&#8243;][et_pb_code _builder_version=&#8220;4.24.3&#8243; _module_preset=&#8220;default&#8220; hover_enabled=&#8220;0&#8243; sticky_enabled=&#8220;0&#8243; max_width=&#8220;100%&#8220; custom_margin=&#8220;-152px|||||&#8220;]<\/p>\n<hr style=\"height: 38px; background-color:  #413d42<!-- [et_pb_line_break_holder] -->; border: none;&#8220;><!-- [et_pb_line_break_holder] -->[\/et_pb_code][\/et_pb_column][\/et_pb_row][et_pb_row column_structure=&#8220;1_2,1_2&#8243; _builder_version=&#8220;4.24.3&#8243; _module_preset=&#8220;default&#8220; width=&#8220;100%&#8220; max_width=&#8220;1632px&#8220; global_colors_info=&#8220;{}&#8220;][et_pb_column type=&#8220;1_2&#8243; _builder_version=&#8220;4.24.3&#8243; _module_preset=&#8220;default&#8220; global_colors_info=&#8220;{}&#8220;][et_pb_image src=&#8220;https:\/\/www.riffelblech.berlin\/rotec-berlin\/wp-content\/uploads\/sites\/9\/2024\/06\/p2_gs_m1.jpg&#8220; title_text=&#8220;p2_gs_m1&#8243; _builder_version=&#8220;4.24.3&#8243; _module_preset=&#8220;default&#8220; custom_margin=&#8220;-5px|||||&#8220; custom_padding=&#8220;0px|||||&#8220; global_colors_info=&#8220;{}&#8220;][\/et_pb_image][\/et_pb_column][et_pb_column type=&#8220;1_2&#8243; _builder_version=&#8220;4.24.3&#8243; _module_preset=&#8220;default&#8220; global_colors_info=&#8220;{}&#8220;][et_pb_text _builder_version=&#8220;4.24.3&#8243; _module_preset=&#8220;default&#8220; text_text_color=&#8220;#040B3F&#8220; text_font_size=&#8220;18px&#8220; header_text_color=&#8220;#030644&#8243; global_colors_info=&#8220;{}&#8220;]<\/p>\n<p>Gitterroste sind vielseitige und robuste Bauelemente, die in verschiedenen Bereichen eingesetzt werden, von industriellen Anlagen bis hin zu \u00f6ffentlichen Geb\u00e4uden und privaten Haushalten.<\/p>\n<p>Sie bestehen typischerweise aus einer Reihe von parallelen St\u00e4ben oder Profilen, die miteinander verbunden sind, um ein Gittermuster zu bilden. Diese Konstruktion erm\u00f6glicht eine optimale Bel\u00fcftung, Entw\u00e4sserung und Durchl\u00e4ssigkeit, bei gleichzeitiger hoher Tragf\u00e4higkeit und Robustheit<\/p>\n<p>&nbsp;<\/p>\n<p>&nbsp;<\/p>\n<p>[\/et_pb_text][\/et_pb_column][\/et_pb_row][et_pb_row column_structure=&#8220;1_2,1_2&#8243; _builder_version=&#8220;4.24.3&#8243; _module_preset=&#8220;default&#8220; width=&#8220;100%&#8220; max_width=&#8220;1632px&#8220; global_colors_info=&#8220;{}&#8220;][et_pb_column type=&#8220;1_2&#8243; _builder_version=&#8220;4.24.3&#8243; _module_preset=&#8220;default&#8220; global_colors_info=&#8220;{}&#8220;][et_pb_image src=&#8220;https:\/\/www.riffelblech.berlin\/rotec-berlin\/wp-content\/uploads\/sites\/9\/2024\/06\/p2_gs_m2.jpg&#8220; title_text=&#8220;p2_gs_m2&#8243; _builder_version=&#8220;4.24.3&#8243; _module_preset=&#8220;default&#8220; custom_margin=&#8220;-5px|||||&#8220; custom_padding=&#8220;0px|||||&#8220; global_colors_info=&#8220;{}&#8220;][\/et_pb_image][\/et_pb_column][et_pb_column type=&#8220;1_2&#8243; _builder_version=&#8220;4.24.3&#8243; _module_preset=&#8220;default&#8220; global_colors_info=&#8220;{}&#8220;][et_pb_text _builder_version=&#8220;4.24.3&#8243; _module_preset=&#8220;default&#8220; text_text_color=&#8220;#040B3F&#8220; text_font_size=&#8220;18px&#8220; header_text_color=&#8220;#030644&#8243; global_colors_info=&#8220;{}&#8220;]<\/p>\n<h1><\/h1>\n<p>Dank dieser breiten Auswahl kann rotec Berlin kurze Lieferzeiten anbieten und individuelle Blechzuschnitte sowie eine Vielzahl von Bearbeitungsm\u00f6glichkeiten realisieren. Dazu z\u00e4hlen Schneiden, Biegen, Stanzen, Rundrollen, Schwei\u00dfen und Lasern.<\/p>\n<p>&nbsp;<\/p>\n<p>&nbsp;<\/p>\n<p>[\/et_pb_text][\/et_pb_column][\/et_pb_row][et_pb_row column_structure=&#8220;1_2,1_2&#8243; _builder_version=&#8220;4.24.3&#8243; _module_preset=&#8220;default&#8220; width=&#8220;100%&#8220; max_width=&#8220;1632px&#8220; global_colors_info=&#8220;{}&#8220;][et_pb_column type=&#8220;1_2&#8243; _builder_version=&#8220;4.24.3&#8243; _module_preset=&#8220;default&#8220; global_colors_info=&#8220;{}&#8220;][et_pb_image src=&#8220;https:\/\/www.riffelblech.berlin\/rotec-berlin\/wp-content\/uploads\/sites\/9\/2024\/06\/p2_gs_m3.jpg&#8220; title_text=&#8220;p2_gs_m3&#8243; _builder_version=&#8220;4.24.3&#8243; _module_preset=&#8220;default&#8220; custom_margin=&#8220;-5px|||||&#8220; custom_padding=&#8220;0px|||||&#8220; global_colors_info=&#8220;{}&#8220;][\/et_pb_image][\/et_pb_column][et_pb_column type=&#8220;1_2&#8243; _builder_version=&#8220;4.24.3&#8243; _module_preset=&#8220;default&#8220; global_colors_info=&#8220;{}&#8220;][et_pb_text _builder_version=&#8220;4.24.3&#8243; _module_preset=&#8220;default&#8220; text_text_color=&#8220;#040B3F&#8220; text_font_size=&#8220;18px&#8220; header_text_color=&#8220;#030644&#8243; global_colors_info=&#8220;{}&#8220;]<\/p>\n<p>Die Gitterroste von rotec zeichnen sich durch ihre hohe Belastbarkeit und Langlebigkeit aus. Unser Sortiment umfasst Gitterroste aus erstklassigen Materialien wie Stahl K60, Aluminium, Edelstahl 1.4301 oder 1.4571 sowie GFK.<br \/>Unsere Gitterroste finden vielf\u00e4ltige Anwendungsm\u00f6glichkeiten, sei es in Industriebauten, \u00f6ffentlichen oder privaten Anlagen sowie in der Landwirtschaft. Sie dienen beispielsweise als Laufstege, komplette Spindeltreppen, Deckenraster und Fassadengitterroste.<\/p>\n<p>&nbsp;<\/p>\n<p>&nbsp;<\/p>\n<p>[\/et_pb_text][\/et_pb_column][\/et_pb_row][\/et_pb_section]<\/p>\n","protected":false},"excerpt":{"rendered":"","protected":false},"author":1,"featured_media":0,"parent":0,"menu_order":0,"comment_status":"closed","ping_status":"closed","template":"page-template-fullwidth.php","meta":{"_et_pb_use_builder":"on","_et_pb_old_content":"<!-- wp:divi\/placeholder \/-->","_et_gb_content_width":"","footnotes":""},"class_list":["post-246","page","type-page","status-publish","hentry"],"_links":{"self":[{"href":"https:\/\/www.riffelblech.berlin\/rotec-berlin\/wp-json\/wp\/v2\/pages\/246","targetHints":{"allow":["GET"]}}],"collection":[{"href":"https:\/\/www.riffelblech.berlin\/rotec-berlin\/wp-json\/wp\/v2\/pages"}],"about":[{"href":"https:\/\/www.riffelblech.berlin\/rotec-berlin\/wp-json\/wp\/v2\/types\/page"}],"author":[{"embeddable":true,"href":"https:\/\/www.riffelblech.berlin\/rotec-berlin\/wp-json\/wp\/v2\/users\/1"}],"replies":[{"embeddable":true,"href":"https:\/\/www.riffelblech.berlin\/rotec-berlin\/wp-json\/wp\/v2\/comments?post=246"}],"version-history":[{"count":19,"href":"https:\/\/www.riffelblech.berlin\/rotec-berlin\/wp-json\/wp\/v2\/pages\/246\/revisions"}],"predecessor-version":[{"id":897,"href":"https:\/\/www.riffelblech.berlin\/rotec-berlin\/wp-json\/wp\/v2\/pages\/246\/revisions\/897"}],"wp:attachment":[{"href":"https:\/\/www.riffelblech.berlin\/rotec-berlin\/wp-json\/wp\/v2\/media?parent=246"}],"curies":[{"name":"wp","href":"https:\/\/api.w.org\/{rel}","templated":true}]}}