{"id":254,"date":"2024-04-09T12:54:28","date_gmt":"2024-04-09T10:54:28","guid":{"rendered":"https:\/\/www.riffelblech.berlin\/rotec-berlin\/?page_id=254"},"modified":"2024-07-26T08:52:52","modified_gmt":"2024-07-26T06:52:52","slug":"wir-ueber-uns","status":"publish","type":"page","link":"https:\/\/www.riffelblech.berlin\/rotec-berlin\/wir-ueber-uns\/","title":{"rendered":"Wir \u00fcber uns"},"content":{"rendered":"<p>[et_pb_section fb_built=&#8220;1&#8243; _builder_version=&#8220;4.24.3&#8243; _module_preset=&#8220;default&#8220; custom_padding=&#8220;67px|||||&#8220; global_colors_info=&#8220;{}&#8220;][et_pb_row _builder_version=&#8220;4.24.3&#8243; _module_preset=&#8220;default&#8220; width=&#8220;100%&#8220; max_width=&#8220;2560px&#8220; custom_margin=&#8220;-5%||||false|false&#8220; global_colors_info=&#8220;{}&#8220;][et_pb_column type=&#8220;4_4&#8243; _builder_version=&#8220;4.24.3&#8243; _module_preset=&#8220;default&#8220; global_colors_info=&#8220;{}&#8220;][et_pb_code admin_label=&#8220;Code&#8220; _builder_version=&#8220;4.24.3&#8243; _module_preset=&#8220;default&#8220; width=&#8220;200%&#8220; max_width=&#8220;200%&#8220; min_height=&#8220;100px&#8220; custom_margin=&#8220;-10px||-12.3%||false|false&#8220; custom_padding=&#8220;|625px||||&#8220; custom_css_free_form=&#8220;#headerImg {||||||    clip-path: polygon(0 0, 100% 0, 100% 50%, 0 50%);||||}||||&#8220; global_colors_info=&#8220;{}&#8220;]<script><!-- [et_pb_line_break_holder] -->window.addEventListener(\"load\", function() {<!-- [et_pb_line_break_holder] -->    const image = document.querySelector(\"#headerImg\");<!-- [et_pb_line_break_holder] -->    if (!image) return; \/\/ Stop if image is not found<!-- [et_pb_line_break_holder] --><!-- [et_pb_line_break_holder] -->    const overlay = document.createElement(\"div\");<!-- [et_pb_line_break_holder] -->    const overlayText = document.createElement(\"div\");<!-- [et_pb_line_break_holder] --><!-- [et_pb_line_break_holder] -->    overlay.classList.add(\"overlay\");<!-- [et_pb_line_break_holder] -->    overlayText.classList.add(\"overlay-text\");<!-- [et_pb_line_break_holder] -->    <!-- [et_pb_line_break_holder] -->    \/\/ Extract the last part of the URL path<!-- [et_pb_line_break_holder] -->    const urlPath = window.location.pathname;<!-- [et_pb_line_break_holder] -->    const pathSegments = urlPath.split('\/').filter(Boolean); \/\/ Remove any empty strings due to trailing slashes<!-- [et_pb_line_break_holder] -->    let textFromUrl = \"Wir, \u00fcber uns\";<!-- [et_pb_line_break_holder] -->    <!-- [et_pb_line_break_holder] -->    overlayText.innerHTML = `<strong>${textFromUrl}<\/strong>`; \/\/ Use text from URL with first letter capitalized<!-- [et_pb_line_break_holder] --><!-- [et_pb_line_break_holder] -->    overlayText.style.fontSize = \"1.5vw\";<!-- [et_pb_line_break_holder] -->    overlayText.style.lineHeight = '1.2';<!-- [et_pb_line_break_holder] -->    overlayText.style.whiteSpace = 'normal';<!-- [et_pb_line_break_holder] -->    overlayText.style.overflowWrap = 'break-word';<!-- [et_pb_line_break_holder] --><!-- [et_pb_line_break_holder] -->    overlay.style.position = 'absolute';<!-- [et_pb_line_break_holder] -->    overlay.style.bottom = '55%';<!-- [et_pb_line_break_holder] -->    overlay.style.right = '73%';<!-- [et_pb_line_break_holder] -->    overlay.style.top = '15%';<!-- [et_pb_line_break_holder] -->    overlay.style.backgroundColor = 'rgba(255,255,255,0.8)';<!-- [et_pb_line_break_holder] -->    overlay.style.padding = '10px';<!-- [et_pb_line_break_holder] -->    overlay.style.borderRadius = '0px';<!-- [et_pb_line_break_holder] -->    overlay.style.color = '#030644';<!-- [et_pb_line_break_holder] -->    overlay.style.zIndex = '2';<!-- [et_pb_line_break_holder] -->    overlay.style.height = '10%';<!-- [et_pb_line_break_holder] --><!-- [et_pb_line_break_holder] -->    if (image.parentNode) {<!-- [et_pb_line_break_holder] -->        image.parentNode.style.position = 'relative';<!-- [et_pb_line_break_holder] -->    }<!-- [et_pb_line_break_holder] --><!-- [et_pb_line_break_holder] -->    overlay.appendChild(overlayText);<!-- [et_pb_line_break_holder] -->    image.parentNode.insertBefore(overlay, image.nextSibling);<!-- [et_pb_line_break_holder] -->});<!-- [et_pb_line_break_holder] --><\/script><!-- [et_pb_line_break_holder] --><!-- [et_pb_line_break_holder] --><img decoding=\"async\" id=\"headerImg\" src=\"https:\/\/www.riffelblech.berlin\/rotec-berlin\/wp-content\/uploads\/sites\/9\/2024\/04\/headerImg-scaled.webp\"><\/img><!-- [et_pb_line_break_holder] -->\u00a0[\/et_pb_code][\/et_pb_column][\/et_pb_row][et_pb_row column_structure=&#8220;1_2,1_2&#8243; _builder_version=&#8220;4.24.3&#8243; _module_preset=&#8220;default&#8220; width=&#8220;100%&#8220; max_width=&#8220;1632px&#8220; global_colors_info=&#8220;{}&#8220;][et_pb_column type=&#8220;1_2&#8243; _builder_version=&#8220;4.24.3&#8243; _module_preset=&#8220;default&#8220; global_colors_info=&#8220;{}&#8220;][et_pb_image src=&#8220;https:\/\/www.riffelblech.berlin\/rotec-berlin\/wp-content\/uploads\/sites\/9\/2024\/04\/rotec-13-scaled.jpg&#8220; title_text=&#8220;rotec-13&#8243; _builder_version=&#8220;4.24.3&#8243; _module_preset=&#8220;default&#8220; global_colors_info=&#8220;{}&#8220;][\/et_pb_image][et_pb_image src=&#8220;https:\/\/www.riffelblech.berlin\/rotec-berlin\/wp-content\/uploads\/sites\/9\/2024\/04\/rotec-blechbearbeitung_blechlager.jpg&#8220; title_text=&#8220;rotec-blechbearbeitung_blechlager&#8220; force_fullwidth=&#8220;on&#8220; _builder_version=&#8220;4.24.3&#8243; _module_preset=&#8220;default&#8220; max_height=&#8220;445px&#8220; global_colors_info=&#8220;{}&#8220;][\/et_pb_image][\/et_pb_column][et_pb_column type=&#8220;1_2&#8243; _builder_version=&#8220;4.24.3&#8243; _module_preset=&#8220;default&#8220; global_colors_info=&#8220;{}&#8220;][et_pb_text _builder_version=&#8220;4.27.0&#8243; _module_preset=&#8220;default&#8220; text_text_color=&#8220;#040B3F&#8220; text_font_size=&#8220;18px&#8220; header_text_color=&#8220;#030644&#8243; hover_enabled=&#8220;0&#8243; global_colors_info=&#8220;{}&#8220; sticky_enabled=&#8220;0&#8243;]<\/p>\n<h1><strong>\u00dcBER UNS \u2013<span>\u00a0<\/span><\/strong>ROTEC GMBH BERLIN LANGREHR &amp; CO<\/h1>\n<p>[PLATZHALTER TEXT]<br \/>Willkommen bei rotec Berlin, einem seit Jahrzehnten f\u00fchrenden Unternehmen auf dem Gebiet von Metall- und GFK-Halbzeugen, angesiedelt im Herzen Berlins. Unsere Expertise und unser umfangreiches Sortiment machen uns zum bevorzugten Partner f\u00fcr Metallbauer, Handwerker, Maschinenbauer sowie Industrie- und Baubetriebe.<\/p>\n<p>Unsere Produktpalette ist vielseitig und umfasst hochwertige Bleche, Lochbleche, Gitterroste, sowie Spezialanfertigungen wie Sicherheitsroste, Streckgitter, und Wellengitter. Wir erweiterten unsere Angebotspalette im Jahr 2000 um Wetterschutzgitter und L\u00fcftungsgitter, die in verschiedenen Branchen, einschlie\u00dflich der Baubranche und der Energiewirtschaft, zum Einsatz kommen.<\/p>\n<p>Bei rotec setzen wir auf Qualit\u00e4t und Innovation. Unsere Produkte, von Blechen bis zu komplexen Sicherheitssystemen, unterliegen strengen Qualit\u00e4tskontrollen und sind ISO 9001 sowie DIN 1090 zertifiziert. In unserer hauseigenen Blechbearbeitung bieten wir Dienstleistungen wie Schneiden, Abkanten, Ausklinken, Bohren, Lasern und Schwei\u00dfen, die es uns erm\u00f6glichen, flexibel auf individuelle Kundenw\u00fcnsche einzugehen.<\/p>\n<p>Durch unser neues Online-Bestellsystem, den rotec ProfiShop, bieten wir unseren Kunden nicht nur eine breite Produktpalette, sondern auch eine Plattform, die den Kaufprozess vereinfacht und beschleunigt. Hier finden Kunden alles, was sie f\u00fcr ihre Projekte ben\u00f6tigen \u2013 schnell, effizient und auf h\u00f6chstem Qualit\u00e4tsniveau.<\/p>\n<p>F\u00fcr weitere Informationen und technische Unterst\u00fctzung stehen unsere erfahrenen Berater gerne zur Verf\u00fcgung. Entdecken Sie auch unsere umfangreiche Referenzliste, die Einblick in erfolgreiche Projekte und die Zufriedenheit unserer Kunden gibt.<\/p>\n<p>Besuchen Sie uns bei rotec Berlin und erleben Sie, wie wir mit Innovation, Qualit\u00e4t und einem umfassenden Serviceangebot Ihre Projekte zum Erfolg f\u00fchren. Wir freuen uns darauf, auch Sie von unserer Leistungsf\u00e4higkeit \u00fcberzeugen zu d\u00fcrfen.<\/p>\n<p>[\/et_pb_text][\/et_pb_column][\/et_pb_row][\/et_pb_section]<\/p>\n","protected":false},"excerpt":{"rendered":"<p>\u00dcBER UNS \u2013\u00a0ROTEC GMBH BERLIN LANGREHR &amp; CO [PLATZHALTER TEXT]Willkommen bei rotec Berlin, einem seit Jahrzehnten f\u00fchrenden Unternehmen auf dem Gebiet von Metall- und GFK-Halbzeugen, angesiedelt im Herzen Berlins. Unsere Expertise und unser umfangreiches Sortiment machen uns zum bevorzugten Partner f\u00fcr Metallbauer, Handwerker, Maschinenbauer sowie Industrie- und Baubetriebe. Unsere Produktpalette ist vielseitig und umfasst hochwertige [&hellip;]<\/p>\n","protected":false},"author":1,"featured_media":0,"parent":0,"menu_order":0,"comment_status":"closed","ping_status":"closed","template":"page-template-fullwidth.php","meta":{"_et_pb_use_builder":"on","_et_pb_old_content":"","_et_gb_content_width":"","footnotes":""},"class_list":["post-254","page","type-page","status-publish","hentry"],"_links":{"self":[{"href":"https:\/\/www.riffelblech.berlin\/rotec-berlin\/wp-json\/wp\/v2\/pages\/254","targetHints":{"allow":["GET"]}}],"collection":[{"href":"https:\/\/www.riffelblech.berlin\/rotec-berlin\/wp-json\/wp\/v2\/pages"}],"about":[{"href":"https:\/\/www.riffelblech.berlin\/rotec-berlin\/wp-json\/wp\/v2\/types\/page"}],"author":[{"embeddable":true,"href":"https:\/\/www.riffelblech.berlin\/rotec-berlin\/wp-json\/wp\/v2\/users\/1"}],"replies":[{"embeddable":true,"href":"https:\/\/www.riffelblech.berlin\/rotec-berlin\/wp-json\/wp\/v2\/comments?post=254"}],"version-history":[{"count":8,"href":"https:\/\/www.riffelblech.berlin\/rotec-berlin\/wp-json\/wp\/v2\/pages\/254\/revisions"}],"predecessor-version":[{"id":904,"href":"https:\/\/www.riffelblech.berlin\/rotec-berlin\/wp-json\/wp\/v2\/pages\/254\/revisions\/904"}],"wp:attachment":[{"href":"https:\/\/www.riffelblech.berlin\/rotec-berlin\/wp-json\/wp\/v2\/media?parent=254"}],"curies":[{"name":"wp","href":"https:\/\/api.w.org\/{rel}","templated":true}]}}