{"id":692,"date":"2024-04-22T13:43:36","date_gmt":"2024-04-22T11:43:36","guid":{"rendered":"https:\/\/www.riffelblech.berlin\/rotec-berlin\/?page_id=692"},"modified":"2024-06-06T10:24:04","modified_gmt":"2024-06-06T08:24:04","slug":"kontakt","status":"publish","type":"page","link":"https:\/\/www.riffelblech.berlin\/rotec-berlin\/kontakt\/","title":{"rendered":"Kontakt"},"content":{"rendered":"<p>[et_pb_section fb_built=&#8220;1&#8243; _builder_version=&#8220;4.24.3&#8243; _module_preset=&#8220;default&#8220; custom_padding=&#8220;67px|||||&#8220; global_colors_info=&#8220;{}&#8220;][et_pb_row _builder_version=&#8220;4.24.3&#8243; _module_preset=&#8220;default&#8220; width=&#8220;100%&#8220; max_width=&#8220;2560px&#8220; custom_margin=&#8220;-5%||||false|false&#8220; global_colors_info=&#8220;{}&#8220;][et_pb_column type=&#8220;4_4&#8243; _builder_version=&#8220;4.24.3&#8243; _module_preset=&#8220;default&#8220; global_colors_info=&#8220;{}&#8220;][et_pb_code admin_label=&#8220;Code&#8220; _builder_version=&#8220;4.24.3&#8243; _module_preset=&#8220;default&#8220; width=&#8220;200%&#8220; max_width=&#8220;200%&#8220; min_height=&#8220;719px&#8220; custom_margin=&#8220;-10px||-20.7%||false|false&#8220; custom_padding=&#8220;|625px||||&#8220; hover_enabled=&#8220;0&#8243; custom_css_free_form=&#8220;#headerImg {||||||    clip-path: polygon(0 0, 100% 0, 100% 50%, 0 50%);||||}||||&#8220; global_colors_info=&#8220;{}&#8220; sticky_enabled=&#8220;0&#8243;]<script><!-- [et_pb_line_break_holder] -->window.addEventListener(\"load\", function() {<!-- [et_pb_line_break_holder] -->    const image = document.querySelector(\"#headerImg\");<!-- [et_pb_line_break_holder] -->    if (!image) return; \/\/ Stop if image is not found<!-- [et_pb_line_break_holder] --><!-- [et_pb_line_break_holder] -->    const overlay = document.createElement(\"div\");<!-- [et_pb_line_break_holder] -->    const overlayText = document.createElement(\"div\");<!-- [et_pb_line_break_holder] --><!-- [et_pb_line_break_holder] -->    overlay.classList.add(\"overlay\");<!-- [et_pb_line_break_holder] -->    overlayText.classList.add(\"overlay-text\");<!-- [et_pb_line_break_holder] -->    <!-- [et_pb_line_break_holder] -->    \/\/ Extract the last part of the URL path<!-- [et_pb_line_break_holder] -->    const urlPath = window.location.pathname;<!-- [et_pb_line_break_holder] -->    const pathSegments = urlPath.split('\/').filter(Boolean); \/\/ Remove any empty strings due to trailing slashes<!-- [et_pb_line_break_holder] -->    let textFromUrl = \"Kontakt & Anfahrt\";<!-- [et_pb_line_break_holder] -->    <!-- [et_pb_line_break_holder] -->    overlayText.innerHTML = `<strong>${textFromUrl}<\/strong>`; \/\/ Use text from URL with first letter capitalized<!-- [et_pb_line_break_holder] --><!-- [et_pb_line_break_holder] -->    overlayText.style.fontSize = \"1.5vw\";<!-- [et_pb_line_break_holder] -->    overlayText.style.lineHeight = '1.2';<!-- [et_pb_line_break_holder] -->    overlayText.style.whiteSpace = 'normal';<!-- [et_pb_line_break_holder] -->    overlayText.style.overflowWrap = 'break-word';<!-- [et_pb_line_break_holder] --><!-- [et_pb_line_break_holder] -->    overlay.style.position = 'absolute';<!-- [et_pb_line_break_holder] -->    overlay.style.bottom = '55%';<!-- [et_pb_line_break_holder] -->    overlay.style.right = '73%';<!-- [et_pb_line_break_holder] -->    overlay.style.top = '15%';<!-- [et_pb_line_break_holder] -->    overlay.style.backgroundColor = 'rgba(255,255,255,0.8)';<!-- [et_pb_line_break_holder] -->    overlay.style.padding = '10px';<!-- [et_pb_line_break_holder] -->    overlay.style.borderRadius = '0px';<!-- [et_pb_line_break_holder] -->    overlay.style.color = '#030644';<!-- [et_pb_line_break_holder] -->    overlay.style.zIndex = '2';<!-- [et_pb_line_break_holder] -->    overlay.style.height = '10%';<!-- [et_pb_line_break_holder] --><!-- [et_pb_line_break_holder] -->    if (image.parentNode) {<!-- [et_pb_line_break_holder] -->        image.parentNode.style.position = 'relative';<!-- [et_pb_line_break_holder] -->    }<!-- [et_pb_line_break_holder] --><!-- [et_pb_line_break_holder] -->    overlay.appendChild(overlayText);<!-- [et_pb_line_break_holder] -->    image.parentNode.insertBefore(overlay, image.nextSibling);<!-- [et_pb_line_break_holder] -->});<!-- [et_pb_line_break_holder] --><\/script><!-- [et_pb_line_break_holder] --><!-- [et_pb_line_break_holder] --><img decoding=\"async\" id=\"headerImg\" src=\"https:\/\/www.riffelblech.berlin\/rotec-berlin\/wp-content\/uploads\/sites\/9\/2024\/04\/headerImg-scaled.webp\"><\/img><!-- [et_pb_line_break_holder] -->\u00a0[\/et_pb_code][\/et_pb_column][\/et_pb_row][et_pb_row column_structure=&#8220;1_2,1_2&#8243; _builder_version=&#8220;4.24.3&#8243; _module_preset=&#8220;default&#8220; width=&#8220;100%&#8220; max_width=&#8220;1632px&#8220; global_colors_info=&#8220;{}&#8220;][et_pb_column type=&#8220;1_2&#8243; _builder_version=&#8220;4.24.3&#8243; _module_preset=&#8220;default&#8220; global_colors_info=&#8220;{}&#8220;][et_pb_image src=&#8220;https:\/\/www.riffelblech.berlin\/rotec-berlin\/wp-content\/uploads\/sites\/9\/2024\/04\/rotec-13-1024&#215;683.jpg&#8220; title_text=&#8220;rotec-13&#8243; _builder_version=&#8220;4.24.3&#8243; _module_preset=&#8220;default&#8220; global_colors_info=&#8220;{}&#8220;][\/et_pb_image][\/et_pb_column][et_pb_column type=&#8220;1_2&#8243; _builder_version=&#8220;4.24.3&#8243; _module_preset=&#8220;default&#8220; global_colors_info=&#8220;{}&#8220;][et_pb_text _builder_version=&#8220;4.24.3&#8243; _module_preset=&#8220;default&#8220; text_text_color=&#8220;#040B3F&#8220; text_font_size=&#8220;18px&#8220; header_text_color=&#8220;#030644&#8243; custom_margin=&#8220;0px||-2px||false|false&#8220; custom_padding=&#8220;||0px||false|false&#8220; global_colors_info=&#8220;{}&#8220;]<\/p>\n<h1>Rotec GMBH BERLIN LANGREHR &amp; CO<\/h1>\n<div class=\"post-content entry-content\">\n<div class=\"et-l et-l--post\">\n<div class=\"et_builder_inner_content et_pb_gutters3\">\n<div class=\"et_pb_section et_pb_section_0 et_section_regular\">\n<div class=\"et_pb_row et_pb_row_0\">\n<div class=\"et_pb_column et_pb_column_1_3 et_pb_column_1  et_pb_css_mix_blend_mode_passthrough\" style=\"text-align: left;\">\n<div class=\"et_pb_module et_pb_text et_pb_text_1  et_pb_text_align_left et_pb_bg_layout_light\">\n<div class=\"et_pb_text_inner\">\n<h1>B\u00dcROZEITEN<\/h1>\n<p style=\"text-align: left;\">Verkauf und Beratung:<\/p>\n<table width=\"222\" style=\"float: left;\">\n<tbody>\n<tr>\n<th>Mo. \u2013 Do<\/th>\n<td>8:00 \u2013 17:00 Uhr<\/td>\n<\/tr>\n<tr>\n<th>Fr.<\/th>\n<td>7:00 \u2013 14:00 Uhr<\/td>\n<\/tr>\n<\/tbody>\n<\/table>\n<\/div>\n<\/div>\n<\/div>\n<div class=\"et_pb_column et_pb_column_1_3 et_pb_column_2  et_pb_css_mix_blend_mode_passthrough et-last-child\">\n<div class=\"et_pb_module et_pb_text et_pb_text_2  et_pb_text_align_left et_pb_bg_layout_light\">\n<div class=\"et_pb_text_inner\" style=\"text-align: left;\"><\/div>\n<div class=\"et_pb_text_inner\" style=\"text-align: left;\"><\/div>\n<div class=\"et_pb_text_inner\" style=\"text-align: left;\"><\/div>\n<div class=\"et_pb_text_inner\" style=\"text-align: left;\"><\/div>\n<div class=\"et_pb_text_inner\">\n<h1 style=\"text-align: left;\">LAGERZEITEN<\/h1>\n<p style=\"text-align: left;\">Warenausgabe:<\/p>\n<table style=\"float: left;\">\n<tbody>\n<tr style=\"text-align: left;\">\n<th>Mo. \u2013 Do.<\/th>\n<td>7:00 \u2013 15:45 Uhr<\/td>\n<\/tr>\n<tr>\n<th style=\"text-align: left;\">Fr.<\/th>\n<td style=\"text-align: left;\">7:00 \u2013 13:00 Uhr<\/td>\n<\/tr>\n<\/tbody>\n<\/table>\n<\/div>\n<\/div>\n<\/div>\n<\/div>\n<\/div>\n<\/div>\n<\/div>\n<\/div>\n<p>[\/et_pb_text][et_pb_text _builder_version=&#8220;4.24.3&#8243; _module_preset=&#8220;default&#8220; text_text_color=&#8220;#040B3F&#8220; text_font_size=&#8220;18px&#8220; header_text_color=&#8220;#030644&#8243; custom_padding=&#8220;0px|||||&#8220; global_colors_info=&#8220;{}&#8220;]<\/p>\n<h1>Kontakt:<\/h1>\n<table border=\"1\" style=\"border-collapse: collapse; width: 100%;\">\n<tbody>\n<tr>\n<td style=\"width: 33.3333%;\"><span class=\"phone\">Werner-Vo\u00df-Damm 58<br \/>12101 Berlin-Tempelhof<\/span><\/td>\n<td style=\"width: 33.3333%;\"><span class=\"phone\">Tel.: +49 (0)30 789039-0<\/span><br \/><span class=\"fax\">Fax: +49 (0)30 789039-90<\/span><\/td>\n<td style=\"width: 33.3333%;\"><span class=\"email\"><a href=\"mailto:info@rotec-berlin.de\">info@rotec-berlin.de<\/a><\/span><br \/><span class=\"web\"><a href=\"http:\/\/www.rotec-berlin.de\/\">www.rotec-berlin.de<\/a><\/span><\/td>\n<\/tr>\n<\/tbody>\n<\/table>\n<p>&nbsp;<\/p>\n<p><span class=\"web\"><\/span><\/p>\n<p>[\/et_pb_text][\/et_pb_column][\/et_pb_row][et_pb_row column_structure=&#8220;1_2,1_2&#8243; _builder_version=&#8220;4.24.3&#8243; _module_preset=&#8220;default&#8220; width=&#8220;100%&#8220; max_width=&#8220;1632px&#8220; global_colors_info=&#8220;{}&#8220;][et_pb_column type=&#8220;1_2&#8243; _builder_version=&#8220;4.24.3&#8243; _module_preset=&#8220;default&#8220; global_colors_info=&#8220;{}&#8220;][et_pb_code _builder_version=&#8220;4.24.3&#8243; _module_preset=&#8220;default&#8220; global_colors_info=&#8220;{}&#8220;]<iframe loading=\"lazy\" class=\"fullwidth\" width=\"800\" height=\"400\" frameborder=\"0\" scrolling=\"no\" marginheight=\"0\" marginwidth=\"0\" src=\"https:\/\/www.openstreetmap.org\/export\/embed.html?bbox=13.365034461021425%2C52.47363513545264%2C13.371718525886537%2C52.475951809108466&#038;layer=mapnik&#038;marker=52.47479348752602%2C13.36837649345398\"><\/iframe>[\/et_pb_code][\/et_pb_column][et_pb_column type=&#8220;1_2&#8243; _builder_version=&#8220;4.24.3&#8243; _module_preset=&#8220;default&#8220; global_colors_info=&#8220;{}&#8220;][et_pb_text _builder_version=&#8220;4.24.3&#8243; _module_preset=&#8220;default&#8220; text_text_color=&#8220;#040B3F&#8220; text_font_size=&#8220;18px&#8220; header_text_color=&#8220;#030644&#8243; global_colors_info=&#8220;{}&#8220;]<\/p>\n<h1>Standort und Anfahrt<\/h1>\n<h1><\/h1>\n<p><strong>Sie finden uns mitten in Berlin:<\/strong><span>\u00a0<\/span>Im Bezirk Tempelhof, direkt am S\u00fcdring und nahe dem Tempelhofer Feld.<\/p>\n<p>Zu Fu\u00df erreichen Sie uns vom S-Bahnhof S\u00fcdkreuz (ehemals Papestra\u00dfe) in weniger als 5 Minuten, wenn Sie den Bahnhof in s\u00fcdlicher Richtung verlassen. Autofahrer k\u00f6nnen einen der zur Verf\u00fcgung stehenden Parkpl\u00e4tze direkt vor oder neben dem Geb\u00e4ude nutzen.<\/p>\n<p>[\/et_pb_text][\/et_pb_column][\/et_pb_row][\/et_pb_section]<\/p>\n","protected":false},"excerpt":{"rendered":"<p>Rotec GMBH BERLIN LANGREHR &amp; CO B\u00dcROZEITEN Verkauf und Beratung: Mo. \u2013 Do 8:00 \u2013 17:00 Uhr Fr. 7:00 \u2013 14:00 Uhr LAGERZEITEN Warenausgabe: Mo. \u2013 Do. 7:00 \u2013 15:45 Uhr Fr. 7:00 \u2013 13:00 Uhr Kontakt: Werner-Vo\u00df-Damm 5812101 Berlin-Tempelhof Tel.: +49 (0)30 789039-0Fax: +49 (0)30 789039-90 info@rotec-berlin.dewww.rotec-berlin.de &nbsp; Standort und Anfahrt Sie finden uns [&hellip;]<\/p>\n","protected":false},"author":1,"featured_media":0,"parent":0,"menu_order":0,"comment_status":"closed","ping_status":"closed","template":"page-template-fullwidth.php","meta":{"_et_pb_use_builder":"on","_et_pb_old_content":"","_et_gb_content_width":"","footnotes":""},"class_list":["post-692","page","type-page","status-publish","hentry"],"_links":{"self":[{"href":"https:\/\/www.riffelblech.berlin\/rotec-berlin\/wp-json\/wp\/v2\/pages\/692","targetHints":{"allow":["GET"]}}],"collection":[{"href":"https:\/\/www.riffelblech.berlin\/rotec-berlin\/wp-json\/wp\/v2\/pages"}],"about":[{"href":"https:\/\/www.riffelblech.berlin\/rotec-berlin\/wp-json\/wp\/v2\/types\/page"}],"author":[{"embeddable":true,"href":"https:\/\/www.riffelblech.berlin\/rotec-berlin\/wp-json\/wp\/v2\/users\/1"}],"replies":[{"embeddable":true,"href":"https:\/\/www.riffelblech.berlin\/rotec-berlin\/wp-json\/wp\/v2\/comments?post=692"}],"version-history":[{"count":10,"href":"https:\/\/www.riffelblech.berlin\/rotec-berlin\/wp-json\/wp\/v2\/pages\/692\/revisions"}],"predecessor-version":[{"id":894,"href":"https:\/\/www.riffelblech.berlin\/rotec-berlin\/wp-json\/wp\/v2\/pages\/692\/revisions\/894"}],"wp:attachment":[{"href":"https:\/\/www.riffelblech.berlin\/rotec-berlin\/wp-json\/wp\/v2\/media?parent=692"}],"curies":[{"name":"wp","href":"https:\/\/api.w.org\/{rel}","templated":true}]}}