{"id":1421,"date":"2023-09-14T11:15:35","date_gmt":"2023-09-14T09:15:35","guid":{"rendered":"https:\/\/www.riffelblech.berlin\/rotec-shop\/produkt\/nato-draht-typ-us-ohne-verklammerung-als-endlosdraht-verzinkt-200-m-lfdm\/"},"modified":"2023-12-13T13:43:11","modified_gmt":"2023-12-13T12:43:11","slug":"nato-draht-typ-us-ohne-verklammerung-als-endlosdraht-verzinkt-200-m-lfdm","status":"publish","type":"product","link":"https:\/\/www.riffelblech.berlin\/rotec-shop\/produkt\/nato-draht-typ-us-ohne-verklammerung-als-endlosdraht-verzinkt-200-m-lfdm\/","title":{"rendered":"NATO-Draht Typ US ohne Verklammerung als Endlosdraht, verzinkt 200 m (lfdm.)"},"content":{"rendered":"<p>In Deutschland dient NATO-Draht \u00fcberwiegend der Sicherung von nicht-\u00f6ffentlichen R\u00e4umen, wie milit\u00e4rischen Gel\u00e4nden, Gef\u00e4ngnissen, Industrieanlagen, Solarparks, Flugh\u00e4fen oder zur Grenzsicherung.\u00a0Eine private Nutzung von NATO-Draht ist grunds\u00e4tzlich m\u00f6glich, es sollte jedoch beachtet werden, dass die Verletzung von Unbeteiligten zu verhindern und eine feste Montage nur in einer sicheren H\u00f6he von mindestens 2 m (sicher \u00fcber Kopfh\u00f6he) ist, damit dritte unschuldige Personen \/ Tiere keinen Schaden nehmen k\u00f6nnen. Wir empfehlen, sich eine Genehmigung der \u00f6rtlichen Polizeidienststelle zu besorgen.<\/p>\n<p>Unser Lager in Berlin umfasst eine Vielzahl an Varianten des Widerhakensperrdraht (NATO-Draht) und erm\u00f6glicht eine schnelle Lieferung von NATO-Draht und dem dazugeh\u00f6rigen Zubeh\u00f6r aus Lagervorrat. Die rotec GmbH kann einen bundes- und europaweiten Versand von NATO-Draht anbieten. Dabei kann die Lieferung unter anderem werkt\u00e4glich in die Gro\u00dfr\u00e4ume Berlin, Hamburg, M\u00fcnchen, Frankfurt, K\u00f6ln, Stuttgart, Leipzig, Dresden, Bremen, D\u00fcsseldorf. Hannover, Kiel, Rostock oder N\u00fcrnberg erfolgen. Ebenso kann eine Lieferung u.a. nach \u00d6sterreich, Polen, Luxemburg oder in die Schweiz angeboten werden.<\/p>\n<p>Weitere rotec NATO-Draht-Varianten und individuelle Anpassungen k\u00f6nnen Sie gerne bei uns anfragen.<\/p>\n<p>rotec GmbH Berlin ist nach DIN\u00a0EN 1090-2 (EX2) zertifiziert<\/p>\n<p>*(Bilder 1-3 zeigen die\u00a0<a href=\"http:\/\/www.rotec.info\/shop\/Zaunanlagen\/NATO-Draht\/NATO-Drahtrollen\/Edelstahl-1-4301-V2A\/NATO-Draht-Typ-B-Stachelband-Edelstahl-1-4301-V2A-50-m::1952.html\">Edelstahl-Version<\/a>)<\/p>\n","protected":false},"excerpt":{"rendered":"<p>NATO-Draht (Widerhakensperrdraht) zum defensiven Objektschutz vor Eindringlingen.<\/p>\n<ul>\n<li>rotec NATO-Draht &#8222;Typ US&#8220;<\/li>\n<li>verzinkt<\/li>\n<li>Stachelband (Banddicke: 0,5 mm) auf Federstahl-Kern geb\u00f6rdelt<\/li>\n<li>2,5 mm starker Federstahl-Kern<\/li>\n<li>Gewicht: 14,5 kg<\/li>\n<li>Drahtl\u00e4nge: 200 m<\/li>\n<li><strong>Rollendurchmesser (\u00d8): 960 mm<\/strong><\/li>\n<li>Stachelbandbreite: 16 mm<\/li>\n<li>Schneidl\u00e4nge: 24 mm<\/li>\n<\/ul>\n<p>Der unverklammerte NATO-Draht (Typ US) verzichtet gegen\u00fcber der klassischen NATO-Draht-Rolle auf die Verklammerung der einzelnen Windungen, so dass die Rolle spiralenf\u00f6rmig ausgezogen werden kann. Auch kann die Rolle Widerhakensperrdraht fl\u00e4chig an einem Zaun montiert werden (siehe Abbildung unten). Die Gesamtl\u00e4nge des NATO-Draht betr\u00e4gt hierbei 200 m und variiert im ausgezogenen Zustand, je nach Montage-Art. Die Bauweise des unverklammerten NATO-Draht unterscheidet sich ansonsten nicht weiter von den anderen NATO-Draht-Rollen (Ausnahme ist das NATO-Draht Stachelband). Der NATO-Draht verf\u00fcgt \u00fcber ein Stahlkern, um welchen das augestanzte Klingenband herumgeb\u00f6rdelt wurde. Dadurch erh\u00e4lt der NATO-Draht eine sehr hohe Steifigkeit und Stabilit\u00e4t.<\/p>\n<p>Der verzinkte NATO-Draht kann durch technische Einschr\u00e4nkungen in der Herstellung bei dauerhaftem Au\u00dfeneinsatz durch Umwelteinfl\u00fcsse anfangen zu rosten. Soll das rosten des NATO-Draht von vornherein ausgeschlossen werden, empfehlen wir den Kauf von NATO-Draht aus\u00a0<a href=\"http:\/\/www.rotec.info\/shop\/Zaunanlagen\/NATO-Draht\/NATO-Draht\/Edelstahl-1-4301-V2A:::910_992_993_996.html\">Edelstahl<\/a>.<\/p>\n","protected":false},"featured_media":4239,"comment_status":"open","ping_status":"closed","template":"","meta":{"_et_pb_use_builder":"","_et_pb_old_content":"","_et_gb_content_width":""},"product_brand":[],"product_cat":[39],"product_tag":[],"class_list":{"0":"post-1421","1":"product","2":"type-product","3":"status-publish","4":"has-post-thumbnail","6":"product_cat-nato-draht","7":"product_shipping_class-38","9":"first","10":"instock","11":"taxable","12":"shipping-taxable","13":"product-type-simple"},"tiered_pricing_type":"fixed","tiered_pricing_fixed_rules":[],"tiered_pricing_product_settings":{"layout":"default","base_unit_name":{"singular":null,"plural":null},"default_variation":null},"tiered_pricing_minimum_quantity":null,"tiered_pricing_roles_data":[],"tiered_pricing_percentage_rules":[],"_links":{"self":[{"href":"https:\/\/www.riffelblech.berlin\/rotec-shop\/wp-json\/wp\/v2\/product\/1421","targetHints":{"allow":["GET"]}}],"collection":[{"href":"https:\/\/www.riffelblech.berlin\/rotec-shop\/wp-json\/wp\/v2\/product"}],"about":[{"href":"https:\/\/www.riffelblech.berlin\/rotec-shop\/wp-json\/wp\/v2\/types\/product"}],"replies":[{"embeddable":true,"href":"https:\/\/www.riffelblech.berlin\/rotec-shop\/wp-json\/wp\/v2\/comments?post=1421"}],"wp:featuredmedia":[{"embeddable":true,"href":"https:\/\/www.riffelblech.berlin\/rotec-shop\/wp-json\/wp\/v2\/media\/4239"}],"wp:attachment":[{"href":"https:\/\/www.riffelblech.berlin\/rotec-shop\/wp-json\/wp\/v2\/media?parent=1421"}],"wp:term":[{"taxonomy":"product_brand","embeddable":true,"href":"https:\/\/www.riffelblech.berlin\/rotec-shop\/wp-json\/wp\/v2\/product_brand?post=1421"},{"taxonomy":"product_cat","embeddable":true,"href":"https:\/\/www.riffelblech.berlin\/rotec-shop\/wp-json\/wp\/v2\/product_cat?post=1421"},{"taxonomy":"product_tag","embeddable":true,"href":"https:\/\/www.riffelblech.berlin\/rotec-shop\/wp-json\/wp\/v2\/product_tag?post=1421"}],"curies":[{"name":"wp","href":"https:\/\/api.w.org\/{rel}","templated":true}]}}