{"id":1429,"date":"2023-09-14T11:15:36","date_gmt":"2023-09-14T09:15:36","guid":{"rendered":"https:\/\/www.riffelblech.berlin\/rotec-shop\/produkt\/stacheldraht-verzinkt-gruen-200m-lfdm\/"},"modified":"2023-12-11T16:32:32","modified_gmt":"2023-12-11T15:32:32","slug":"stacheldraht-verzinkt-gruen-200m-lfdm","status":"publish","type":"product","link":"https:\/\/www.riffelblech.berlin\/rotec-shop\/produkt\/stacheldraht-verzinkt-gruen-200m-lfdm\/","title":{"rendered":"Stacheldraht, verzinkt &#8211; gr\u00fcn, 200m (lfdm.)"},"content":{"rendered":"<p><img decoding=\"async\" src=\"https:\/\/www.rotec-shop.eu\/images\/NATO-Draht\/NATO-Draht_Stacheldraht_gruen%20(25).jpg\" alt=\"Stacheldraht\" width=\"300\" height=\"200\" \/>\u00a0\u00a0<img decoding=\"async\" src=\"http:\/\/www.rotec-shop.eu\/images\/NATO-Draht\/Spanndrahthalter%20am%20Traeger%20-%20verzinkt%20(1).jpg\" alt=\"Stacheldraht am Y-Tr\u00e4ger\" width=\"300\" height=\"200\" \/><\/p>\n<p>(Anwendungsbeispiel f\u00fcr die Befestigung von Stacheldraht am Y-Tr\u00e4ger)<\/p>\n<p>Unser Lager in Berlin umfasst eine Vielzahl an Varianten des Widerhakensperrdraht (NATO-Draht) und erm\u00f6glicht eine schnelle Lieferung von NATO-Draht und dem dazugeh\u00f6rigen Zubeh\u00f6r aus Lagervorrat. Die rotec GmbH kann einen bundes- und europaweiten Versand von NATO-Draht anbieten. Dabei kann die Lieferung unter anderem werkt\u00e4glich in die Gro\u00dfr\u00e4ume Berlin, Hamburg, M\u00fcnchen, Frankfurt, K\u00f6ln, Stuttgart, Leipzig, Dresden, Bremen, D\u00fcsseldorf. Hannover, Kiel, Rostock oder N\u00fcrnberg erfolgen. Ebenso kann eine Lieferung u.a. nach \u00d6sterreich, Polen, Luxemburg oder in die Schweiz angeboten werden.<\/p>\n","protected":false},"excerpt":{"rendered":"<p>Verzinkter und gr\u00fcn ummantelter Stacheldraht zur Nutzung als Spanndraht auf Zaunprofilen\u00a0oder als einzelner Stacheldraht. Als Spanndraht f\u00fcr NATO-Draht wird der Stacheldraht zwsichen den einzelnen Zaunpfosten (Y-, L-, I-Tr\u00e4ger) gespannt und mittels Einschlag\u00f6sen \/ Spanndrahthaltern befestigt, so dass der NATO-Draht im Anschluss daran mittels C-Klammern befestigt werden kann.<\/p>\n<ul>\n<li>Material: Stahl verzinkt &#8211; mit gr\u00fcner PVC Ummantelung<\/li>\n<li>Ma\u00dfe: 200 m Rolle<\/li>\n<\/ul>\n","protected":false},"featured_media":4184,"comment_status":"open","ping_status":"closed","template":"","meta":{"_et_pb_use_builder":"","_et_pb_old_content":"","_et_gb_content_width":""},"product_brand":[],"product_cat":[39],"product_tag":[],"class_list":{"0":"post-1429","1":"product","2":"type-product","3":"status-publish","4":"has-post-thumbnail","6":"product_cat-nato-draht","7":"product_shipping_class-35","9":"first","10":"instock","11":"taxable","12":"shipping-taxable","13":"product-type-simple"},"tiered_pricing_type":"fixed","tiered_pricing_fixed_rules":[],"tiered_pricing_product_settings":{"layout":"default","base_unit_name":{"singular":null,"plural":null},"default_variation":null},"tiered_pricing_minimum_quantity":null,"tiered_pricing_roles_data":[],"tiered_pricing_percentage_rules":[],"_links":{"self":[{"href":"https:\/\/www.riffelblech.berlin\/rotec-shop\/wp-json\/wp\/v2\/product\/1429","targetHints":{"allow":["GET"]}}],"collection":[{"href":"https:\/\/www.riffelblech.berlin\/rotec-shop\/wp-json\/wp\/v2\/product"}],"about":[{"href":"https:\/\/www.riffelblech.berlin\/rotec-shop\/wp-json\/wp\/v2\/types\/product"}],"replies":[{"embeddable":true,"href":"https:\/\/www.riffelblech.berlin\/rotec-shop\/wp-json\/wp\/v2\/comments?post=1429"}],"wp:featuredmedia":[{"embeddable":true,"href":"https:\/\/www.riffelblech.berlin\/rotec-shop\/wp-json\/wp\/v2\/media\/4184"}],"wp:attachment":[{"href":"https:\/\/www.riffelblech.berlin\/rotec-shop\/wp-json\/wp\/v2\/media?parent=1429"}],"wp:term":[{"taxonomy":"product_brand","embeddable":true,"href":"https:\/\/www.riffelblech.berlin\/rotec-shop\/wp-json\/wp\/v2\/product_brand?post=1429"},{"taxonomy":"product_cat","embeddable":true,"href":"https:\/\/www.riffelblech.berlin\/rotec-shop\/wp-json\/wp\/v2\/product_cat?post=1429"},{"taxonomy":"product_tag","embeddable":true,"href":"https:\/\/www.riffelblech.berlin\/rotec-shop\/wp-json\/wp\/v2\/product_tag?post=1429"}],"curies":[{"name":"wp","href":"https:\/\/api.w.org\/{rel}","templated":true}]}}