{"id":1443,"date":"2023-09-14T11:15:37","date_gmt":"2023-09-14T09:15:37","guid":{"rendered":"https:\/\/www.riffelblech.berlin\/rotec-shop\/produkt\/i-traeger-fuer-nato-draht-auf-rechteckrohr-60x40-mm-feuerverzinkt-ral-6005-moss-green\/"},"modified":"2023-12-11T14:44:07","modified_gmt":"2023-12-11T13:44:07","slug":"i-traeger-fuer-nato-draht-auf-rechteckrohr-60x40-mm-feuerverzinkt-ral-6005-moss-green","status":"publish","type":"product","link":"https:\/\/www.riffelblech.berlin\/rotec-shop\/produkt\/i-traeger-fuer-nato-draht-auf-rechteckrohr-60x40-mm-feuerverzinkt-ral-6005-moss-green\/","title":{"rendered":"I-Tr\u00e4ger f\u00fcr NATO-Draht auf Rechteckrohr 60&#215;40 mm, feuerverzinkt + RAL 6005 (Moss green)"},"content":{"rendered":"<p>Weitere RAL-Farben und Sonderanfertigungen sind auf Anfrage m\u00f6glich.<\/p>\n<p><img decoding=\"async\" src=\"https:\/\/www.rotec-shop.eu\/images\/NATO-Draht\/Spanndrahthalter%20am%20Traeger%20-%20gruen%20(3).jpg\" alt=\"Anwendungsbeispiel f\u00fcr I-Tr\u00e4ger\" width=\"300\" height=\"200\" \/>\u00a0\u00a0<img decoding=\"async\" src=\"https:\/\/www.rotec-shop.eu\/images\/NATO-Draht\/I-Traeger%20-%20gruen%20(7).jpg\" alt=\"I-Tr\u00e4ger f\u00fcr NATO-Draht\" width=\"300\" height=\"200\" \/><\/p>\n<p>(Anwendungsbeispiel f\u00fcr I-Tr\u00e4ger f\u00fcr NATO-Draht)<\/p>\n<p>Unser Lager in Berlin umfasst eine Vielzahl an Varianten des Widerhakensperrdraht (NATO-Draht) und erm\u00f6glicht eine schnelle Lieferung von NATO-Draht und dem dazugeh\u00f6rigen Zubeh\u00f6r aus Lagervorrat. Die rotec GmbH kann einen bundes- und europaweiten Versand von NATO-Draht anbieten. Dabei kann die Lieferung unter anderem werkt\u00e4glich in die Gro\u00dfr\u00e4ume Berlin, Hamburg, M\u00fcnchen, Frankfurt, K\u00f6ln, Stuttgart, Leipzig, Dresden, Bremen, D\u00fcsseldorf. Hannover, Kiel, Rostock oder N\u00fcrnberg erfolgen. Ebenso kann eine Lieferung u.a. nach \u00d6sterreich, Polen, Luxemburg oder in die Schweiz angeboten werden.<\/p>\n","protected":false},"excerpt":{"rendered":"<p>I-Tr\u00e4ger aus feuerverzinktem Stahl + RAL 6005 (Moss green) als Aufsatz f\u00fcr Zaunpfeiler (60 x 40 mm). Die I-Form verl\u00e4ngert den Zaunpfeiler in vertikaler Laufrichtung um 420 mm und erm\u00f6glicht die Montage von drei Reihen Stacheldraht im Abstand von 150 mm.<\/p>\n<p>Ideal zur nachtr\u00e4glichen Montage auf 60 x 40 mm Zaunpfeiler von Doppelstabmattenz\u00e4unen.<br \/>\nEinfaches anbringen durch aufstecken und verschrauben.<\/p>\n<ul>\n<li>Material: Stahl, feuerverzinkt + RAL 6005 (Moss green)<\/li>\n<li>Gewicht: 1,65 kg<\/li>\n<li>Ma\u00dfe: 60 x 40 x 520 mm (420 mm effektive Erweiterung des Zaunpfeilers nach Montage)<\/li>\n<li>drei Reihen Stacheldraht m\u00f6glich<\/li>\n<li>inkl. Spanndrahthalter\/Einschlag\u00f6sen\u00a0mit Haltenagel aus Stahl<\/li>\n<\/ul>\n","protected":false},"featured_media":4096,"comment_status":"open","ping_status":"closed","template":"","meta":{"_et_pb_use_builder":"","_et_pb_old_content":"","_et_gb_content_width":""},"product_brand":[],"product_cat":[39],"product_tag":[],"class_list":{"0":"post-1443","1":"product","2":"type-product","3":"status-publish","4":"has-post-thumbnail","6":"product_cat-nato-draht","7":"product_shipping_class-25","9":"first","10":"instock","11":"taxable","12":"shipping-taxable","13":"product-type-simple"},"tiered_pricing_type":"fixed","tiered_pricing_fixed_rules":[],"tiered_pricing_product_settings":{"layout":"default","base_unit_name":{"singular":null,"plural":null},"default_variation":null},"tiered_pricing_minimum_quantity":null,"tiered_pricing_roles_data":[],"tiered_pricing_percentage_rules":[],"_links":{"self":[{"href":"https:\/\/www.riffelblech.berlin\/rotec-shop\/wp-json\/wp\/v2\/product\/1443","targetHints":{"allow":["GET"]}}],"collection":[{"href":"https:\/\/www.riffelblech.berlin\/rotec-shop\/wp-json\/wp\/v2\/product"}],"about":[{"href":"https:\/\/www.riffelblech.berlin\/rotec-shop\/wp-json\/wp\/v2\/types\/product"}],"replies":[{"embeddable":true,"href":"https:\/\/www.riffelblech.berlin\/rotec-shop\/wp-json\/wp\/v2\/comments?post=1443"}],"wp:featuredmedia":[{"embeddable":true,"href":"https:\/\/www.riffelblech.berlin\/rotec-shop\/wp-json\/wp\/v2\/media\/4096"}],"wp:attachment":[{"href":"https:\/\/www.riffelblech.berlin\/rotec-shop\/wp-json\/wp\/v2\/media?parent=1443"}],"wp:term":[{"taxonomy":"product_brand","embeddable":true,"href":"https:\/\/www.riffelblech.berlin\/rotec-shop\/wp-json\/wp\/v2\/product_brand?post=1443"},{"taxonomy":"product_cat","embeddable":true,"href":"https:\/\/www.riffelblech.berlin\/rotec-shop\/wp-json\/wp\/v2\/product_cat?post=1443"},{"taxonomy":"product_tag","embeddable":true,"href":"https:\/\/www.riffelblech.berlin\/rotec-shop\/wp-json\/wp\/v2\/product_tag?post=1443"}],"curies":[{"name":"wp","href":"https:\/\/api.w.org\/{rel}","templated":true}]}}