{"id":1609,"date":"2023-09-14T11:15:48","date_gmt":"2023-09-14T09:15:48","guid":{"rendered":"https:\/\/www.riffelblech.berlin\/rotec-shop\/produkt\/rw-3000-dachhaube-700-500-mit-gfk-sockel\/"},"modified":"2023-12-06T12:28:50","modified_gmt":"2023-12-06T11:28:50","slug":"rw-3000-dachhaube-700-500-mit-gfk-sockel","status":"publish","type":"product","link":"https:\/\/www.riffelblech.berlin\/rotec-shop\/produkt\/rw-3000-dachhaube-700-500-mit-gfk-sockel\/","title":{"rendered":"RW 3000 Dachhaube 700\/500 mit GFK Sockel"},"content":{"rendered":"","protected":false},"excerpt":{"rendered":"<div class=\"itemDescription\">\n<p>Die Dachhaube RW 3000 hat folgende Eigenschaften:<\/p>\n<p>1. Die Dachhaube ist zur optimalen thermischen Trennung auf einem GfK Sockel montiert, der die Bildung von Kondenswasser unterbindet. Der GFK Sockel ist in den H\u00f6hen 300 mm und 500 mm lieferbar.<\/p>\n<p>2. Die Dachhaube bietet eine individuelle Steuerung des Antriebes ihrer \u00d6ffnungsklappe, die &#8211; \u00fcber eine zentrale Steuerung, &#8211; \u00fcber eine Fahrstuhlsteuerung und &#8211; manuell \u00fcber einen Ein- und Ausschalter erfolgen kann.<\/p>\n<p>3. Die Dachhaube ist aus stranggepressten und eloxierten Aluminiumprofilen gefertigt. Zudem ist die Pulverbeschichtung in allen RAL Farben m\u00f6glich.<\/p>\n<p>4. Die Dachhauben sind mit einer innenliegenden Fliegengaze aus Edelstahl gegen das Eindringen von Insekten gesch\u00fctzt.<\/p>\n<p>5. Die Dachhauben verf\u00fcgen \u00fcber eine bombierte Oberfl\u00e4che, so dass Regenwasser ungehindert ablaufen kann.<\/p>\n<p>Ma\u00dfe des Sockels:<\/p>\n<ul>\n<li>Lichte \u00d6ffnung unten: 700 x 700 mm<\/li>\n<li>Lichte \u00d6ffnung oben: 500 x 500 mm<\/li>\n<li>H\u00f6he: 300 (Standard) oder 500 mm<\/li>\n<\/ul>\n<p>Ma\u00dfe des Haubenaufbaus:<\/p>\n<ul>\n<li>H\u00f6he: 600 mm<\/li>\n<\/ul>\n<p>Auf Anfrage besteht die M\u00f6glichkeit eine Klappe mit Motor, die sich bei Stromausfall \u00fcber eine R\u00fccklauffeder automatisch \u00f6ffnet, einzubauen.<\/p>\n<p><strong><em>In dem nachfolgendem Konfigurator k\u00f6nnen Sie die Dachhaube nach Ihren Bed\u00fcrfnissen zusammenstellen. Hierbei ist zu beachten, dass sie f\u00fcr jede ausgew\u00e4hlte Dachhaube in jeder Kategorie eine Auswahl treffen m\u00fcssen (4x Dachhauben = 4x Sockel = 4x Klappe\/Motor = 4x Farbauswahl).<\/em><\/strong><\/p>\n<\/div>\n","protected":false},"featured_media":3827,"comment_status":"open","ping_status":"closed","template":"","meta":{"_et_pb_use_builder":"","_et_pb_old_content":"","_et_gb_content_width":""},"product_brand":[],"product_cat":[18],"product_tag":[],"class_list":{"0":"post-1609","1":"product","2":"type-product","3":"status-publish","4":"has-post-thumbnail","6":"product_cat-wetterschutzgitter","7":"product_shipping_class-40","9":"first","10":"instock","11":"taxable","12":"shipping-taxable","13":"product-type-simple"},"tiered_pricing_type":"fixed","tiered_pricing_fixed_rules":[],"tiered_pricing_product_settings":{"layout":"default","base_unit_name":{"singular":null,"plural":null},"default_variation":null},"tiered_pricing_minimum_quantity":null,"tiered_pricing_roles_data":[],"tiered_pricing_percentage_rules":[],"_links":{"self":[{"href":"https:\/\/www.riffelblech.berlin\/rotec-shop\/wp-json\/wp\/v2\/product\/1609","targetHints":{"allow":["GET"]}}],"collection":[{"href":"https:\/\/www.riffelblech.berlin\/rotec-shop\/wp-json\/wp\/v2\/product"}],"about":[{"href":"https:\/\/www.riffelblech.berlin\/rotec-shop\/wp-json\/wp\/v2\/types\/product"}],"replies":[{"embeddable":true,"href":"https:\/\/www.riffelblech.berlin\/rotec-shop\/wp-json\/wp\/v2\/comments?post=1609"}],"wp:featuredmedia":[{"embeddable":true,"href":"https:\/\/www.riffelblech.berlin\/rotec-shop\/wp-json\/wp\/v2\/media\/3827"}],"wp:attachment":[{"href":"https:\/\/www.riffelblech.berlin\/rotec-shop\/wp-json\/wp\/v2\/media?parent=1609"}],"wp:term":[{"taxonomy":"product_brand","embeddable":true,"href":"https:\/\/www.riffelblech.berlin\/rotec-shop\/wp-json\/wp\/v2\/product_brand?post=1609"},{"taxonomy":"product_cat","embeddable":true,"href":"https:\/\/www.riffelblech.berlin\/rotec-shop\/wp-json\/wp\/v2\/product_cat?post=1609"},{"taxonomy":"product_tag","embeddable":true,"href":"https:\/\/www.riffelblech.berlin\/rotec-shop\/wp-json\/wp\/v2\/product_tag?post=1609"}],"curies":[{"name":"wp","href":"https:\/\/api.w.org\/{rel}","templated":true}]}}