{"id":1622,"date":"2023-09-14T11:15:50","date_gmt":"2023-09-14T09:15:50","guid":{"rendered":"https:\/\/www.riffelblech.berlin\/rotec-shop\/produkt\/aluminium-schmutzfangwanne-mit-ablauf-1000-x-500-x-75-mm\/"},"modified":"2023-11-13T13:05:15","modified_gmt":"2023-11-13T12:05:15","slug":"aluminium-schmutzfangwanne-mit-ablauf-1000-x-500-x-75-mm","status":"publish","type":"product","link":"https:\/\/www.riffelblech.berlin\/rotec-shop\/produkt\/aluminium-schmutzfangwanne-mit-ablauf-1000-x-500-x-75-mm\/","title":{"rendered":"Aluminium Schmutzfangwanne <b> mit Ablauf <\/b> 1000 x 500 x 75 mm"},"content":{"rendered":"<p>Hier finden Sie die passenden Einlagen zur Schmutzfangwanne:<\/p>\n<ul>\n<li><a href=\"https:\/\/www.rotec-shop.eu\/Fussabstreifer\/Fussabstreifer-mit-Ripseinlage\/Marschall:::1046_1115_1119.html\"> Ripseinlagen<\/a><\/li>\n<li><a href=\"https:\/\/www.rotec-shop.eu\/Fussabstreifer\/Fussabstreifer-mit-Gummieinlagen\/Marschall:::1046_1122_1124.html\"> Gummieinlagen<\/a><\/li>\n<li><a href=\"https:\/\/www.rotec-shop.eu\/Fussabstreifer\/Fussabstreifer-mit-Cassettenbuerste\/Marschall:::1046_1125_1127.html\"> Cassettenb\u00fcrsten<\/a><\/li>\n<li><a href=\"https:\/\/www.rotec-shop.eu\/Fussabstreifer\/Fussabstreifer-mit-Kombieinlage:::1046_1128.html\"> Kombieinlagen (Gummieinlage &amp; Cassettenb\u00fcrste)<\/a><\/li>\n<\/ul>\n<p><span lang=\"DE\">Geometrische Sonderformate mit und ohne Ausschnitten sowie dreht\u00fcrgeeignete Eingangsmattensysteme k\u00f6nnen Sie gern bei uns anfragen<\/span><\/p>\n","protected":false},"excerpt":{"rendered":"<p>Stk: 417,32 \u20ac<\/p>\n<table class=\"graduatedprice\" border=\"0\" cellspacing=\"0\" cellpadding=\"2\">\n<tbody>\n<tr>\n<td class=\"header\" colspan=\"2\">Staffelpreise:<\/td>\n<\/tr>\n<tr>\n<td>1 &#8211; 3 Stk.<\/td>\n<td>je 417,32 \u20ac<\/td>\n<\/tr>\n<tr>\n<td>4 &#8211; 6 Stk.<\/td>\n<td>je 373,38 \u20ac<\/td>\n<\/tr>\n<tr>\n<td>ab 7 Stk.<\/td>\n<td>je 313,77 \u20ac<\/td>\n<\/tr>\n<\/tbody>\n<\/table>\n<p>&nbsp;<\/p>\n<p>Die rotec Schmutzfangwanne <strong>mit Abfluss<\/strong> eignet sich f\u00fcr die Verwendung vor Geb\u00e4uden, die einer besonders hohen Frequentierung und dementsprechendem Schmutzaufkommen ausgesetzt sind. Die Schmutzfangwanne kann besonders viel Schmutz aufnehmen, sodass der Innenraum des Geb\u00e4udes vor Verschmutzungen gesch\u00fctzt bleibt. Der integrierte Ablauf erm\u00f6glicht einen direkten Anschluss an das Entw\u00e4sserungssystem. Die Schmutzfangwanne ist f\u00fcr die rotec Eingangsmattensysteme Typ Marschall geeignet. Durch das einfache Aufrollen der Matten kann die Wanne problemlos mit einem Staubsauger oder Handfeger gereinigt werden.<\/p>\n<ul>\n<li>Ma\u00dfe (B x Gehrichtung x H): 1000 x 500 x 75 mm<\/li>\n<li>Wannentyp: 5022AL<\/li>\n<li>Material: Aluminium<\/li>\n<li>Ablauf: MIT ABLAUF<\/li>\n<li>Beroll- und Befahrbarkeit: variiert je nach Belastbarkeit der Matte<\/li>\n<li>M\u00f6gliche Profilvarianten: Marschall<\/li>\n<\/ul>\n","protected":false},"featured_media":2791,"comment_status":"open","ping_status":"closed","template":"","meta":{"_et_pb_use_builder":"","_et_pb_old_content":"","_et_gb_content_width":""},"product_brand":[],"product_cat":[28],"product_tag":[],"class_list":{"0":"post-1622","1":"product","2":"type-product","3":"status-publish","4":"has-post-thumbnail","6":"product_cat-fussabstreifer","7":"product_shipping_class-27","9":"first","10":"instock","11":"taxable","12":"shipping-taxable","13":"purchasable","14":"product-type-simple"},"tiered_pricing_type":"fixed","tiered_pricing_fixed_rules":[],"tiered_pricing_product_settings":{"layout":"default","base_unit_name":{"singular":null,"plural":null},"default_variation":null},"tiered_pricing_minimum_quantity":null,"tiered_pricing_roles_data":[],"tiered_pricing_percentage_rules":[],"_links":{"self":[{"href":"https:\/\/www.riffelblech.berlin\/rotec-shop\/wp-json\/wp\/v2\/product\/1622","targetHints":{"allow":["GET"]}}],"collection":[{"href":"https:\/\/www.riffelblech.berlin\/rotec-shop\/wp-json\/wp\/v2\/product"}],"about":[{"href":"https:\/\/www.riffelblech.berlin\/rotec-shop\/wp-json\/wp\/v2\/types\/product"}],"replies":[{"embeddable":true,"href":"https:\/\/www.riffelblech.berlin\/rotec-shop\/wp-json\/wp\/v2\/comments?post=1622"}],"wp:featuredmedia":[{"embeddable":true,"href":"https:\/\/www.riffelblech.berlin\/rotec-shop\/wp-json\/wp\/v2\/media\/2791"}],"wp:attachment":[{"href":"https:\/\/www.riffelblech.berlin\/rotec-shop\/wp-json\/wp\/v2\/media?parent=1622"}],"wp:term":[{"taxonomy":"product_brand","embeddable":true,"href":"https:\/\/www.riffelblech.berlin\/rotec-shop\/wp-json\/wp\/v2\/product_brand?post=1622"},{"taxonomy":"product_cat","embeddable":true,"href":"https:\/\/www.riffelblech.berlin\/rotec-shop\/wp-json\/wp\/v2\/product_cat?post=1622"},{"taxonomy":"product_tag","embeddable":true,"href":"https:\/\/www.riffelblech.berlin\/rotec-shop\/wp-json\/wp\/v2\/product_tag?post=1622"}],"curies":[{"name":"wp","href":"https:\/\/api.w.org\/{rel}","templated":true}]}}