{"id":1640,"date":"2023-09-14T11:15:51","date_gmt":"2023-09-14T09:15:51","guid":{"rendered":"https:\/\/www.riffelblech.berlin\/rotec-shop\/produkt\/gitterrost-treppenstufe-aus-aluminiumgroesse-800x270x73-ma-15-46-ts-30-3\/"},"modified":"2023-12-04T15:01:38","modified_gmt":"2023-12-04T14:01:38","slug":"gitterrost-treppenstufe-aus-aluminiumgroesse-800x270x73-ma-15-46-ts-30-3","status":"publish","type":"product","link":"https:\/\/www.riffelblech.berlin\/rotec-shop\/produkt\/gitterrost-treppenstufe-aus-aluminiumgroesse-800x270x73-ma-15-46-ts-30-3\/","title":{"rendered":"Gitterrost Treppenstufe aus Aluminium Gr\u00f6\u00dfe: 800x270x73, Ma: 15\/46 Ts: 30\/3"},"content":{"rendered":"","protected":false},"excerpt":{"rendered":"<div id=\"tab_description\" class=\"ui-tabs-panel ui-widget-content ui-corner-bottom\" role=\"tabpanel\" aria-labelledby=\"ui-id-1\" aria-hidden=\"false\">\n<p>Die Gitterrost Treppenstufe aus Aluminium zeichnet sich durch ein geringes Eigengewicht aus. Durch den Einsatz von Aluminium wird neben dem niedrigen Gewicht auch eine Korrosionsbest\u00e4ndigkeit gew\u00e4hrleistet, die die Bandbreite an Einsatzm\u00f6glichkeiten erh\u00f6ht.<\/p>\n<p>Tragstab und F\u00fcllstab\/Querstab werden bei der Aluminium Gitterrost Treppenstufe durch Hochdruck Vertikalpressung dauerhaft miteinander verbunden.\u00a0Die Aluminium Gitterrost Treppenstufe verf\u00fcgt \u00fcber eine profilierte Antrittskante zur Erh\u00f6hung der Sicherheit und Trittfestigkeit.<\/p>\n<ul>\n<li>Masche: 15 x 46 mm<\/li>\n<\/ul>\n<ul>\n<li>Material: Aluminium (AlMgSi 0,5)<\/li>\n<li>Gewicht: ca. 3,6 kg<\/li>\n<li>Lochabstand C: 150 mm<\/li>\n<li>Tragstab: 30 x 3 mm<\/li>\n<\/ul>\n<\/div>\n","protected":false},"featured_media":3754,"comment_status":"open","ping_status":"closed","template":"","meta":{"_et_pb_use_builder":"","_et_pb_old_content":"","_et_gb_content_width":""},"product_brand":[],"product_cat":[34],"product_tag":[],"class_list":{"0":"post-1640","1":"product","2":"type-product","3":"status-publish","4":"has-post-thumbnail","6":"product_cat-treppenstufen","7":"product_shipping_class-38","9":"first","10":"instock","11":"taxable","12":"shipping-taxable","13":"product-type-simple"},"tiered_pricing_type":"fixed","tiered_pricing_fixed_rules":[],"tiered_pricing_product_settings":{"layout":"default","base_unit_name":{"singular":null,"plural":null},"default_variation":null},"tiered_pricing_minimum_quantity":null,"tiered_pricing_roles_data":[],"tiered_pricing_percentage_rules":[],"_links":{"self":[{"href":"https:\/\/www.riffelblech.berlin\/rotec-shop\/wp-json\/wp\/v2\/product\/1640","targetHints":{"allow":["GET"]}}],"collection":[{"href":"https:\/\/www.riffelblech.berlin\/rotec-shop\/wp-json\/wp\/v2\/product"}],"about":[{"href":"https:\/\/www.riffelblech.berlin\/rotec-shop\/wp-json\/wp\/v2\/types\/product"}],"replies":[{"embeddable":true,"href":"https:\/\/www.riffelblech.berlin\/rotec-shop\/wp-json\/wp\/v2\/comments?post=1640"}],"wp:featuredmedia":[{"embeddable":true,"href":"https:\/\/www.riffelblech.berlin\/rotec-shop\/wp-json\/wp\/v2\/media\/3754"}],"wp:attachment":[{"href":"https:\/\/www.riffelblech.berlin\/rotec-shop\/wp-json\/wp\/v2\/media?parent=1640"}],"wp:term":[{"taxonomy":"product_brand","embeddable":true,"href":"https:\/\/www.riffelblech.berlin\/rotec-shop\/wp-json\/wp\/v2\/product_brand?post=1640"},{"taxonomy":"product_cat","embeddable":true,"href":"https:\/\/www.riffelblech.berlin\/rotec-shop\/wp-json\/wp\/v2\/product_cat?post=1640"},{"taxonomy":"product_tag","embeddable":true,"href":"https:\/\/www.riffelblech.berlin\/rotec-shop\/wp-json\/wp\/v2\/product_tag?post=1640"}],"curies":[{"name":"wp","href":"https:\/\/api.w.org\/{rel}","templated":true}]}}