{"id":1650,"date":"2023-09-14T11:15:52","date_gmt":"2023-09-14T09:15:52","guid":{"rendered":"https:\/\/www.riffelblech.berlin\/rotec-shop\/produkt\/typ-i-treppenbausatz-aus-gitterrost-treppenstufenfuer-aussen-und-innen-geeignethoehe-160-m-x-laenge-204-m\/"},"modified":"2023-09-14T11:15:52","modified_gmt":"2023-09-14T09:15:52","slug":"typ-i-treppenbausatz-aus-gitterrost-treppenstufenfuer-aussen-und-innen-geeignethoehe-160-m-x-laenge-204-m","status":"publish","type":"product","link":"https:\/\/www.riffelblech.berlin\/rotec-shop\/produkt\/typ-i-treppenbausatz-aus-gitterrost-treppenstufenfuer-aussen-und-innen-geeignethoehe-160-m-x-laenge-204-m\/","title":{"rendered":"TYP I &#8211; Treppenbausatz aus Gitterrost Treppenstufen<br>F\u00fcr Au\u00dfen und Innen geeignet<br>H\u00f6he: 1,60 m x L\u00e4nge: 2,04 m"},"content":{"rendered":"","protected":false},"excerpt":{"rendered":"<div>  Der Treppenbausatz mit Treppenstufen aus Gitterrost bietet die  perfekte M&ouml;glichkeit f&uuml;r die einfache und schnelle  Montage einer Treppe vor Ort, ohne extra Montagearbeiten durch  eine Fremdfirma. Im Treppenbausatz sind alle ben&ouml;tigten  Teile enthalten (Zubeh&ouml;r, Montageteile und  Montageanleitung). Ein einseitiges Gel&auml;nder ist im  Treppenbausatz ebenso enthalten, w&auml;hrend ein zweites  Gel&auml;nder optional erh&auml;ltlich ist.<\/div>\n<ul>\n<li>Stufenbreite: 1.000 x Tiefe 270 mm  <\/li>\n<li>    <strong>8 Treppenstufen aus Gitterrost (Maschenweite    30\/30)<\/strong>  <\/li>\n<li>Inklusive einseitigem Gel&auml;nder (2. Gel&auml;nder  optional erh&auml;ltlich)  <\/li>\n<li>Treppenbausatz enth&auml;lt komplettes Zubeh&ouml;r,  Montageteilen und Montageanleitung  <\/li>\n<li>Kompletter <strong>Bausatz<\/strong> aus Treppenwangen und  Stufen  <\/li>\n<li>Einfache und <strong>schnelle Montage<\/strong>  <\/li>\n<li>Sichere und langlebige Nutzung  <\/li>\n<li>Kein Bohren zur Stufenbesfestigung notwendig  <\/li>\n<li>Hohe Flexibilit&auml;t und einfache Anpassung durch  individuelles k&uuml;rzen der Stahlwangen  <\/li>\n<li>Langl&ouml;cher sind bereits in den Wangen, somit ist keine  Nacharbeit oder Bohren notwendig  <\/li>\n<li>Alle Stahlteile sind feuerverzinkt nach DIN EN ISO 1461  <\/li>\n<li>Schrauben, Muttern etc. sind mit einer Spezialbeschichtung  ausgef&uuml;hrt f&uuml;r hervorragenden Korrosionsschutz  <\/li>\n<\/ul>\n<p>  <strong>Ma&szlig;e des Treppenbausatzes:<\/strong><\/p>\n<p>  Der Treppenbausatz ist durch seine flexibel gestalteten  Anbauwinkel (zwischen 35&deg; und 55&deg;) in der H&ouml;he und  Weite leicht variabel, was ohne K&uuml;rzen der Wangen  nachfolgende Max. \/ Min. Werte f&uuml;r H&ouml;he und L&auml;nge  der Treppe ergibt.<\/p>\n<table width=\"650\" border=\"1\" cellpadding=\"1\" cellspacing=\"1\"align=\"center\">\n<tbody>\n<tr>\n<td width=\"250\">        <span><strong>H&ouml;he<\/strong><\/span>      <\/td>\n<td width=\"250\">        <span><strong>Ausladung \/ L&auml;nge<\/strong><\/span>      <\/td>\n<\/tr>\n<tr>\n<td height=\"35\">        <span><strong>Norm Ma&szlig;<\/strong><\/span>      <\/td>\n<td>        1,60 m      <\/td>\n<td>        2,04 m      <\/td>\n<\/tr>\n<tr>\n<td height=\"35\">        <span><strong>Minimale H&ouml;he \/<br \/>        maximale L&auml;nge<\/strong><\/span>      <\/td>\n<td>        1,51 m      <\/td>\n<td>        2,11 m      <\/td>\n<\/tr>\n<tr>\n<td height=\"35\">\n<p>          <span><strong>Maximal H&ouml;he \/<br \/>          minimale L&auml;nge<\/strong><\/span>        <\/p>\n<\/td>\n<td>        2,01 m      <\/td>\n<td>        1,55 m      <\/td>\n<\/tr>\n<\/tbody>\n<\/table>\n","protected":false},"featured_media":0,"comment_status":"open","ping_status":"closed","template":"","meta":{"_et_pb_use_builder":"","_et_pb_old_content":"","_et_gb_content_width":""},"product_brand":[],"product_cat":[32],"product_tag":[],"class_list":{"0":"post-1650","1":"product","2":"type-product","3":"status-publish","5":"product_cat-gitterroste","6":"product_shipping_class-25","8":"first","9":"instock","10":"taxable","11":"shipping-taxable","12":"product-type-simple"},"tiered_pricing_type":"fixed","tiered_pricing_fixed_rules":[],"tiered_pricing_product_settings":{"layout":"default","base_unit_name":{"singular":null,"plural":null},"default_variation":null},"tiered_pricing_minimum_quantity":null,"tiered_pricing_roles_data":[],"tiered_pricing_percentage_rules":[],"_links":{"self":[{"href":"https:\/\/www.riffelblech.berlin\/rotec-shop\/wp-json\/wp\/v2\/product\/1650","targetHints":{"allow":["GET"]}}],"collection":[{"href":"https:\/\/www.riffelblech.berlin\/rotec-shop\/wp-json\/wp\/v2\/product"}],"about":[{"href":"https:\/\/www.riffelblech.berlin\/rotec-shop\/wp-json\/wp\/v2\/types\/product"}],"replies":[{"embeddable":true,"href":"https:\/\/www.riffelblech.berlin\/rotec-shop\/wp-json\/wp\/v2\/comments?post=1650"}],"wp:attachment":[{"href":"https:\/\/www.riffelblech.berlin\/rotec-shop\/wp-json\/wp\/v2\/media?parent=1650"}],"wp:term":[{"taxonomy":"product_brand","embeddable":true,"href":"https:\/\/www.riffelblech.berlin\/rotec-shop\/wp-json\/wp\/v2\/product_brand?post=1650"},{"taxonomy":"product_cat","embeddable":true,"href":"https:\/\/www.riffelblech.berlin\/rotec-shop\/wp-json\/wp\/v2\/product_cat?post=1650"},{"taxonomy":"product_tag","embeddable":true,"href":"https:\/\/www.riffelblech.berlin\/rotec-shop\/wp-json\/wp\/v2\/product_tag?post=1650"}],"curies":[{"name":"wp","href":"https:\/\/api.w.org\/{rel}","templated":true}]}}