{"id":1651,"date":"2023-09-14T11:15:52","date_gmt":"2023-09-14T09:15:52","guid":{"rendered":"https:\/\/www.riffelblech.berlin\/rotec-shop\/produkt\/wandgitter-ad600-200-x-75-mmaus-aluminium-naturfarbig-eloxiert\/"},"modified":"2024-05-21T13:45:14","modified_gmt":"2024-05-21T11:45:14","slug":"wandgitter-ad600-200-x-75-mmaus-aluminium-naturfarbig-eloxiert","status":"publish","type":"product","link":"https:\/\/www.riffelblech.berlin\/rotec-shop\/produkt\/wandgitter-ad600-200-x-75-mmaus-aluminium-naturfarbig-eloxiert\/","title":{"rendered":"Wandgitter AD600 &#8211; 200 x 75 mmaus Aluminium, naturfarbig eloxiert"},"content":{"rendered":"","protected":false},"excerpt":{"rendered":"<p style=\"text-align: justify\">Das <strong>L\u00fcftungsgitter AD600<\/strong> eignet sich f\u00fcr die Zufuhr und Abfuhr von gek\u00fchlter Luft in B\u00fcror\u00e4umen, L\u00e4den, Werkst\u00e4tten, Wohnr\u00e4umen etc. und ist f\u00fcr die <strong>Wandmontage<\/strong>, sowie den Einbau in Br\u00fcstungen geeignet. Das L\u00fcftungsgitter AD600 ist nicht f\u00fcr den Einbau in Fu\u00dfb\u00f6den geeignet (<a href=\"http:\/\/www.rotec-shop.eu\/Lueftungsgitter\/Bodengitter:::1056_1058.html\" target=\"_blank\" rel=\"noopener\">L\u00fcftungsgitter f\u00fcr die Fu\u00dfbodenmontage finden Sie hier<\/a>).<\/p>\n<p style=\"text-align: justify\">Das L\u00fcftungsgitter AD600 f\u00fcr die Wandmontage hat folgende Eigenschaften:<\/p>\n<ul>\n<li>L\u00fcftungsgitter aus Aluminium<\/li>\n<li>Profillamellen sind <strong>waagerecht<\/strong>, <strong>feststehend<\/strong> und <strong>gerade<\/strong> ausgerichtet<\/li>\n<li>Mittelabstand zwischen den Lamellen 12,5 mm<\/li>\n<li>geeignet f\u00fcr den Einbau in Wand und Br\u00fcstung<\/li>\n<li>Au\u00dfenrahmen und Lamellen aus extrudiertem Aluminium, standard naturfarbig eloxiert<\/li>\n<\/ul>\n<p style=\"text-align: justify\">Ma\u00dfe der Wand\u00f6ffnung des L\u00fcftungsgitters [und Au\u00dfenma\u00df inkl. Rahmen]:<\/p>\n<ul>\n<li>Breite: 200 [230] mm<\/li>\n<li>H\u00f6he: 75 [105] mm<\/li>\n<\/ul>\n<p>&nbsp;<\/p>\n<p style=\"text-align: justify\">Nachfolgende Tabelle zeigt die m\u00f6glichen Volumenstr\u00f6me [m\u00b3\/Std.] bei verschiedenen Schallleistungspegeln [db(A)]:<\/p>\n<table border=\"1\" width=\"600\" cellspacing=\"1\" cellpadding=\"1\" align=\"center\">\n<thead>\n<tr>\n<th scope=\"col\" align=\"center\" valign=\"middle\" width=\"150\" height=\"40\">Wand\u00f6ffnung<\/th>\n<th scope=\"col\" align=\"center\" width=\"150\" height=\"40\">25 dB(A)<\/th>\n<th scope=\"col\" align=\"center\" width=\"150\" height=\"40\">30 dB(A)<\/th>\n<th scope=\"col\" align=\"center\" width=\"150\" height=\"40\">35 dB(A)<\/th>\n<\/tr>\n<\/thead>\n<tbody>\n<tr>\n<td align=\"center\" width=\"150\" height=\"40\">200 x 75 mm<\/td>\n<td align=\"center\" width=\"150\" height=\"40\">71 m\u00b3\/Std.<\/td>\n<td align=\"center\" width=\"150\" height=\"40\">91 m\u00b3\/Std.<\/td>\n<td align=\"center\" width=\"150\" height=\"40\">116 m\u00b3\/Std.<\/td>\n<\/tr>\n<\/tbody>\n<\/table>\n<p>&nbsp;<\/p>\n<p style=\"text-align: justify\">M\u00f6gliches Zubeh\u00f6r:<\/p>\n<ul>\n<li><strong class=\"c1\">Luftmengenregulierer (GT007):<\/strong> Der Luftmengenregulierer dient der separaten Luftmengenregulierung pro L\u00fcftungsgitter. Er kann durch einfaches einstellen per Schraubendreher reguliert werden. Die Montage erfolgt per einfachem Steckmechanismus auf der R\u00fcckseite des L\u00fcftungsgitter AD600. Die zus\u00e4tzliche Gittertiefe betr\u00e4gt 50 mm. <em>(Der Luftmengenregulierer muss separat bestellt, bzw. mittels Konfigurator ausgew\u00e4hlt werden)<br \/>\n<\/em><\/li>\n<li><strong class=\"c1\">Montagerahmen (GR001):<\/strong> Der Montagerahmen ist notwendig, um das L\u00fcftungsgitter AD600\u00a0ordnungsgem\u00e4\u00df\u00a0in der Wand zu montieren. Der Montagerahmen wird zun\u00e4chst in der Wand fixiert und das L\u00fcftungsgitter anschlie\u00dfend einfach mittels Klemmfedern eingesetzt und kann dementsprechend auch ohne gro\u00dfen Aufwand zur Wartung demontiert werden. <em>(Der Montagerahmen muss separat bestellt werden, bzw. mittels Konfigurator ausgew\u00e4hlt werden)<\/em><\/li>\n<\/ul>\n<p style=\"text-align: justify\">Weitere Informationen sowie das technische Datenblatt des Wandgitters AD600 finden Sie <a href=\"http:\/\/lueftungsgitter.net\/lueftungsgitter\/lueftung\/aluminium-wandgitter-a600\/wandgitter-a600.php\" target=\"_blank\" rel=\"noopener\">hier<\/a><\/p>\n<p><em>L\u00fcftungsgitter in Sonderformaten sind auf Anfrage erh\u00e4ltlich.<\/em><\/p>\n<p style=\"text-align: justify\">Eine flexible Fertigung sorgt daf\u00fcr, dass eine Lieferung meist innerhalb 1-2 Wochen erfolgen kann.\u00a0Die rotec GmbH kann einen bundes- und europaweiten Versand von L\u00fcftungsgittern anbieten. Dabei kann die Lieferung unter anderem werkt\u00e4glich in die Gro\u00dfr\u00e4ume Berlin, Hamburg, M\u00fcnchen, Frankfurt, K\u00f6ln, Stuttgart, Leipzig, Dresden, Bremen, D\u00fcsseldorf. Hannover, Kiel, Rostock oder N\u00fcrnberg erfolgen. Ebenso kann eine Lieferung u.a. nach \u00d6sterreich, Polen, Luxemburg oder in die Schweiz angeboten werden.<\/p>\n","protected":false},"featured_media":0,"comment_status":"open","ping_status":"closed","template":"","meta":{"_et_pb_use_builder":"","_et_pb_old_content":"","_et_gb_content_width":""},"product_brand":[],"product_cat":[30],"product_tag":[],"class_list":{"0":"post-1651","1":"product","2":"type-product","3":"status-publish","5":"product_cat-lueftungsgitter","6":"product_shipping_class-29","8":"first","9":"instock","10":"taxable","11":"shipping-taxable","12":"product-type-simple"},"tiered_pricing_type":"fixed","tiered_pricing_fixed_rules":[],"tiered_pricing_product_settings":{"layout":"default","base_unit_name":{"singular":null,"plural":null},"default_variation":null},"tiered_pricing_minimum_quantity":null,"tiered_pricing_roles_data":[],"tiered_pricing_percentage_rules":[],"_links":{"self":[{"href":"https:\/\/www.riffelblech.berlin\/rotec-shop\/wp-json\/wp\/v2\/product\/1651","targetHints":{"allow":["GET"]}}],"collection":[{"href":"https:\/\/www.riffelblech.berlin\/rotec-shop\/wp-json\/wp\/v2\/product"}],"about":[{"href":"https:\/\/www.riffelblech.berlin\/rotec-shop\/wp-json\/wp\/v2\/types\/product"}],"replies":[{"embeddable":true,"href":"https:\/\/www.riffelblech.berlin\/rotec-shop\/wp-json\/wp\/v2\/comments?post=1651"}],"wp:attachment":[{"href":"https:\/\/www.riffelblech.berlin\/rotec-shop\/wp-json\/wp\/v2\/media?parent=1651"}],"wp:term":[{"taxonomy":"product_brand","embeddable":true,"href":"https:\/\/www.riffelblech.berlin\/rotec-shop\/wp-json\/wp\/v2\/product_brand?post=1651"},{"taxonomy":"product_cat","embeddable":true,"href":"https:\/\/www.riffelblech.berlin\/rotec-shop\/wp-json\/wp\/v2\/product_cat?post=1651"},{"taxonomy":"product_tag","embeddable":true,"href":"https:\/\/www.riffelblech.berlin\/rotec-shop\/wp-json\/wp\/v2\/product_tag?post=1651"}],"curies":[{"name":"wp","href":"https:\/\/api.w.org\/{rel}","templated":true}]}}