{"id":1727,"date":"2023-09-14T11:15:57","date_gmt":"2023-09-14T09:15:57","guid":{"rendered":"https:\/\/www.riffelblech.berlin\/rotec-shop\/produkt\/luftmengenregulierer-gt005-525-x-75-mmaus-verzinktem-stahlblech-ral-9005-schwarz-lackiert\/"},"modified":"2023-11-22T18:52:13","modified_gmt":"2023-11-22T17:52:13","slug":"luftmengenregulierer-gt005-525-x-75-mmaus-verzinktem-stahlblech-ral-9005-schwarz-lackiert","status":"publish","type":"product","link":"https:\/\/www.riffelblech.berlin\/rotec-shop\/produkt\/luftmengenregulierer-gt005-525-x-75-mmaus-verzinktem-stahlblech-ral-9005-schwarz-lackiert\/","title":{"rendered":"Luftmengenregulierer GT005 &#8211; 525 x 75 mm aus verzinktem Stahlblech, RAL 9005 schwarz lackiert"},"content":{"rendered":"<p>L\u00fcftungsgitter, Montagerahmen und Luftmengenregulierer mit Sonderformaten sind auf Anfrage lieferbar.<\/p>\n<p>Eine flexible Fertigung sorgt daf\u00fcr, dass eine Lieferung meist innerhalb 1-2 Wochen erfolgen kann.\u00a0Die rotec GmbH kann einen bundes- und europaweiten Versand von L\u00fcftungsgittern anbieten. Dabei kann die Lieferung unter anderem werkt\u00e4glich in die Gro\u00dfr\u00e4ume Berlin, Hamburg, M\u00fcnchen, Frankfurt, K\u00f6ln, Stuttgart, Leipzig, Dresden, Bremen, D\u00fcsseldorf. Hannover, Kiel, Rostock oder N\u00fcrnberg erfolgen. Ebenso kann eine Lieferung u.a. nach \u00d6sterreich, Polen, Luxemburg oder in die Schweiz angeboten werden.<\/p>\n","protected":false},"excerpt":{"rendered":"<p>Der\u00a0Luftmengenregulierer GT005\u00a0dient dazu, die Luftmenge des entsprechenden L\u00fcftungsgitters zu regulieren. Dabei werden die Lamellen entsprechend ausgerichtet und so der offene Querschnitt der Kanal\u00f6ffnung eingestellt, durch die der Luftstrom flie\u00dfen kann. Der Luftmengenregulierer kann f\u00fcr das L\u00fcftungsgitter GS130G (f\u00fcr die Kanalmontage) verwendet werden.<\/p>\n<p>Der Luftmengenregulierer GT005 f\u00fcr Kanalgitter (Rundrohrmontage) hat folgende Eigenschaften:<\/p>\n<ul>\n<li>Luftmengenregulierer aus verzinktem Stahlblech<\/li>\n<li>RAL 9005 lackiert (standard schwarz)<\/li>\n<li>geeignet f\u00fcr Kanalgitter GS130G (Zuluft)<\/li>\n<li>schr\u00e4g verlaufender Luftmengenregulierer<\/li>\n<li>geeignet f\u00fcr den Einbau im Rundrohr (L\u00fcftungskanal)<\/li>\n<li>Einstellung der Luftmenge durch Verstellschraube<\/li>\n<li>Bautiefe inkl. Kanalgitter: 108 mm<\/li>\n<\/ul>\n<p>Ma\u00dfe der Kanal\u00f6ffnung f\u00fcr den Luftmengenregulierer (Nennma\u00dfe des Kanalgitters):<\/p>\n<ul>\n<li>Breite: 525 mm<\/li>\n<li>H\u00f6he: 75 mm<\/li>\n<\/ul>\n<p>Zum Luftmengenregulierer passendes Kanalgitter:<\/p>\n<ul>\n<li><a href=\"http:\/\/www.rotec-shop.eu\/mixxxer.php?products_id=2728\" target=\"_blank\" rel=\"noopener\">Kanalgitter GS130G (425 x 125 mm)<\/a><\/li>\n<\/ul>\n<p style=\"text-align: justify\">\n","protected":false},"featured_media":3453,"comment_status":"open","ping_status":"closed","template":"","meta":{"_et_pb_use_builder":"","_et_pb_old_content":"","_et_gb_content_width":""},"product_brand":[],"product_cat":[30],"product_tag":[],"class_list":{"0":"post-1727","1":"product","2":"type-product","3":"status-publish","4":"has-post-thumbnail","6":"product_cat-lueftungsgitter","7":"product_shipping_class-25","9":"first","10":"instock","11":"taxable","12":"shipping-taxable","13":"product-type-simple"},"tiered_pricing_type":"fixed","tiered_pricing_fixed_rules":[],"tiered_pricing_product_settings":{"layout":"default","base_unit_name":{"singular":null,"plural":null},"default_variation":null},"tiered_pricing_minimum_quantity":null,"tiered_pricing_roles_data":[],"tiered_pricing_percentage_rules":[],"_links":{"self":[{"href":"https:\/\/www.riffelblech.berlin\/rotec-shop\/wp-json\/wp\/v2\/product\/1727","targetHints":{"allow":["GET"]}}],"collection":[{"href":"https:\/\/www.riffelblech.berlin\/rotec-shop\/wp-json\/wp\/v2\/product"}],"about":[{"href":"https:\/\/www.riffelblech.berlin\/rotec-shop\/wp-json\/wp\/v2\/types\/product"}],"replies":[{"embeddable":true,"href":"https:\/\/www.riffelblech.berlin\/rotec-shop\/wp-json\/wp\/v2\/comments?post=1727"}],"wp:featuredmedia":[{"embeddable":true,"href":"https:\/\/www.riffelblech.berlin\/rotec-shop\/wp-json\/wp\/v2\/media\/3453"}],"wp:attachment":[{"href":"https:\/\/www.riffelblech.berlin\/rotec-shop\/wp-json\/wp\/v2\/media?parent=1727"}],"wp:term":[{"taxonomy":"product_brand","embeddable":true,"href":"https:\/\/www.riffelblech.berlin\/rotec-shop\/wp-json\/wp\/v2\/product_brand?post=1727"},{"taxonomy":"product_cat","embeddable":true,"href":"https:\/\/www.riffelblech.berlin\/rotec-shop\/wp-json\/wp\/v2\/product_cat?post=1727"},{"taxonomy":"product_tag","embeddable":true,"href":"https:\/\/www.riffelblech.berlin\/rotec-shop\/wp-json\/wp\/v2\/product_tag?post=1727"}],"curies":[{"name":"wp","href":"https:\/\/api.w.org\/{rel}","templated":true}]}}