{"id":1737,"date":"2023-09-14T11:15:57","date_gmt":"2023-09-14T09:15:57","guid":{"rendered":"https:\/\/www.riffelblech.berlin\/rotec-shop\/produkt\/bodengitter-ag300-200-x-75-mmaus-aluminium-naturfarbig-eloxiert\/"},"modified":"2023-11-22T18:39:09","modified_gmt":"2023-11-22T17:39:09","slug":"bodengitter-ag300-200-x-75-mmaus-aluminium-naturfarbig-eloxiert","status":"publish","type":"product","link":"https:\/\/www.riffelblech.berlin\/rotec-shop\/produkt\/bodengitter-ag300-200-x-75-mmaus-aluminium-naturfarbig-eloxiert\/","title":{"rendered":"Bodengitter AG300 &#8211; 200 x 75 mm aus Aluminium, naturfarbig eloxiert"},"content":{"rendered":"<p>M\u00f6gliches Zubeh\u00f6r:<\/p>\n<ul>\n<li><strong class=\"c1\">Luftmengenregulierer (GT007):<\/strong> Der Luftmengenregulierer dient der separaten Luftmengenregulierung pro L\u00fcftungsgitter. Er kann durch einfaches einstellen per Schraubendreher reguliert werden. Die Montage erfolgt per einfachem Steckmechanismus auf der R\u00fcckseite des L\u00fcftungsgitter AG300. Die zus\u00e4tzliche Gittertiefe betr\u00e4gt 50 mm. <em>(Der Luftmengenregulierer muss separat bestellt, bzw. mittels Konfigurator ausgew\u00e4hlt werden)<\/em><\/li>\n<\/ul>\n<p><em>L\u00fcftungsgitter in Sonderformaten sind auf Anfrage erh\u00e4ltlich.<\/em><\/p>\n<p>Eine flexible Fertigung sorgt daf\u00fcr, dass eine Lieferung meist innerhalb 1-2 Wochen erfolgen kann.\u00a0Die rotec GmbH kann einen bundes- und europaweiten Versand von L\u00fcftungsgittern anbieten. Dabei kann die Lieferung unter anderem werkt\u00e4glich in die Gro\u00dfr\u00e4ume Berlin, Hamburg, M\u00fcnchen, Frankfurt, K\u00f6ln, Stuttgart, Leipzig, Dresden, Bremen, D\u00fcsseldorf. Hannover, Kiel, Rostock oder N\u00fcrnberg erfolgen. Ebenso kann eine Lieferung u.a. nach \u00d6sterreich, Polen, Luxemburg oder in die Schweiz angeboten werden.<\/p>\n","protected":false},"excerpt":{"rendered":"<p>Das <strong>L\u00fcftungsgitter AG300<\/strong> eignet sich f\u00fcr die Zufuhr und Abfuhr von gek\u00fchlter Luft in B\u00fcror\u00e4umen, L\u00e4den, Werkst\u00e4tten, Wohnr\u00e4umen etc. und ist f\u00fcr die <strong>Bodenmontage<\/strong>\u00a0geeignet. Das L\u00fcftungsgitter AG300 ist nicht f\u00fcr den Einbau in W\u00e4nden und Br\u00fcstungen geeignet (<a href=\"http:\/\/www.rotec-shop.eu\/Lueftungsgitter\/Wandgitter:::1056_1057.html\" target=\"_blank\" rel=\"noopener\">L\u00fcftungsgitter f\u00fcr die Wandmontage finden Sie hier<\/a>).<\/p>\n<p>Das L\u00fcftungsgitter AG300 f\u00fcr die Bodenmontage hat folgende Eigenschaften:<\/p>\n<ul>\n<li>L\u00fcftungsgitter aus Aluminium<\/li>\n<li>Profillamellen sind <strong>waagerecht<\/strong>, <strong>feststehend<\/strong> und <strong>gerade<\/strong> ausgerichtet<\/li>\n<li>Mittelabstand zwischen den Lamellen 12,5 mm<\/li>\n<li>geeignet f\u00fcr den Einbau im Fu\u00dfboden<\/li>\n<li>Au\u00dfenrahmen und Lamellen aus extrudiertem Aluminium, standard naturfarbig eloxiert<\/li>\n<li>Herausnehmbarer Gittereinsatz<\/li>\n<\/ul>\n<p>Ma\u00dfe der Boden\u00f6ffnung des L\u00fcftungsgitters [und Au\u00dfenma\u00df inkl. Rahmen]:<\/p>\n<ul>\n<li>L\u00e4nge: 200 [230] mm<\/li>\n<li>H\u00f6he: 75 [105] mm<\/li>\n<li>Tiefe: 46 [Rahmendicke 24] mm<\/li>\n<\/ul>\n<p>Nachfolgende Tabelle zeigt die m\u00f6glichen Volumenstr\u00f6me [m\u00b3\/Std.] bei verschiedenen Schallleistungspegeln [db(A)]:<\/p>\n<table border=\"1\" width=\"600\" cellspacing=\"1\" cellpadding=\"1\" align=\"center\">\n<thead>\n<tr>\n<th scope=\"col\" align=\"center\" valign=\"middle\" width=\"150\" height=\"40\">Wand\u00f6ffnung<\/th>\n<th scope=\"col\" align=\"center\" width=\"150\" height=\"40\">25 dB(A)<\/th>\n<th scope=\"col\" align=\"center\" width=\"150\" height=\"40\">30 dB(A)<\/th>\n<th scope=\"col\" align=\"center\" width=\"150\" height=\"40\">35 dB(A)<\/th>\n<\/tr>\n<\/thead>\n<tbody>\n<tr>\n<td align=\"center\" width=\"150\" height=\"40\">200 x 75 mm<\/td>\n<td align=\"center\" width=\"150\" height=\"40\">69 m\u00b3\/Std.<\/td>\n<td align=\"center\" width=\"150\" height=\"40\">89 m\u00b3\/Std.<\/td>\n<td align=\"center\" width=\"150\" height=\"40\">115 m\u00b3\/Std.<\/td>\n<\/tr>\n<\/tbody>\n<\/table>\n","protected":false},"featured_media":3442,"comment_status":"open","ping_status":"closed","template":"","meta":{"_et_pb_use_builder":"","_et_pb_old_content":"","_et_gb_content_width":""},"product_brand":[],"product_cat":[30],"product_tag":[],"class_list":{"0":"post-1737","1":"product","2":"type-product","3":"status-publish","4":"has-post-thumbnail","6":"product_cat-lueftungsgitter","7":"product_shipping_class-29","9":"first","10":"instock","11":"taxable","12":"shipping-taxable","13":"product-type-simple"},"tiered_pricing_type":"fixed","tiered_pricing_fixed_rules":[],"tiered_pricing_product_settings":{"layout":"default","base_unit_name":{"singular":null,"plural":null},"default_variation":null},"tiered_pricing_minimum_quantity":null,"tiered_pricing_roles_data":[],"tiered_pricing_percentage_rules":[],"_links":{"self":[{"href":"https:\/\/www.riffelblech.berlin\/rotec-shop\/wp-json\/wp\/v2\/product\/1737","targetHints":{"allow":["GET"]}}],"collection":[{"href":"https:\/\/www.riffelblech.berlin\/rotec-shop\/wp-json\/wp\/v2\/product"}],"about":[{"href":"https:\/\/www.riffelblech.berlin\/rotec-shop\/wp-json\/wp\/v2\/types\/product"}],"replies":[{"embeddable":true,"href":"https:\/\/www.riffelblech.berlin\/rotec-shop\/wp-json\/wp\/v2\/comments?post=1737"}],"wp:featuredmedia":[{"embeddable":true,"href":"https:\/\/www.riffelblech.berlin\/rotec-shop\/wp-json\/wp\/v2\/media\/3442"}],"wp:attachment":[{"href":"https:\/\/www.riffelblech.berlin\/rotec-shop\/wp-json\/wp\/v2\/media?parent=1737"}],"wp:term":[{"taxonomy":"product_brand","embeddable":true,"href":"https:\/\/www.riffelblech.berlin\/rotec-shop\/wp-json\/wp\/v2\/product_brand?post=1737"},{"taxonomy":"product_cat","embeddable":true,"href":"https:\/\/www.riffelblech.berlin\/rotec-shop\/wp-json\/wp\/v2\/product_cat?post=1737"},{"taxonomy":"product_tag","embeddable":true,"href":"https:\/\/www.riffelblech.berlin\/rotec-shop\/wp-json\/wp\/v2\/product_tag?post=1737"}],"curies":[{"name":"wp","href":"https:\/\/api.w.org\/{rel}","templated":true}]}}