{"id":1765,"date":"2023-09-14T11:15:59","date_gmt":"2023-09-14T09:15:59","guid":{"rendered":"https:\/\/www.riffelblech.berlin\/rotec-shop\/produkt\/dralldurchlass-wr210-o-100-mmaus-stahl-ral-9010-reinweiss-lackiert\/"},"modified":"2023-11-22T14:59:59","modified_gmt":"2023-11-22T13:59:59","slug":"dralldurchlass-wr210-o-100-mmaus-stahl-ral-9010-reinweiss-lackiert","status":"publish","type":"product","link":"https:\/\/www.riffelblech.berlin\/rotec-shop\/produkt\/dralldurchlass-wr210-o-100-mmaus-stahl-ral-9010-reinweiss-lackiert\/","title":{"rendered":"Dralldurchlass WR210 &#8211; \u00d8 100 mm aus Stahl, RAL 9010 (reinwei\u00df) lackiert"},"content":{"rendered":"<p>M\u00f6gliches Zubeh\u00f6r:<\/p>\n<ul>\n<li><strong class=\"c1\">Einbautraverse f\u00fcr Montage mit Zentralschraube (GR003):<\/strong>\u00a0Die Einbautraverse dient der Montage des L\u00fcftungsgitters WR210 mit drallf\u00f6rmigem Luftauslass.\u00a0<em>(Die Einbautraverse muss separat bestellt, bzw. mittels Konfigurator ausgew\u00e4hlt werden)<br \/>\n<\/em><\/li>\n<li><strong class=\"c1\">Anschlusskasten (WP200):<\/strong> Der Anschlusskasten WP200 f\u00fcr das L\u00fcftungsgitter \/ Dralldurchlass\u00a0WR210 ist auf Anfrage lieferbar.<\/li>\n<\/ul>\n<p><em>L\u00fcftungsgitter f\u00fcr besondere Anforderungen in Sonderformaten sind auf Anfrage erh\u00e4ltlich.<\/em><\/p>\n<p>Eine flexible Fertigung sorgt daf\u00fcr, dass eine Lieferung meist innerhalb 1-2 Wochen erfolgen kann.\u00a0Die rotec GmbH kann einen bundes- und europaweiten Versand von L\u00fcftungsgittern anbieten. Dabei kann die Lieferung unter anderem werkt\u00e4glich in die Gro\u00dfr\u00e4ume Berlin, Hamburg, M\u00fcnchen, Frankfurt, K\u00f6ln, Stuttgart, Leipzig, Dresden, Bremen, D\u00fcsseldorf. Hannover, Kiel, Rostock oder N\u00fcrnberg erfolgen. Ebenso kann eine Lieferung u.a. nach \u00d6sterreich, Polen, Luxemburg oder in die Schweiz angeboten werden.<\/p>\n","protected":false},"excerpt":{"rendered":"<p>Das <strong>L\u00fcftungsgitter \/ Dralldurchlass WR210\u00a0<\/strong>eignet sich f\u00fcr die Zufuhr von gek\u00fchlter oder erw\u00e4rmter Luft in B\u00fcror\u00e4umen, L\u00e4den, Werkst\u00e4tten, Wohnr\u00e4umen etc. und ist f\u00fcr die <strong>Deckenmontage\u00a0<\/strong>geeignet. Die radial angeordneten Lamellen sind feststehend und sorgen dank einer drallf\u00f6rmig horizontalen Luftverteilung f\u00fcr eine schnelle Vermischung der Raumluft mit der zugef\u00fchrten Luft.<br \/>\nDas L\u00fcftungsgitter WR210 ist nicht f\u00fcr den Einbau in Fu\u00dfb\u00f6den geeignet (<a href=\"http:\/\/www.rotec-shop.eu\/Lueftungsgitter\/Bodengitter:::1056_1058.html\" target=\"_blank\" rel=\"noopener\">L\u00fcftungsgitter f\u00fcr die Fu\u00dfbodenmontage finden Sie hier<\/a>).<\/p>\n<p>Das L\u00fcftungsgitter WR210 f\u00fcr die Deckenmontage hat folgende Eigenschaften:<\/p>\n<ul>\n<li>L\u00fcftungsgitter aus Stahl<\/li>\n<li>RAL 9010 lackiert (reinwei\u00df)<\/li>\n<li>feststehende Lamellen<\/li>\n<li>Luftverteilung erfolgt drallf\u00f6rmig horizontal<\/li>\n<li>radial angeordnete Lamellen<\/li>\n<li>geeignet f\u00fcr die Montage in der Decke<\/li>\n<li>bevorzugte Deckenh\u00f6he 2,4m &#8211; 4m<\/li>\n<\/ul>\n<p>Nennma\u00df des L\u00fcftungsgitter [und Au\u00dfenma\u00df inkl. Rahmen]:<\/p>\n<ul>\n<li>\u00d8 100 [138] mm<\/li>\n<\/ul>\n<p>Nachfolgende Tabelle zeigt die m\u00f6glichen Volumenstr\u00f6me [m\u00b3\/Std.] bei verschiedenen Schallleistungspegeln [db(A)]:<\/p>\n<table border=\"1\" width=\"600\" cellspacing=\"1\" cellpadding=\"1\" align=\"center\">\n<thead>\n<tr>\n<th scope=\"col\" align=\"center\" valign=\"middle\" width=\"150\" height=\"40\">Nennma\u00df<\/th>\n<th scope=\"col\" align=\"center\" width=\"150\" height=\"40\">25 dB(A)<\/th>\n<th scope=\"col\" align=\"center\" width=\"150\" height=\"40\">30 dB(A)<\/th>\n<th scope=\"col\" align=\"center\" width=\"150\" height=\"40\">35 dB(A)<\/th>\n<\/tr>\n<\/thead>\n<tbody>\n<tr>\n<td align=\"center\" width=\"150\" height=\"40\">\u00d8 100 mm<\/td>\n<td align=\"center\" width=\"150\" height=\"40\">siehe Diagramm<\/td>\n<td align=\"center\" width=\"150\" height=\"40\">siehe Diagramm<\/td>\n<td align=\"center\" width=\"150\" height=\"40\">siehe Diagramm<\/td>\n<\/tr>\n<\/tbody>\n<\/table>\n","protected":false},"featured_media":3355,"comment_status":"open","ping_status":"closed","template":"","meta":{"_et_pb_use_builder":"","_et_pb_old_content":"","_et_gb_content_width":""},"product_brand":[],"product_cat":[30],"product_tag":[],"class_list":{"0":"post-1765","1":"product","2":"type-product","3":"status-publish","4":"has-post-thumbnail","6":"product_cat-lueftungsgitter","7":"product_shipping_class-29","9":"first","10":"instock","11":"taxable","12":"shipping-taxable","13":"product-type-simple"},"tiered_pricing_type":"fixed","tiered_pricing_fixed_rules":[],"tiered_pricing_product_settings":{"layout":"default","base_unit_name":{"singular":null,"plural":null},"default_variation":null},"tiered_pricing_minimum_quantity":null,"tiered_pricing_roles_data":[],"tiered_pricing_percentage_rules":[],"_links":{"self":[{"href":"https:\/\/www.riffelblech.berlin\/rotec-shop\/wp-json\/wp\/v2\/product\/1765","targetHints":{"allow":["GET"]}}],"collection":[{"href":"https:\/\/www.riffelblech.berlin\/rotec-shop\/wp-json\/wp\/v2\/product"}],"about":[{"href":"https:\/\/www.riffelblech.berlin\/rotec-shop\/wp-json\/wp\/v2\/types\/product"}],"replies":[{"embeddable":true,"href":"https:\/\/www.riffelblech.berlin\/rotec-shop\/wp-json\/wp\/v2\/comments?post=1765"}],"wp:featuredmedia":[{"embeddable":true,"href":"https:\/\/www.riffelblech.berlin\/rotec-shop\/wp-json\/wp\/v2\/media\/3355"}],"wp:attachment":[{"href":"https:\/\/www.riffelblech.berlin\/rotec-shop\/wp-json\/wp\/v2\/media?parent=1765"}],"wp:term":[{"taxonomy":"product_brand","embeddable":true,"href":"https:\/\/www.riffelblech.berlin\/rotec-shop\/wp-json\/wp\/v2\/product_brand?post=1765"},{"taxonomy":"product_cat","embeddable":true,"href":"https:\/\/www.riffelblech.berlin\/rotec-shop\/wp-json\/wp\/v2\/product_cat?post=1765"},{"taxonomy":"product_tag","embeddable":true,"href":"https:\/\/www.riffelblech.berlin\/rotec-shop\/wp-json\/wp\/v2\/product_tag?post=1765"}],"curies":[{"name":"wp","href":"https:\/\/api.w.org\/{rel}","templated":true}]}}