{"id":1810,"date":"2023-09-14T11:16:01","date_gmt":"2023-09-14T09:16:01","guid":{"rendered":"https:\/\/www.riffelblech.berlin\/rotec-shop\/produkt\/dralldurchlass-ws360-o160mm-systemplatte-619x619mmaus-stahl-ral-9010-reinweiss-lackiert\/"},"modified":"2023-11-15T13:23:47","modified_gmt":"2023-11-15T12:23:47","slug":"dralldurchlass-ws360-o160mm-systemplatte-619x619mmaus-stahl-ral-9010-reinweiss-lackiert","status":"publish","type":"product","link":"https:\/\/www.riffelblech.berlin\/rotec-shop\/produkt\/dralldurchlass-ws360-o160mm-systemplatte-619x619mmaus-stahl-ral-9010-reinweiss-lackiert\/","title":{"rendered":"Dralldurchlass WS360 \u00d8160 mm Systemplatte 619&#215;619 mm aus Stahl, RAL 9010 (reinwei\u00df) lackiert"},"content":{"rendered":"<p>M\u00f6gliches Zubeh\u00f6r:<\/p>\n<ul>\n<li><strong class=\"c1\">Luftmengenregulierer (DT003):<\/strong>\u00a0Der Luftmengenregulierer dient der separaten Luftmengenregulierung pro L\u00fcftungsgitter \/ Dralldurchlass.\u00a0<em>(Der Luftmengenregulierer muss separat bestellt, bzw. mittels Konfigurator ausgew\u00e4hlt werden)<\/em><\/li>\n<\/ul>\n<ul>\n<li><strong class=\"c1\">Anschlusskasten (WP200):<\/strong> Der Anschlusskasten WP200 f\u00fcr das L\u00fcftungsgitter \/ Dralldurchlass\u00a0WS360 ist auf Anfrage lieferbar.<\/li>\n<\/ul>\n<p><em>L\u00fcftungsgitter f\u00fcr besondere Anforderungen in Sonderformaten sind auf Anfrage erh\u00e4ltlich.<\/em><\/p>\n<p>Eine flexible Fertigung sorgt daf\u00fcr, dass eine Lieferung meist innerhalb 1-2 Wochen erfolgen kann.\u00a0Die rotec GmbH kann einen bundes- und europaweiten Versand von L\u00fcftungsgittern anbieten. Dabei kann die Lieferung unter anderem werkt\u00e4glich in die Gro\u00dfr\u00e4ume Berlin, Hamburg, M\u00fcnchen, Frankfurt, K\u00f6ln, Stuttgart, Leipzig, Dresden, Bremen, D\u00fcsseldorf. Hannover, Kiel, Rostock oder N\u00fcrnberg erfolgen. Ebenso kann eine Lieferung u.a. nach \u00d6sterreich, Polen, Luxemburg oder in die Schweiz angeboten werden.<\/p>\n","protected":false},"excerpt":{"rendered":"<p>Das <strong>L\u00fcftungsgitter \/ Dralldurchlass WS360\u00a0<\/strong>eignet sich f\u00fcr die Zufuhr von gek\u00fchlter oder erw\u00e4rmter Luft in B\u00fcror\u00e4umen, L\u00e4den, Werkst\u00e4tten, Wohnr\u00e4umen etc. und ist f\u00fcr die <strong>Montage in einer Systemdecke\u00a0<\/strong>geeignet. Die radial angeordneten Lamellen sind feststehend und sorgen dank einer drallf\u00f6rmig horizontalen Luftverteilung f\u00fcr eine schnelle Vermischung der Raumluft mit der zugef\u00fchrten Luft. Zus\u00e4tzlich ist eine perforierte Abdeckung vorgesetzt und sorgt f\u00fcr eine weitere Luftstreuung.<br \/>\nDas L\u00fcftungsgitter WS360 ist nicht f\u00fcr den Einbau in Fu\u00dfb\u00f6den geeignet (<a href=\"http:\/\/www.rotec-shop.eu\/Lueftungsgitter\/Bodengitter:::1056_1058.html\" target=\"_blank\" rel=\"noopener\">L\u00fcftungsgitter f\u00fcr die Fu\u00dfbodenmontage finden Sie hier<\/a>).<\/p>\n<p>Das L\u00fcftungsgitter WS360, f\u00fcr die Montage in einer Systemdecke, hat folgende Eigenschaften:<\/p>\n<ul>\n<li>L\u00fcftungsgitter aus Stahl (Ral 9005 lackiert &#8211; tiefschwarz)<\/li>\n<li>Perfoplatte (RAL 9010 lackiert &#8211; reinwei\u00df)<\/li>\n<li>feststehende Lamellen<\/li>\n<li>Luftverteilung erfolgt drallf\u00f6rmig horizontal<\/li>\n<li>radial angeordnete Lamellen<\/li>\n<li>zus\u00e4tzliche vorgesetzte Perfoplatte zur Luftstreuung<\/li>\n<li>geeignet f\u00fcr die Montage in einer Systemdecke<\/li>\n<li>bevorzugte Deckenh\u00f6he 2,4m &#8211; 4m<\/li>\n<\/ul>\n<p>Nennma\u00df des Dralldurchlasses [Ma\u00df der Systemplatte]:<\/p>\n<ul>\n<li>\u00d8 160 [619&#215;619] mm &#8211; siehe dazu auch techn. Zeichnung (Bild 2)<\/li>\n<\/ul>\n<p>Nachfolgende Tabelle zeigt die m\u00f6glichen Volumenstr\u00f6me [m\u00b3\/Std.] bei verschiedenen Schallleistungspegeln [db(A)]:<\/p>\n<table border=\"1\" width=\"600\" cellspacing=\"1\" cellpadding=\"1\" align=\"center\">\n<thead>\n<tr>\n<th scope=\"col\" align=\"center\" valign=\"middle\" width=\"150\" height=\"40\">Nennma\u00df<\/th>\n<th scope=\"col\" align=\"center\" width=\"150\" height=\"40\">25 dB(A)<\/th>\n<th scope=\"col\" align=\"center\" width=\"150\" height=\"40\">30 dB(A)<\/th>\n<th scope=\"col\" align=\"center\" width=\"150\" height=\"40\">35 dB(A)<\/th>\n<\/tr>\n<\/thead>\n<tbody>\n<tr>\n<td align=\"center\" width=\"150\" height=\"40\">\u00d8 160 mm<\/td>\n<td align=\"center\" width=\"150\" height=\"40\">116 m\u00b3\/h<\/td>\n<td align=\"center\" width=\"150\" height=\"40\">135 m\u00b3\/h<\/td>\n<td align=\"center\" width=\"150\" height=\"40\">157 m\u00b3\/h<\/td>\n<\/tr>\n<\/tbody>\n<\/table>\n","protected":false},"featured_media":3026,"comment_status":"open","ping_status":"closed","template":"","meta":{"_et_pb_use_builder":"","_et_pb_old_content":"","_et_gb_content_width":""},"product_brand":[],"product_cat":[30],"product_tag":[],"class_list":{"0":"post-1810","1":"product","2":"type-product","3":"status-publish","4":"has-post-thumbnail","6":"product_cat-lueftungsgitter","7":"product_shipping_class-29","9":"first","10":"instock","11":"taxable","12":"shipping-taxable","13":"product-type-simple"},"tiered_pricing_type":"fixed","tiered_pricing_fixed_rules":[],"tiered_pricing_product_settings":{"layout":"default","base_unit_name":{"singular":null,"plural":null},"default_variation":null},"tiered_pricing_minimum_quantity":null,"tiered_pricing_roles_data":[],"tiered_pricing_percentage_rules":[],"_links":{"self":[{"href":"https:\/\/www.riffelblech.berlin\/rotec-shop\/wp-json\/wp\/v2\/product\/1810","targetHints":{"allow":["GET"]}}],"collection":[{"href":"https:\/\/www.riffelblech.berlin\/rotec-shop\/wp-json\/wp\/v2\/product"}],"about":[{"href":"https:\/\/www.riffelblech.berlin\/rotec-shop\/wp-json\/wp\/v2\/types\/product"}],"replies":[{"embeddable":true,"href":"https:\/\/www.riffelblech.berlin\/rotec-shop\/wp-json\/wp\/v2\/comments?post=1810"}],"wp:featuredmedia":[{"embeddable":true,"href":"https:\/\/www.riffelblech.berlin\/rotec-shop\/wp-json\/wp\/v2\/media\/3026"}],"wp:attachment":[{"href":"https:\/\/www.riffelblech.berlin\/rotec-shop\/wp-json\/wp\/v2\/media?parent=1810"}],"wp:term":[{"taxonomy":"product_brand","embeddable":true,"href":"https:\/\/www.riffelblech.berlin\/rotec-shop\/wp-json\/wp\/v2\/product_brand?post=1810"},{"taxonomy":"product_cat","embeddable":true,"href":"https:\/\/www.riffelblech.berlin\/rotec-shop\/wp-json\/wp\/v2\/product_cat?post=1810"},{"taxonomy":"product_tag","embeddable":true,"href":"https:\/\/www.riffelblech.berlin\/rotec-shop\/wp-json\/wp\/v2\/product_tag?post=1810"}],"curies":[{"name":"wp","href":"https:\/\/api.w.org\/{rel}","templated":true}]}}