{"id":1836,"date":"2023-09-14T11:16:03","date_gmt":"2023-09-14T09:16:03","guid":{"rendered":"https:\/\/www.riffelblech.berlin\/rotec-shop\/produkt\/luftmengenregulierer-dt003-o-315-mmaus-verzinktem-stahlblech-ral-9005-schwarz-lackiert\/"},"modified":"2023-11-20T17:53:48","modified_gmt":"2023-11-20T16:53:48","slug":"luftmengenregulierer-dt003-o-315-mmaus-verzinktem-stahlblech-ral-9005-schwarz-lackiert","status":"publish","type":"product","link":"https:\/\/www.riffelblech.berlin\/rotec-shop\/produkt\/luftmengenregulierer-dt003-o-315-mmaus-verzinktem-stahlblech-ral-9005-schwarz-lackiert\/","title":{"rendered":"Luftmengenregulierer DT003 &#8211; \u00d8 315 mm aus verzinktem Stahlblech, RAL 9005 schwarz lackiert"},"content":{"rendered":"<p>L\u00fcftungsgitter und Luftmengenregulierer mit Sonderformaten sind auf Anfrage lieferbar.<\/p>\n<p>Eine flexible Fertigung sorgt daf\u00fcr, dass eine Lieferung meist innerhalb 1-2 Wochen erfolgen kann.\u00a0Die rotec GmbH kann einen bundes- und europaweiten Versand von L\u00fcftungsgittern anbieten. Dabei kann die Lieferung unter anderem werkt\u00e4glich in die Gro\u00dfr\u00e4ume Berlin, Hamburg, M\u00fcnchen, Frankfurt, K\u00f6ln, Stuttgart, Leipzig, Dresden, Bremen, D\u00fcsseldorf. Hannover, Kiel, Rostock oder N\u00fcrnberg erfolgen. Ebenso kann eine Lieferung u.a. nach \u00d6sterreich, Polen, Luxemburg oder in die Schweiz angeboten werden.<\/p>\n","protected":false},"excerpt":{"rendered":"<p>Der <strong>Luftmengenregulierer DT003<\/strong> dient dazu, die Luftmenge des entsprechenden L\u00fcftungsgitters zu regulieren. Dabei werden die gegenl\u00e4ufigen, senkrechten Lamellen mittels Verstellschraube ausgerichtet und so der offene Querschnitt der Decken\u00f6ffnung eingestellt, durch die der Luftstrom flie\u00dfen kann. Der Luftmengenregulierer kann f\u00fcr das L\u00fcftungsgitter WS360 (<strong>f\u00fcr die Deckenmontage<\/strong>) verwendet werden.<\/p>\n<p>Der Luftmengenregulierer DT003 f\u00fcr L\u00fcftungsgitter (Deckenmontage) hat folgende Eigenschaften:<\/p>\n<ul>\n<li>Luftmengenregulierer aus verzinktem Stahlblech<\/li>\n<li>RAL 9005 lackiert (standard schwarz)<\/li>\n<li>Geeignet f\u00fcr das L\u00fcftungsgitter (WS360)<\/li>\n<li>Einstellung der Luftmenge durch Lamellen<\/li>\n<\/ul>\n<p>Nennma\u00dfe des L\u00fcftungsgitter:<\/p>\n<ul>\n<li><b>\u00d8 315 mm<\/b><\/li>\n<\/ul>\n<p>Zum Luftmengenregulierer passende L\u00fcftungsgitter \/ Dralldurchl\u00e4sse:<\/p>\n<ul>\n<li><a href=\"http:\/\/www.rotec-shop.eu\/mixxxer.php?products_id=2591\" target=\"_blank\" rel=\"noopener\">L\u00fcftungsgitter WS360 (\u00d8 315 mm) in Systemplatte (594 x 594 mm)<\/a><\/li>\n<li><a href=\"http:\/\/www.rotec-shop.eu\/mixxxer.php?products_id=2592\" target=\"_blank\" rel=\"noopener\">L\u00fcftungsgitter WS360 (\u00d8 315 mm) in Systemplatte (619 x 619 mm)<\/a><\/li>\n<\/ul>\n","protected":false},"featured_media":3293,"comment_status":"open","ping_status":"closed","template":"","meta":{"_et_pb_use_builder":"","_et_pb_old_content":"","_et_gb_content_width":""},"product_brand":[],"product_cat":[30],"product_tag":[],"class_list":{"0":"post-1836","1":"product","2":"type-product","3":"status-publish","4":"has-post-thumbnail","6":"product_cat-lueftungsgitter","7":"product_shipping_class-29","9":"first","10":"instock","11":"taxable","12":"shipping-taxable","13":"product-type-simple"},"tiered_pricing_type":"fixed","tiered_pricing_fixed_rules":[],"tiered_pricing_product_settings":{"layout":"default","base_unit_name":{"singular":null,"plural":null},"default_variation":null},"tiered_pricing_minimum_quantity":null,"tiered_pricing_roles_data":[],"tiered_pricing_percentage_rules":[],"_links":{"self":[{"href":"https:\/\/www.riffelblech.berlin\/rotec-shop\/wp-json\/wp\/v2\/product\/1836","targetHints":{"allow":["GET"]}}],"collection":[{"href":"https:\/\/www.riffelblech.berlin\/rotec-shop\/wp-json\/wp\/v2\/product"}],"about":[{"href":"https:\/\/www.riffelblech.berlin\/rotec-shop\/wp-json\/wp\/v2\/types\/product"}],"replies":[{"embeddable":true,"href":"https:\/\/www.riffelblech.berlin\/rotec-shop\/wp-json\/wp\/v2\/comments?post=1836"}],"wp:featuredmedia":[{"embeddable":true,"href":"https:\/\/www.riffelblech.berlin\/rotec-shop\/wp-json\/wp\/v2\/media\/3293"}],"wp:attachment":[{"href":"https:\/\/www.riffelblech.berlin\/rotec-shop\/wp-json\/wp\/v2\/media?parent=1836"}],"wp:term":[{"taxonomy":"product_brand","embeddable":true,"href":"https:\/\/www.riffelblech.berlin\/rotec-shop\/wp-json\/wp\/v2\/product_brand?post=1836"},{"taxonomy":"product_cat","embeddable":true,"href":"https:\/\/www.riffelblech.berlin\/rotec-shop\/wp-json\/wp\/v2\/product_cat?post=1836"},{"taxonomy":"product_tag","embeddable":true,"href":"https:\/\/www.riffelblech.berlin\/rotec-shop\/wp-json\/wp\/v2\/product_tag?post=1836"}],"curies":[{"name":"wp","href":"https:\/\/api.w.org\/{rel}","templated":true}]}}