{"id":1843,"date":"2023-09-14T11:16:04","date_gmt":"2023-09-14T09:16:04","guid":{"rendered":"https:\/\/www.riffelblech.berlin\/rotec-shop\/produkt\/schlitzdurchlass-lt452-aus-aluminium-2-schlitzeals-einteiliges-lueftungsgitter-1500-mm-schlitzlaenge\/"},"modified":"2023-11-20T17:04:39","modified_gmt":"2023-11-20T16:04:39","slug":"schlitzdurchlass-lt452-aus-aluminium-2-schlitzeals-einteiliges-lueftungsgitter-1500-mm-schlitzlaenge","status":"publish","type":"product","link":"https:\/\/www.riffelblech.berlin\/rotec-shop\/produkt\/schlitzdurchlass-lt452-aus-aluminium-2-schlitzeals-einteiliges-lueftungsgitter-1500-mm-schlitzlaenge\/","title":{"rendered":"Schlitzdurchlass LT452 aus Aluminium &#8211; 2 Schlitze als einteiliges L\u00fcftungsgitter &#8211; 1500 mm Schlitzl\u00e4nge"},"content":{"rendered":"<p>M\u00f6gliches Zubeh\u00f6r:<\/p>\n<ul>\n<li><strong class=\"c1\">Anschlusskasten (LP402):<\/strong> Der Anschlusskasten LP402 f\u00fcr das L\u00fcftungsgitter \/ Schlitzdurchlass LT452 muss separat bestellt, bzw. mittels Konfigurator ausgew\u00e4hlt werden.\u00a0Bis 1600 mm verf\u00fcgt der Anschlusskasten \u00fcber einen Anschlussstutzen, ab 1600 mm \u00fcber 2 Anschlussstutzen. Eine isolierte Ausf\u00fchrung, sowie eine Mengenregulierung sind auf Anfrage m\u00f6glich.<\/li>\n<\/ul>\n<p><em>Schlitzdurchl\u00e4sse mit 1-4 Schlitzen sind auch im Wunschma\u00df (300 &#8211; 2000 mm im 1 mm Abstand), sowie sonstige L\u00fcftungsgitter f\u00fcr besondere Anforderungen in Sonderformaten auf Anfrage erh\u00e4ltlich.<\/em><\/p>\n<p>Eine flexible Fertigung sorgt daf\u00fcr, dass eine Lieferung meist innerhalb 1-2 Wochen erfolgen kann.\u00a0Die rotec GmbH kann einen bundes- und europaweiten Versand von L\u00fcftungsgittern anbieten. Dabei kann die Lieferung unter anderem werkt\u00e4glich in die Gro\u00dfr\u00e4ume Berlin, Hamburg, M\u00fcnchen, Frankfurt, K\u00f6ln, Stuttgart, Leipzig, Dresden, Bremen, D\u00fcsseldorf. Hannover, Kiel, Rostock oder N\u00fcrnberg erfolgen. Ebenso kann eine Lieferung u.a. nach \u00d6sterreich, Polen, Luxemburg oder in die Schweiz angeboten werden.<\/p>\n","protected":false},"excerpt":{"rendered":"<p>Das <strong>L\u00fcftungsgitter \/ Schlitzdurchlass LT452\u00a0<\/strong>eignet sich f\u00fcr die Zufuhr von gek\u00fchlter oder erw\u00e4rmter Luft in B\u00fcror\u00e4umen, Hotels, Konferenzr\u00e4umen, L\u00e4den, Werkst\u00e4tten, Wohnr\u00e4umen etc. und ist f\u00fcr die <strong>Deckenmontage\u00a0<\/strong>geeignet. Der Schlitzdurchlass verf\u00fcgt \u00fcber <strong>2 Schlitze<\/strong> mit Walzentechnik. Die\u00a0<strong>integrierte Walzentechnik<\/strong> erm\u00f6glicht es, dass die Richtung des Luftstroms bei jedem Schlitz frei einstellbar ist. Der Luftstrom erfolgt linear in den Raum hinein.<br \/>\nDer Schlitzdurchlass LT452 ist nicht f\u00fcr den Einbau in Fu\u00dfb\u00f6den geeignet (<a href=\"http:\/\/www.rotec-shop.eu\/Lueftungsgitter\/Bodengitter:::1056_1058.html\" target=\"_blank\" rel=\"noopener\">L\u00fcftungsgitter f\u00fcr die Fu\u00dfbodenmontage finden Sie hier<\/a>).<\/p>\n<p>Der Schlitzdurchlass LT452 f\u00fcr die Deckenmontage hat folgende Eigenschaften:<\/p>\n<ul>\n<li>L\u00fcftungsgitter aus Aluminium<\/li>\n<li>Aluminium naturfarbig eloxiert<\/li>\n<li>Walzen in RAL9005 (schwarz)<\/li>\n<li><strong>Anzahl der Schlitze: 2<\/strong><\/li>\n<li><strong>Schlitzl\u00e4nge: 1500 mm<\/strong><\/li>\n<li>Frei einstellbare Walze<\/li>\n<li>Luftverteilung erfolgt linear<\/li>\n<li>Geeignet f\u00fcr die Montage in der Decke<\/li>\n<li>Montage durch Verschraubung mit dem Anschlusskasten LP402<\/li>\n<li>Bevorzugte Deckenh\u00f6he 2,6 m &#8211; 4 m<\/li>\n<\/ul>\n<p>Nennma\u00df (Schlitzl\u00e4nge) des Schlitzdurchlasses [Anzahl an Schlitzen]:<\/p>\n<ul>\n<li>1500 mm [2 Schlitze]<\/li>\n<\/ul>\n<p>Nachfolgende Tabelle zeigt die m\u00f6glichen Volumenstr\u00f6me [m\u00b3\/Std.] bei verschiedenen Schallleistungspegeln [db(A)]:<\/p>\n<table border=\"1\" width=\"600\" cellspacing=\"1\" cellpadding=\"1\" align=\"center\">\n<thead>\n<tr>\n<th scope=\"col\" align=\"center\" valign=\"middle\" width=\"150\" height=\"40\">Nennma\u00df<\/th>\n<th scope=\"col\" align=\"center\" width=\"150\" height=\"40\">25 dB(A)<\/th>\n<th scope=\"col\" align=\"center\" width=\"150\" height=\"40\">30 dB(A)<\/th>\n<th scope=\"col\" align=\"center\" width=\"150\" height=\"40\">35 dB(A)<\/th>\n<\/tr>\n<\/thead>\n<tbody>\n<tr>\n<td align=\"center\" width=\"150\" height=\"40\">1500 mm [2 Schlitze]<\/td>\n<td align=\"center\" width=\"150\" height=\"40\">244 m\u00b3\/h<\/td>\n<td align=\"center\" width=\"150\" height=\"40\">286 m\u00b3\/h<\/td>\n<td align=\"center\" width=\"150\" height=\"40\">334 m\u00b3\/h<\/td>\n<\/tr>\n<\/tbody>\n<\/table>\n","protected":false},"featured_media":3256,"comment_status":"open","ping_status":"closed","template":"","meta":{"_et_pb_use_builder":"","_et_pb_old_content":"","_et_gb_content_width":""},"product_brand":[],"product_cat":[30],"product_tag":[],"class_list":{"0":"post-1843","1":"product","2":"type-product","3":"status-publish","4":"has-post-thumbnail","6":"product_cat-lueftungsgitter","7":"product_shipping_class-29","9":"first","10":"instock","11":"taxable","12":"shipping-taxable","13":"product-type-simple"},"tiered_pricing_type":"fixed","tiered_pricing_fixed_rules":[],"tiered_pricing_product_settings":{"layout":"default","base_unit_name":{"singular":null,"plural":null},"default_variation":null},"tiered_pricing_minimum_quantity":null,"tiered_pricing_roles_data":[],"tiered_pricing_percentage_rules":[],"_links":{"self":[{"href":"https:\/\/www.riffelblech.berlin\/rotec-shop\/wp-json\/wp\/v2\/product\/1843","targetHints":{"allow":["GET"]}}],"collection":[{"href":"https:\/\/www.riffelblech.berlin\/rotec-shop\/wp-json\/wp\/v2\/product"}],"about":[{"href":"https:\/\/www.riffelblech.berlin\/rotec-shop\/wp-json\/wp\/v2\/types\/product"}],"replies":[{"embeddable":true,"href":"https:\/\/www.riffelblech.berlin\/rotec-shop\/wp-json\/wp\/v2\/comments?post=1843"}],"wp:featuredmedia":[{"embeddable":true,"href":"https:\/\/www.riffelblech.berlin\/rotec-shop\/wp-json\/wp\/v2\/media\/3256"}],"wp:attachment":[{"href":"https:\/\/www.riffelblech.berlin\/rotec-shop\/wp-json\/wp\/v2\/media?parent=1843"}],"wp:term":[{"taxonomy":"product_brand","embeddable":true,"href":"https:\/\/www.riffelblech.berlin\/rotec-shop\/wp-json\/wp\/v2\/product_brand?post=1843"},{"taxonomy":"product_cat","embeddable":true,"href":"https:\/\/www.riffelblech.berlin\/rotec-shop\/wp-json\/wp\/v2\/product_cat?post=1843"},{"taxonomy":"product_tag","embeddable":true,"href":"https:\/\/www.riffelblech.berlin\/rotec-shop\/wp-json\/wp\/v2\/product_tag?post=1843"}],"curies":[{"name":"wp","href":"https:\/\/api.w.org\/{rel}","templated":true}]}}