{"id":1862,"date":"2023-09-14T11:16:05","date_gmt":"2023-09-14T09:16:05","guid":{"rendered":"https:\/\/www.riffelblech.berlin\/rotec-shop\/produkt\/anschlusskasten-sp102-o-160-mm-fuer-se612-1-teiligschlitzlaenge-1500-mm-aus-verzinktem-stahlblech\/"},"modified":"2023-11-20T16:29:34","modified_gmt":"2023-11-20T15:29:34","slug":"anschlusskasten-sp102-o-160-mm-fuer-se612-1-teiligschlitzlaenge-1500-mm-aus-verzinktem-stahlblech","status":"publish","type":"product","link":"https:\/\/www.riffelblech.berlin\/rotec-shop\/produkt\/anschlusskasten-sp102-o-160-mm-fuer-se612-1-teiligschlitzlaenge-1500-mm-aus-verzinktem-stahlblech\/","title":{"rendered":"Anschlusskasten SP102 &#8211; \u00d8 160 mm &#8211; f\u00fcr SE612, 1-teilig Schlitzl\u00e4nge 1500 mm &#8211; aus verzinktem Stahlblech"},"content":{"rendered":"<p>L\u00fcftungsgitter und Anschlussk\u00e4sten mit Sonderformaten sind auf Anfrage lieferbar.<\/p>\n<p>Eine flexible Fertigung sorgt daf\u00fcr, dass eine Lieferung meist innerhalb 1-2 Wochen erfolgen kann. Die rotec GmbH kann einen bundes- und europaweiten Versand von L\u00fcftungsgittern anbieten. Dabei kann die Lieferung unter anderem werkt\u00e4glich in die Gro\u00dfr\u00e4ume Berlin, Hamburg, M\u00fcnchen, Frankfurt, K\u00f6ln, Stuttgart, Leipzig, Dresden, Bremen, D\u00fcsseldorf. Hannover, Kiel, Rostock oder N\u00fcrnberg erfolgen. Ebenso kann eine Lieferung u.a. nach \u00d6sterreich, Polen, Luxemburg oder in die Schweiz angeboten werden.<\/p>\n","protected":false},"excerpt":{"rendered":"<p>Der <strong>Anschlusskasten SP102<\/strong>\u00a0dient dazu, die Luftmenge des entsprechenden Schlitzdurchlasses vorzuregulieren und gleichm\u00e4\u00dfig auf den Schlitzdurchlass zu verteilen. Dabei wird der Kasten durch das L\u00fcftungssystem mit dem entsprechenden Durchmesser angesteuert und leitet die Zuluft dann auf der gesamten Fl\u00e4che des L\u00fcftungsgitters in den Raum hinein. Der Anschlusskasten kann f\u00fcr das L\u00fcftungsgitter SE612 verwendet werden.<\/p>\n<p>Der Anschlusskasten SP102 f\u00fcr den Schlitzdurchlass (Deckenmontage) hat folgende Eigenschaften:<\/p>\n<ul>\n<li>Anschlusskasten aus verzinktem Stahlblech<\/li>\n<li><strong>1-teilige Ausf\u00fchrung (keine Bandausf\u00fchrung)<\/strong><\/li>\n<li>Geeignet f\u00fcr das Schlitzdurchlass SE612<\/li>\n<li>F\u00fcr Schlitzl\u00e4nge: 1500 mm<\/li>\n<li>F\u00fcr Schlitzanzahl: 2<\/li>\n<\/ul>\n<p>Nennma\u00df des Anschlusskasten (f\u00fcr Schlitzl\u00e4nge \/ Schlitzanzahl \/ \u00d8 Anschluss):<\/p>\n<ul>\n<li><strong>1500 mm \/ 2 Schlitze \/ \u00d8 160 mm<\/strong><\/li>\n<\/ul>\n<p>Zum Anschlusskasten passende L\u00fcftungsgitter \/ Schlitzdurchl\u00e4sse:<\/p>\n<ul>\n<li><a href=\"http:\/\/www.rotec-shop.eu\/mixxxer.php?products_id=2624\" target=\"_blank\" rel=\"noopener\">L\u00fcftungsgitter \/ Schlitzdurchlass SE612 &#8211; 1500 mm Schlitzl\u00e4nge &#8211; 2 Schlitze<\/a><\/li>\n<\/ul>\n","protected":false},"featured_media":3221,"comment_status":"open","ping_status":"closed","template":"","meta":{"_et_pb_use_builder":"","_et_pb_old_content":"","_et_gb_content_width":""},"product_brand":[],"product_cat":[30],"product_tag":[],"class_list":{"0":"post-1862","1":"product","2":"type-product","3":"status-publish","4":"has-post-thumbnail","6":"product_cat-lueftungsgitter","7":"product_shipping_class-29","9":"first","10":"instock","11":"taxable","12":"shipping-taxable","13":"product-type-simple"},"tiered_pricing_type":"fixed","tiered_pricing_fixed_rules":[],"tiered_pricing_product_settings":{"layout":"default","base_unit_name":{"singular":null,"plural":null},"default_variation":null},"tiered_pricing_minimum_quantity":null,"tiered_pricing_roles_data":[],"tiered_pricing_percentage_rules":[],"_links":{"self":[{"href":"https:\/\/www.riffelblech.berlin\/rotec-shop\/wp-json\/wp\/v2\/product\/1862","targetHints":{"allow":["GET"]}}],"collection":[{"href":"https:\/\/www.riffelblech.berlin\/rotec-shop\/wp-json\/wp\/v2\/product"}],"about":[{"href":"https:\/\/www.riffelblech.berlin\/rotec-shop\/wp-json\/wp\/v2\/types\/product"}],"replies":[{"embeddable":true,"href":"https:\/\/www.riffelblech.berlin\/rotec-shop\/wp-json\/wp\/v2\/comments?post=1862"}],"wp:featuredmedia":[{"embeddable":true,"href":"https:\/\/www.riffelblech.berlin\/rotec-shop\/wp-json\/wp\/v2\/media\/3221"}],"wp:attachment":[{"href":"https:\/\/www.riffelblech.berlin\/rotec-shop\/wp-json\/wp\/v2\/media?parent=1862"}],"wp:term":[{"taxonomy":"product_brand","embeddable":true,"href":"https:\/\/www.riffelblech.berlin\/rotec-shop\/wp-json\/wp\/v2\/product_brand?post=1862"},{"taxonomy":"product_cat","embeddable":true,"href":"https:\/\/www.riffelblech.berlin\/rotec-shop\/wp-json\/wp\/v2\/product_cat?post=1862"},{"taxonomy":"product_tag","embeddable":true,"href":"https:\/\/www.riffelblech.berlin\/rotec-shop\/wp-json\/wp\/v2\/product_tag?post=1862"}],"curies":[{"name":"wp","href":"https:\/\/api.w.org\/{rel}","templated":true}]}}