{"id":1948,"date":"2023-09-14T11:16:11","date_gmt":"2023-09-14T09:16:11","guid":{"rendered":"https:\/\/www.riffelblech.berlin\/rotec-shop\/produkt\/kanalgitter-gs130g-fuer-zuluft-625-x-75-mmaus-stahl-verzinkt\/"},"modified":"2023-12-04T11:19:09","modified_gmt":"2023-12-04T10:19:09","slug":"kanalgitter-gs130g-fuer-zuluft-625-x-75-mmaus-stahl-verzinkt","status":"publish","type":"product","link":"https:\/\/www.riffelblech.berlin\/rotec-shop\/produkt\/kanalgitter-gs130g-fuer-zuluft-625-x-75-mmaus-stahl-verzinkt\/","title":{"rendered":"Kanalgitter GS130G f\u00fcr Zuluft &#8211; 625 x 75 mm aus Stahl, verzinkt"},"content":{"rendered":"<p><em>L\u00fcftungsgitter f\u00fcr besondere Anforderungen in Sonderformaten oder abweichende Farben sind auf Anfrage erh\u00e4ltlich.<\/em><\/p>\n<p>Eine flexible Fertigung sorgt daf\u00fcr, dass eine Lieferung meist innerhalb 1-2 Wochen erfolgen kann.\u00a0Die rotec GmbH kann einen bundes- und europaweiten Versand von L\u00fcftungsgittern \/\u00a0Kanalgittern \/ Rundrohrgittern anbieten. Dabei kann die Lieferung unter anderem werkt\u00e4glich in die Gro\u00dfr\u00e4ume Berlin, Hamburg, M\u00fcnchen, Frankfurt, K\u00f6ln, Stuttgart, Leipzig, Dresden, Bremen, D\u00fcsseldorf. Hannover, Kiel, Rostock oder N\u00fcrnberg erfolgen. Ebenso kann eine Lieferung u.a. nach \u00d6sterreich, Polen, Luxemburg oder in die Schweiz angeboten werden.<\/p>\n","protected":false},"excerpt":{"rendered":"<p>Das <strong>Kanalgitter GS130G<\/strong>\u00a0eignet sich f\u00fcr die Zufuhr von gek\u00fchlter oder erw\u00e4rmter <strong>Zuluft<\/strong> \u00fcber ein rundes Kanalrohr (Rundrohr). Das Kanalgitter wird direkt in der runden Kanalleitung installiert und \u00fcber sichtbare Schraub-Befestigungen verschraubt. Die senkrechten und horizontalen Lamellen k\u00f6nnen von Hand eingestellt werden. Zus\u00e4tzlich kann ein Luftmengenregulierer mit dem Kanalgitter kombiniert werden, damit die zuzuf\u00fchrende Luftmenge reguliert werden kann.<\/p>\n<p>Das L\u00fcftungsventil ist nicht f\u00fcr den Einbau in Fu\u00dfb\u00f6den geeignet (<a href=\"http:\/\/www.rotec-shop.eu\/Lueftungsgitter\/Bodengitter:::1056_1058.html\" target=\"_blank\" rel=\"noopener\">L\u00fcftungsgitter f\u00fcr die Fu\u00dfbodenmontage finden Sie hier<\/a>).<\/p>\n<p>F\u00fcr die Abfuhr von Luft ist das Kanalgitter GS120G vorgesehen (<a href=\"http:\/\/www.rotec-shop.eu\/mixxxer.php?products_id=2725\" target=\"_blank\" rel=\"noopener\">dieses L\u00fcftungsventil finden Sie hier<\/a>).<\/p>\n<p>Das Kanalgitter GS130G f\u00fcr die Montage im Rundrohr (runder L\u00fcftungskanal) hat folgende Eigenschaften:<\/p>\n<ul>\n<li>Kanalgitter aus Stahl<\/li>\n<li>f\u00fcr Zuluft vorgesehen<\/li>\n<li>verzinkt<\/li>\n<li>senkrechte und horizontale Lamellen<\/li>\n<li>Lamellen sind von Hand einzeln einstellbar<\/li>\n<li>geeignet f\u00fcr die Montage im Rundrohr<\/li>\n<li>geeignet f\u00fcr Befestigung direkt am Kanal<\/li>\n<li>Montage durch Verschraubung (sichtbar)<\/li>\n<li>Luftmengenregulierer als Zubeh\u00f6r erh\u00e4ltlich<\/li>\n<li>Rundrohrdurchmesser MIN. 160 mm<\/li>\n<li>Rundrohrdurchmesser MAX. 400 mm<\/li>\n<\/ul>\n<p>Nennma\u00df \/ Kanal\u00f6ffnung\u00a0des Kanalgitters [Au\u00dfenma\u00df inkl. Rahmen \/ Gitterma\u00df]:<\/p>\n<ul>\n<li>625 x 75 [654 x 104 \/ 605 x 55] mm &#8211; siehe dazu auch techn. Zeichnung (Bild 2)<\/li>\n<\/ul>\n<p>Nachfolgende Tabelle zeigt die m\u00f6glichen Volumenstr\u00f6me [m\u00b3\/Std.] bei verschiedenen Schallleistungspegeln [db(A)]:<\/p>\n<table border=\"1\" width=\"600\" cellspacing=\"1\" cellpadding=\"1\" align=\"center\">\n<thead>\n<tr>\n<th scope=\"col\" align=\"center\" valign=\"middle\" width=\"150\" height=\"40\">Nennma\u00df<\/th>\n<th scope=\"col\" align=\"center\" width=\"150\" height=\"40\">25 dB(A)<\/th>\n<th scope=\"col\" align=\"center\" width=\"150\" height=\"40\">30 dB(A)<\/th>\n<th scope=\"col\" align=\"center\" width=\"150\" height=\"40\">35 dB(A)<\/th>\n<\/tr>\n<\/thead>\n<tbody>\n<tr>\n<td align=\"center\" width=\"150\" height=\"40\">625 x 75 mm<\/td>\n<td align=\"center\" width=\"150\" height=\"40\">291 m\u00b3\/h<\/td>\n<td align=\"center\" width=\"150\" height=\"40\">338 m\u00b3\/h<\/td>\n<td align=\"center\" width=\"150\" height=\"40\">393 m\u00b3\/h<\/td>\n<\/tr>\n<\/tbody>\n<\/table>\n","protected":false},"featured_media":3594,"comment_status":"open","ping_status":"closed","template":"","meta":{"_et_pb_use_builder":"","_et_pb_old_content":"","_et_gb_content_width":""},"product_brand":[],"product_cat":[30],"product_tag":[],"class_list":{"0":"post-1948","1":"product","2":"type-product","3":"status-publish","4":"has-post-thumbnail","6":"product_cat-lueftungsgitter","7":"product_shipping_class-29","9":"first","10":"instock","11":"taxable","12":"shipping-taxable","13":"product-type-simple"},"tiered_pricing_type":"fixed","tiered_pricing_fixed_rules":[],"tiered_pricing_product_settings":{"layout":"default","base_unit_name":{"singular":null,"plural":null},"default_variation":null},"tiered_pricing_minimum_quantity":null,"tiered_pricing_roles_data":[],"tiered_pricing_percentage_rules":[],"_links":{"self":[{"href":"https:\/\/www.riffelblech.berlin\/rotec-shop\/wp-json\/wp\/v2\/product\/1948","targetHints":{"allow":["GET"]}}],"collection":[{"href":"https:\/\/www.riffelblech.berlin\/rotec-shop\/wp-json\/wp\/v2\/product"}],"about":[{"href":"https:\/\/www.riffelblech.berlin\/rotec-shop\/wp-json\/wp\/v2\/types\/product"}],"replies":[{"embeddable":true,"href":"https:\/\/www.riffelblech.berlin\/rotec-shop\/wp-json\/wp\/v2\/comments?post=1948"}],"wp:featuredmedia":[{"embeddable":true,"href":"https:\/\/www.riffelblech.berlin\/rotec-shop\/wp-json\/wp\/v2\/media\/3594"}],"wp:attachment":[{"href":"https:\/\/www.riffelblech.berlin\/rotec-shop\/wp-json\/wp\/v2\/media?parent=1948"}],"wp:term":[{"taxonomy":"product_brand","embeddable":true,"href":"https:\/\/www.riffelblech.berlin\/rotec-shop\/wp-json\/wp\/v2\/product_brand?post=1948"},{"taxonomy":"product_cat","embeddable":true,"href":"https:\/\/www.riffelblech.berlin\/rotec-shop\/wp-json\/wp\/v2\/product_cat?post=1948"},{"taxonomy":"product_tag","embeddable":true,"href":"https:\/\/www.riffelblech.berlin\/rotec-shop\/wp-json\/wp\/v2\/product_tag?post=1948"}],"curies":[{"name":"wp","href":"https:\/\/api.w.org\/{rel}","templated":true}]}}