{"id":1975,"date":"2023-09-14T11:16:12","date_gmt":"2023-09-14T09:16:12","guid":{"rendered":"https:\/\/www.riffelblech.berlin\/rotec-shop\/produkt\/marschall-mit-ripseinlage-690-x-390-x-22-mm-fuer-rahmen-700-x-400-x-25-mm\/"},"modified":"2023-11-13T12:37:41","modified_gmt":"2023-11-13T11:37:41","slug":"marschall-mit-ripseinlage-690-x-390-x-22-mm-fuer-rahmen-700-x-400-x-25-mm","status":"publish","type":"product","link":"https:\/\/www.riffelblech.berlin\/rotec-shop\/produkt\/marschall-mit-ripseinlage-690-x-390-x-22-mm-fuer-rahmen-700-x-400-x-25-mm\/","title":{"rendered":"Marschall mit Ripseinlage 690 x 390 x 22 mm (f\u00fcr Rahmen 700 x 400 x 25 mm)"},"content":{"rendered":"<p>Hier finden Sie das m\u00f6gliche Zubeh\u00f6r, passend zur rotec Eingangsmatte Marschall mit Ripseinlage 700 x 400 mm:<\/p>\n<p>&nbsp;<\/p>\n<ul>\n<li><a href=\"http:\/\/www.rotec-shop.eu\/Fussabstreifer\/Einbaurahmen\/Einbaurahmen-aus-Aluminium\/Aluminium-Einbaurahmen-in-Nenngroesse-700x400-mm::2851.html\"> passender Einbaurahmen 700 x 400 mm aus <strong>Aluminium<\/strong><\/a><\/li>\n<li><a href=\"http:\/\/www.rotec-shop.eu\/Fussabstreifer\/Einbaurahmen\/Einbaurahmen-aus-Edelstahl\/Edelstahl-Einbaurahmen-in-Nenngroesse-700x400-mm::2858.html\"> passender Einbaurahmen 700 x 400 mm aus <strong>Edelstahl<\/strong><\/a><\/li>\n<li><a href=\"http:\/\/www.rotec-shop.eu\/Fussabstreifer\/Schumutzfangwanne\/Aluminium-Schmutzfangwanne-mit-Ablauf\/Aluminium-Schmutzfangwanne-in-Nenngroesse-mit-Ablauf-700x400-mm::2873.html\"> passende Schmutzfangwanne 700 x 400 mm aus Aluminium <strong>mit Ablauf<\/strong><\/a><\/li>\n<li><a href=\"http:\/\/www.rotec-shop.eu\/Fussabstreifer\/Schumutzfangwanne\/Aluminium-Schmutzfangwanne-ohne-Ablauf\/Aluminium-Schmutzfangwanne-in-Nenngroesse-ohne-Ablauf-700x400-mm::2879.html\"> passende Schmutzfangwanne 700 x 400 mm aus Aluminium <strong>ohne Ablauf<\/strong><\/a><\/li>\n<li>Schmutzfangwanne aus Edelstahl gern auf Anfrage.<\/li>\n<li>Schmutzfangwanne aus GFK gern auf Anfrage.<\/li>\n<\/ul>\n<p>&nbsp;<\/p>\n<p>Geometrische Sonderformate mit und ohne Ausschnitten, weitere Ma\u00dfe sowie dreht\u00fcrgeeignete Eingangsmattensysteme k\u00f6nnen Sie gern bei uns anfragen.<\/p>\n","protected":false},"excerpt":{"rendered":"<p>Stk: 273,18 \u20ac<\/p>\n<table class=\"graduatedprice\" border=\"0\" cellspacing=\"0\" cellpadding=\"2\">\n<tbody>\n<tr>\n<td class=\"header\" colspan=\"2\">Staffelpreise:<\/td>\n<\/tr>\n<tr>\n<td>1 &#8211; 3 Stk.<\/td>\n<td>je 273,18 \u20ac<\/td>\n<\/tr>\n<tr>\n<td>4 &#8211; 6 Stk.<\/td>\n<td>je 244,43 \u20ac<\/td>\n<\/tr>\n<tr>\n<td>ab 7 Stk.<\/td>\n<td>je 205,41 \u20ac<\/td>\n<\/tr>\n<\/tbody>\n<\/table>\n<p>&nbsp;<\/p>\n<p>Die rotec Eingangsmatte Marschall mit einer Ripseinlage ist f\u00fcr eine extreme Belastung (mehr als 2000 Begehungen pro Tag) ausgelegt. Die Matte besteht aus einem verst\u00e4kten Tr\u00e4gerprofil aus verwindungssteifem Aluminium mit unterseitiger Trittschalld\u00e4mmung. Die Fu\u00dfmatte kann aufliegend verlegt werden. Durch das verst\u00e4rkte Tr\u00e4gerprofil eignet sich die Eingangsmatte Marschall auch f\u00fcr die Verwendung mit einer Schmutzfangwanne, wodurch noch mehr Schmutz vor dem Betreten des Geb\u00e4udes aufgefangen werden kann. Die Eingangsmatte Typ Marschall eignet sich durch die hohe Belastbarkeit besonders gut f\u00fcr die Verwendung vor extrem stark frequentierten Geb\u00e4uden, wie zum Beispiel Einkaufszentren, oder gro\u00dfen B\u00fcros. Die Ausf\u00fchrung mit einer Ripseinlage ist f\u00fcr den Innen-, sowie \u00fcberdachten Au\u00dfenbereich geeignet.<\/p>\n<p>Die Eingangsmatte wurde hochwertig verarbeitet und besticht durch ansprechend schlichtes Design. Die gro\u00dfe Farbpalette f\u00fcr die Ripsstreifen erm\u00f6glicht eine gro\u00dfe Vielfalt an Gestaltungsm\u00f6glichkeiten.<\/p>\n<p>Die Ripseinlage ist die am h\u00e4ufigsten verwendete Ausf\u00fchrung der Eingangsmatte Marschall. Sie eignet sich besonders gut f\u00fcr die Entfernung von Feinschmutz unter den Schuhsohlen, R\u00e4dern o.\u00e4.<\/p>\n<p>Die Reinigung der Matte ist auf Grund der stabilen Konstruktion bei Bedarf problemlos mit einem Hochdruckreiniger m\u00f6glich, um auch den groben Schmutz zu entfernen. F\u00fcr die regelm\u00e4\u00dfe Reinigung reicht es, die Matte und den Zwischenbereich mit einem Staubsauger zu reinigen. Daf\u00fcr l\u00e4sst sich die Matte einfach hochheben.<\/p>\n<p>&nbsp;<\/p>\n<ul>\n<li>Ma\u00dfe: <strong>690 x 390 mm\u00a0<\/strong>(geeignet f\u00fcr Einbaurahmen 700 x 400 mm)<\/li>\n<li>H\u00f6he: ca. 22 mm<\/li>\n<li>Farbe: <strong>Anthrazit<\/strong> &#8211; falls eine der anderen Farben (Hellgrau, Braun, Sand oder Rot) gew\u00fcnscht ist, bitte im Kommentarfeld der Bestellung angeben<\/li>\n<li>Verlegung: f\u00fcr die <strong>aufliegende und freitragende Verlegung<\/strong> geeignet<\/li>\n<li>Beroll- und Befahrbarkeit: Kinderwagen, Einkaufswagen, Transportkarren, PKW<\/li>\n<li>Begehungen:\u00a0<strong>mehr als 2000 pro Tag<\/strong><\/li>\n<li>Tr\u00e4gerprofil: verst\u00e4rktes Tr\u00e4gerprofil aus windungssteifem Aluminium mit unterseitiger Trittschalld\u00e4mmmung<\/li>\n<li>Optionaler Rahmentyp (muss separat bestellt werden): FAEM7130 in verschiedenen Ausf\u00fchrungen (siehe unten)<\/li>\n<\/ul>\n","protected":false},"featured_media":2774,"comment_status":"open","ping_status":"closed","template":"","meta":{"_et_pb_use_builder":"","_et_pb_old_content":"","_et_gb_content_width":""},"product_brand":[],"product_cat":[28],"product_tag":[],"class_list":{"0":"post-1975","1":"product","2":"type-product","3":"status-publish","4":"has-post-thumbnail","6":"product_cat-fussabstreifer","7":"product_shipping_class-20","9":"first","10":"instock","11":"taxable","12":"shipping-taxable","13":"purchasable","14":"product-type-simple"},"tiered_pricing_type":"fixed","tiered_pricing_fixed_rules":[],"tiered_pricing_product_settings":{"layout":"default","base_unit_name":{"singular":null,"plural":null},"default_variation":null},"tiered_pricing_minimum_quantity":null,"tiered_pricing_roles_data":[],"tiered_pricing_percentage_rules":[],"_links":{"self":[{"href":"https:\/\/www.riffelblech.berlin\/rotec-shop\/wp-json\/wp\/v2\/product\/1975","targetHints":{"allow":["GET"]}}],"collection":[{"href":"https:\/\/www.riffelblech.berlin\/rotec-shop\/wp-json\/wp\/v2\/product"}],"about":[{"href":"https:\/\/www.riffelblech.berlin\/rotec-shop\/wp-json\/wp\/v2\/types\/product"}],"replies":[{"embeddable":true,"href":"https:\/\/www.riffelblech.berlin\/rotec-shop\/wp-json\/wp\/v2\/comments?post=1975"}],"wp:featuredmedia":[{"embeddable":true,"href":"https:\/\/www.riffelblech.berlin\/rotec-shop\/wp-json\/wp\/v2\/media\/2774"}],"wp:attachment":[{"href":"https:\/\/www.riffelblech.berlin\/rotec-shop\/wp-json\/wp\/v2\/media?parent=1975"}],"wp:term":[{"taxonomy":"product_brand","embeddable":true,"href":"https:\/\/www.riffelblech.berlin\/rotec-shop\/wp-json\/wp\/v2\/product_brand?post=1975"},{"taxonomy":"product_cat","embeddable":true,"href":"https:\/\/www.riffelblech.berlin\/rotec-shop\/wp-json\/wp\/v2\/product_cat?post=1975"},{"taxonomy":"product_tag","embeddable":true,"href":"https:\/\/www.riffelblech.berlin\/rotec-shop\/wp-json\/wp\/v2\/product_tag?post=1975"}],"curies":[{"name":"wp","href":"https:\/\/api.w.org\/{rel}","templated":true}]}}