{"id":1986,"date":"2023-09-14T11:16:13","date_gmt":"2023-09-14T09:16:13","guid":{"rendered":"https:\/\/www.riffelblech.berlin\/rotec-shop\/produkt\/largel-mit-ripseinlage-590-x-390-x-22-mm-fuer-rahmen-600-x-400-x-25-mm\/"},"modified":"2023-11-13T11:56:05","modified_gmt":"2023-11-13T10:56:05","slug":"largel-mit-ripseinlage-590-x-390-x-22-mm-fuer-rahmen-600-x-400-x-25-mm","status":"publish","type":"product","link":"https:\/\/www.riffelblech.berlin\/rotec-shop\/produkt\/largel-mit-ripseinlage-590-x-390-x-22-mm-fuer-rahmen-600-x-400-x-25-mm\/","title":{"rendered":"Large(L) mit Ripseinlage 590 x 390 x 22 mm (f\u00fcr Rahmen 600 x 400 x 25 mm)"},"content":{"rendered":"<p>Hier finden Sie das m\u00f6gliche Zubeh\u00f6r, passend zur rotec Eingangsmatte Large(L) mit extra breiter Trittleiste und Ripseinlage 600 x 400 mm:<\/p>\n<ul>\n<li style=\"list-style-type: none\">\n<ul>\n<li><a href=\"http:\/\/www.rotec-shop.eu\/Fussabstreifer\/Einbaurahmen\/Einbaurahmen-aus-Aluminium\/Aluminium-Einbaurahmen-in-Nenngroesse-600x400-mm::2850.html\"> passender Einbaurahmen 600 x 400 mm aus <strong>Aluminium<\/strong><\/a><\/li>\n<li><a href=\"http:\/\/www.rotec-shop.eu\/Fussabstreifer\/Einbaurahmen\/Einbaurahmen-aus-Edelstahl\/Edelstahl-Einbaurahmen-in-Nenngroesse-600x400-mm::2857.html\"> passender Einbaurahmen 600 x 400 mm aus <strong>Edelstahl<\/strong><\/a><\/li>\n<\/ul>\n<\/li>\n<\/ul>\n<p>&nbsp;<\/p>\n<ul>\n<li>F\u00fcr die Verwendung mit einer Schmutzfangwanne eignet sich nur die Eingangsmatte <a href=\"http:\/\/www.rotec-shop.eu\/Fussabstreifer\/Fussabstreifer-mit-Ripseinlage\/Marschall:::1046_1115_1119.html\" target=\"_blank\" rel=\"noopener\">Marschall<\/a> oder <a href=\"https:\/\/www.rotec-shop.eu\/Fussabstreifer\/Fussabstreifer-mit-Ripseinlage\/Senator\/Senator-mit-Ripseinlage-in-Nenngroesse-600x400-mm-verstaerktes-Profil::2781.html?MODsid=qkf5ro22qaphivvphuefs1k9l2\">Senator mit verst\u00e4rktem Tr\u00e4gerprofil<\/a><\/li>\n<\/ul>\n<p>&nbsp;<\/p>\n<p>Geometrische Sonderformate mit und ohne Ausschnitten, weitere Ma\u00dfe sowie dreht\u00fcrgeeignete Eingangsmattensysteme k\u00f6nnen Sie gerne bei uns anfragen.<\/p>\n","protected":false},"excerpt":{"rendered":"<p>Stk: 172,75 \u20ac<\/p>\n<table class=\"graduatedprice\" border=\"0\" cellspacing=\"0\" cellpadding=\"2\">\n<tbody>\n<tr>\n<td class=\"header\" colspan=\"2\">Staffelpreise:<\/td>\n<\/tr>\n<tr>\n<td>1 &#8211; 3 Stk.<\/td>\n<td>je 172,75 \u20ac<\/td>\n<\/tr>\n<tr>\n<td>4 &#8211; 6 Stk.<\/td>\n<td>je 154,57 \u20ac<\/td>\n<\/tr>\n<tr>\n<td>ab 7 Stk.<\/td>\n<td>je 136,39 \u20ac<\/td>\n<\/tr>\n<\/tbody>\n<\/table>\n<p>&nbsp;<\/p>\n<p>Die rotec Eingangsmatte Large(L) mit einer Ripseinlage ist f\u00fcr eine mittlere bis starke Belastung (bis zu 2000 Begehungen pro Tag) ausgelegt. Sie eignet sich f\u00fcr viele Anforderungen und ist individudell an die Architektur und das Design eines Geb\u00e4udes anpassbar &#8211; sowohl in der Form als auch in der Farbe. Die extra breite Trittleiste sorgt f\u00fcr eine besonders intensive Reinigung. Die Ausf\u00fchrung mit einer Ripseinlage ist f\u00fcr den Innen-, sowie \u00fcberdachten Au\u00dfenbereich geeignet.<\/p>\n<p>Durch die hochwertige Verarbeitung und das ansprechend schlichte Design eignet sich die rotec Eingangsmatte Large(L) mit Ripseinlage f\u00fcr Eingangsbereiche in stark frequentierten Geb\u00e4uden mit besonders hohem Reinigungsanspruch, wie Arztpraxen, Banken, Hotels oder B\u00fcrokomplexen, aber auch f\u00fcr den privat genutzten Eingangsbereich. Die gro\u00dfe Farbpalette f\u00fcr die Ripsstreifen erm\u00f6glicht eine gro\u00dfe Vielfalt an Gestaltungsm\u00f6glichkeiten.<\/p>\n<p>Die Reinigung der Matte ist auf Grund der stabilen Konstruktion bei Bedarf problemlos mit einem Hochdruckreiniger m\u00f6glich, um auch den groben Schmutz zu entfernen. F\u00fcr die regelm\u00e4\u00dfe Reinigung reicht es, die Matte und den Zwischenbereich mit einem Staubsauger zu reinigen. Daf\u00fcr l\u00e4sst sich die Matte einfach hochheben.<\/p>\n<p>&nbsp;<\/p>\n<ul>\n<li>Ma\u00dfe: <strong>590 x 390 mm\u00a0<\/strong>(geeignet f\u00fcr Einbaurahmen 600 x 400 mm)<\/li>\n<li>H\u00f6he: ca. 22 mm<\/li>\n<li>Farbe: <strong>Anthrazit<\/strong> &#8211; falls eine der anderen Farben (Hellgrau, Braun, Sand oder Rot) gew\u00fcnscht ist, bitte im Kommentarfeld der Bestellung angeben<\/li>\n<li>Verlegung: f\u00fcr die <strong>aufliegende Verlegung<\/strong> geeignet<\/li>\n<li>Beroll- und Befahrbarkeit: Kinderwagen, Einkaufswagen, Transportkarren<\/li>\n<li>Begehungen:\u00a0<strong>bis zu 2000 pro Tag<\/strong><\/li>\n<li>Tr\u00e4gerprofil: starkwandiges, windungssteifes Aluminium mit unterseitiger Trittschalld\u00e4mmmung<\/li>\n<li>Optionaler Rahmentyp (muss separat bestellt werden): FAEM7130 in verschiedenen Ausf\u00fchrungen (siehe unten)<\/li>\n<\/ul>\n","protected":false},"featured_media":2765,"comment_status":"open","ping_status":"closed","template":"","meta":{"_et_pb_use_builder":"","_et_pb_old_content":"","_et_gb_content_width":""},"product_brand":[],"product_cat":[28],"product_tag":[],"class_list":{"0":"post-1986","1":"product","2":"type-product","3":"status-publish","4":"has-post-thumbnail","6":"product_cat-fussabstreifer","7":"product_shipping_class-20","9":"first","10":"instock","11":"taxable","12":"shipping-taxable","13":"purchasable","14":"product-type-simple"},"tiered_pricing_type":"fixed","tiered_pricing_fixed_rules":[],"tiered_pricing_product_settings":{"layout":"default","base_unit_name":{"singular":null,"plural":null},"default_variation":null},"tiered_pricing_minimum_quantity":null,"tiered_pricing_roles_data":[],"tiered_pricing_percentage_rules":[],"_links":{"self":[{"href":"https:\/\/www.riffelblech.berlin\/rotec-shop\/wp-json\/wp\/v2\/product\/1986","targetHints":{"allow":["GET"]}}],"collection":[{"href":"https:\/\/www.riffelblech.berlin\/rotec-shop\/wp-json\/wp\/v2\/product"}],"about":[{"href":"https:\/\/www.riffelblech.berlin\/rotec-shop\/wp-json\/wp\/v2\/types\/product"}],"replies":[{"embeddable":true,"href":"https:\/\/www.riffelblech.berlin\/rotec-shop\/wp-json\/wp\/v2\/comments?post=1986"}],"wp:featuredmedia":[{"embeddable":true,"href":"https:\/\/www.riffelblech.berlin\/rotec-shop\/wp-json\/wp\/v2\/media\/2765"}],"wp:attachment":[{"href":"https:\/\/www.riffelblech.berlin\/rotec-shop\/wp-json\/wp\/v2\/media?parent=1986"}],"wp:term":[{"taxonomy":"product_brand","embeddable":true,"href":"https:\/\/www.riffelblech.berlin\/rotec-shop\/wp-json\/wp\/v2\/product_brand?post=1986"},{"taxonomy":"product_cat","embeddable":true,"href":"https:\/\/www.riffelblech.berlin\/rotec-shop\/wp-json\/wp\/v2\/product_cat?post=1986"},{"taxonomy":"product_tag","embeddable":true,"href":"https:\/\/www.riffelblech.berlin\/rotec-shop\/wp-json\/wp\/v2\/product_tag?post=1986"}],"curies":[{"name":"wp","href":"https:\/\/api.w.org\/{rel}","templated":true}]}}