{"id":2020,"date":"2023-09-14T11:16:15","date_gmt":"2023-09-14T09:16:15","guid":{"rendered":"https:\/\/www.riffelblech.berlin\/rotec-shop\/produkt\/marschall-mit-cassettenbuerste-590-x-390-x-22-mm-fuer-rahmen-600-x-400-x-25-mm\/"},"modified":"2023-11-08T14:19:12","modified_gmt":"2023-11-08T13:19:12","slug":"marschall-mit-cassettenbuerste-590-x-390-x-22-mm-fuer-rahmen-600-x-400-x-25-mm","status":"publish","type":"product","link":"https:\/\/www.riffelblech.berlin\/rotec-shop\/produkt\/marschall-mit-cassettenbuerste-590-x-390-x-22-mm-fuer-rahmen-600-x-400-x-25-mm\/","title":{"rendered":"Marschall mit Cassettenb\u00fcrste 590 x 390 x 22 mm (f\u00fcr Rahmen 600 x 400 x 25 mm)"},"content":{"rendered":"<p>Hier finden Sie das m\u00f6gliche Zubeh\u00f6r, passend zur rotec Eingangsmatte Marschall mit Cassettenb\u00fcrsteneinlage 600 x 400 mm:<\/p>\n<ul>\n<li><a href=\"http:\/\/www.rotec-shop.eu\/Fussabstreifer\/Einbaurahmen\/Einbaurahmen-aus-Aluminium\/Aluminium-Einbaurahmen-in-Nenngroesse-600x400-mm::2850.html\"> passender Einbaurahmen 600 x 400 mm aus <strong>Aluminium<\/strong><\/a><\/li>\n<li><a href=\"http:\/\/www.rotec-shop.eu\/Fussabstreifer\/Einbaurahmen\/Einbaurahmen-aus-Edelstahl\/Edelstahl-Einbaurahmen-in-Nenngroesse-600x400-mm::2857.html\"> passender Einbaurahmen 600 x 400 mm aus <strong>Edelstahl<\/strong><\/a><\/li>\n<li><a href=\"http:\/\/www.rotec-shop.eu\/Fussabstreifer\/Schumutzfangwanne\/Aluminium-Schmutzfangwanne-ohne-Ablauf\/Aluminium-Schmutzfangwanne-in-Nenngroesse-ohne-Ablauf-600x400-mm::2868.html\"> passende Schmutzfangwanne 600 x 400 mm aus Aluminium <strong>mit Ablauf<\/strong><\/a><\/li>\n<li><a href=\"http:\/\/www.rotec-shop.eu\/Fussabstreifer\/Einbaurahmen\/Einbaurahmen-aus-Edelstahl\/Edelstahl-Einbaurahmen-in-Nenngroesse-600x400-mm::2857.html\"> passende Schmutzfangwanne 600 x 400 mm aus Aluminium <strong>ohne Ablauf<\/strong><\/a><\/li>\n<li>Schmutzfangwanne aus Edelstahl gern auf Anfrage<\/li>\n<li>Schmutzfangwanne aus GFK gern auf Anfrage<\/li>\n<\/ul>\n<p>&nbsp;<\/p>\n<p>Geometrische Sonderformate mit und ohne Ausschnitten, weitere Ma\u00dfe sowie dreht\u00fcrgeeignete Eingangsmattensysteme k\u00f6nnen Sie gern bei uns anfragen.<\/p>\n","protected":false},"excerpt":{"rendered":"<p>Stk: 313,90 \u20ac<\/p>\n<table class=\"graduatedprice\" border=\"0\" cellspacing=\"0\" cellpadding=\"2\">\n<tbody>\n<tr>\n<td class=\"header\" colspan=\"2\">Staffelpreise:<\/td>\n<\/tr>\n<tr>\n<td>1 &#8211; 3 Stk.<\/td>\n<td>je 313,90 \u20ac<\/td>\n<\/tr>\n<tr>\n<td>4 &#8211; 6 Stk.<\/td>\n<td>je 280,86 \u20ac<\/td>\n<\/tr>\n<tr>\n<td>ab 7 Stk.<\/td>\n<td>je 236,01 \u20ac<\/td>\n<\/tr>\n<\/tbody>\n<\/table>\n<p>&nbsp;<\/p>\n<p>Die rotec Eingangsmatte Marschall mit einer Cassettenb\u00fcrsteneinlage ist f\u00fcr eine extreme Belastung (mehr als 2000 Begehungen pro Tag) ausgelegt. Die Matte besteht aus einem verst\u00e4rkten Tr\u00e4gerprofil aus verwindungssteifem Aluminium mit unterseitiger Trittschalld\u00e4mmung. Die Fu\u00dfmatte kann aufliegend verlegt werden. Durch das verst\u00e4rkte Tr\u00e4gerprofil eignet sich die Eingangsmatte Marschall auch f\u00fcr die Verwendung mit einer Schmutzfangwanne, wodurch noch mehr Schmutz vor dem Betreten des Geb\u00e4udes aufgefangen werden kann. Die Eingangsmatte Typ Marschall eignet sich durch die hohe Belastbarkeit besonders gut f\u00fcr die Verwendung vor extrem stark frequentierten Geb\u00e4uden, wie zum Beispiel Einkaufszentren, oder gro\u00dfen B\u00fcros. Sie eignet sich f\u00fcr viele Anforderungen und ist in ihrer Form individudell an die Architektur und das Design eines Geb\u00e4udes anpassbar. Die Ausf\u00fchrung mit einer Cassettenb\u00fcrsteneinlage ist f\u00fcr den Innen-, sowie Au\u00dfenbereich geeignet.<\/p>\n<p>Die Eingangsmatte wurde hochwertig verarbeitet und besticht durch ansprechend schlichtes Design.<\/p>\n<p>Die Ausf\u00fchrung mit Cassettenb\u00fcrsteneinlage der Eingangsmatte Diplomat eignet sich ideal f\u00fcr die Entfernung von gr\u00f6berem Schmutz unter den Schuhsohlen, R\u00e4dern o.\u00e4; die Borsten der Cassettenb\u00fcrsten gelangen aber auch gut in Profile von Schuhen, R\u00e4dern etc. und entfernen so auch Feinschmutzpartikel besonders gr\u00fcndlich.<\/p>\n<p>Die Reinigung der Matte ist auf Grund der stabilen Konstruktion bei Bedarf problemlos mit einem Hochdruckreiniger m\u00f6glich, um auch den groben Schmutz zu entfernen. F\u00fcr die regelm\u00e4\u00dfe Reinigung reicht es, die Matte und den Zwischenbereich mit einem Staubsauger zu reinigen. Daf\u00fcr l\u00e4sst sich die Matte einfach hochheben.<\/p>\n<p>&nbsp;<\/p>\n<ul>\n<li>Ma\u00dfe: <strong>590 x 390 mm\u00a0<\/strong>(geeignet f\u00fcr Einbaurahmen 600 x 400 mm)<\/li>\n<li>H\u00f6he: ca. 22 mm<\/li>\n<li>B\u00fcrstenfarbe: Grau &#8211; falls die Ausf\u00fchrung mit schwarzen Borsten gew\u00fcnscht ist, bitte im Kommentarfeld der Bestellung angeben<\/li>\n<li>Verlegung: f\u00fcr die <strong>aufliegende und freitragende Verlegung<\/strong> geeignet<\/li>\n<li>Beroll- und Befahrbarkeit: Kinderwagen, Einkaufswagen, Transportkarren, PKW<\/li>\n<li>Begehungen:\u00a0<strong>mehr als 2000 pro Tag<\/strong><\/li>\n<li>Tr\u00e4gerprofil: verst\u00e4rktes Tr\u00e4gerprofil aus windungssteifem Aluminium mit unterseitiger Trittschalld\u00e4mmmung<\/li>\n<li>Optionaler Rahmentyp (muss separat bestellt werden): FAEM7130 in verschiedenen Ausf\u00fchrungen (siehe unten)<\/li>\n<\/ul>\n","protected":false},"featured_media":2724,"comment_status":"open","ping_status":"closed","template":"","meta":{"_et_pb_use_builder":"","_et_pb_old_content":"","_et_gb_content_width":""},"product_brand":[],"product_cat":[28],"product_tag":[],"class_list":{"0":"post-2020","1":"product","2":"type-product","3":"status-publish","4":"has-post-thumbnail","6":"product_cat-fussabstreifer","7":"product_shipping_class-20","9":"first","10":"instock","11":"taxable","12":"shipping-taxable","13":"purchasable","14":"product-type-simple"},"tiered_pricing_type":"fixed","tiered_pricing_fixed_rules":[],"tiered_pricing_product_settings":{"layout":"default","base_unit_name":{"singular":null,"plural":null},"default_variation":null},"tiered_pricing_minimum_quantity":null,"tiered_pricing_roles_data":[],"tiered_pricing_percentage_rules":[],"_links":{"self":[{"href":"https:\/\/www.riffelblech.berlin\/rotec-shop\/wp-json\/wp\/v2\/product\/2020","targetHints":{"allow":["GET"]}}],"collection":[{"href":"https:\/\/www.riffelblech.berlin\/rotec-shop\/wp-json\/wp\/v2\/product"}],"about":[{"href":"https:\/\/www.riffelblech.berlin\/rotec-shop\/wp-json\/wp\/v2\/types\/product"}],"replies":[{"embeddable":true,"href":"https:\/\/www.riffelblech.berlin\/rotec-shop\/wp-json\/wp\/v2\/comments?post=2020"}],"wp:featuredmedia":[{"embeddable":true,"href":"https:\/\/www.riffelblech.berlin\/rotec-shop\/wp-json\/wp\/v2\/media\/2724"}],"wp:attachment":[{"href":"https:\/\/www.riffelblech.berlin\/rotec-shop\/wp-json\/wp\/v2\/media?parent=2020"}],"wp:term":[{"taxonomy":"product_brand","embeddable":true,"href":"https:\/\/www.riffelblech.berlin\/rotec-shop\/wp-json\/wp\/v2\/product_brand?post=2020"},{"taxonomy":"product_cat","embeddable":true,"href":"https:\/\/www.riffelblech.berlin\/rotec-shop\/wp-json\/wp\/v2\/product_cat?post=2020"},{"taxonomy":"product_tag","embeddable":true,"href":"https:\/\/www.riffelblech.berlin\/rotec-shop\/wp-json\/wp\/v2\/product_tag?post=2020"}],"curies":[{"name":"wp","href":"https:\/\/api.w.org\/{rel}","templated":true}]}}