{"id":2027,"date":"2023-09-14T11:16:16","date_gmt":"2023-09-14T09:16:16","guid":{"rendered":"https:\/\/www.riffelblech.berlin\/rotec-shop\/produkt\/marschall-mit-gummieinlage-cassettenbuerste-990-x-490-x-22-mm-fuer-rahmen-1000-x-500-x-25-mm\/"},"modified":"2023-11-08T14:08:52","modified_gmt":"2023-11-08T13:08:52","slug":"marschall-mit-gummieinlage-cassettenbuerste-990-x-490-x-22-mm-fuer-rahmen-1000-x-500-x-25-mm","status":"publish","type":"product","link":"https:\/\/www.riffelblech.berlin\/rotec-shop\/produkt\/marschall-mit-gummieinlage-cassettenbuerste-990-x-490-x-22-mm-fuer-rahmen-1000-x-500-x-25-mm\/","title":{"rendered":"Marschall mit Gummieinlage + Cassettenb\u00fcrste 990 x 490 x 22 mm (f\u00fcr Rahmen 1000 x 500 x 25 mm)"},"content":{"rendered":"<p>Hier finden Sie das m\u00f6gliche Zubeh\u00f6r, passend zur rotec Eingangsmatte Marschall mit Kombionationseinlage 1000 x 500 mm:<\/p>\n<ul>\n<li><a href=\"http:\/\/www.rotec-shop.eu\/Fussabstreifer\/Einbaurahmen\/Einbaurahmen-aus-Aluminium\/Aluminium-Einbaurahmen-in-Nenngroesse-1000x500-mm::2852.html\"> passender Einbaurahmen 1000 x 500 mm aus <strong>Aluminium<\/strong><\/a><\/li>\n<li><a href=\"http:\/\/www.rotec-shop.eu\/Fussabstreifer\/Einbaurahmen\/Einbaurahmen-aus-Edelstahl\/Edelstahl-Einbaurahmen-in-Nenngroesse-1000x500-mm::2856.html\"> passender Einbaurahmen 1000 x 500 mm aus <strong>Edelstahl<\/strong><\/a><\/li>\n<li><a href=\"http:\/\/www.rotec-shop.eu\/Fussabstreifer\/Schumutzfangwanne\/Aluminium-Schmutzfangwanne-mit-Ablauf\/Aluminium-Schmutzfangwanne-in-Nenngroesse-mit-Ablauf-1000x500-mm::2878.html\"> passende Schmutzfangwanne 1000 x 500 mm aus Aluminium <strong>mit Ablauf<\/strong><\/a><\/li>\n<li><a href=\"http:\/\/www.rotec-shop.eu\/Fussabstreifer\/Schumutzfangwanne\/Aluminium-Schmutzfangwanne-ohne-Ablauf\/Aluminium-Schmutzfangwanne-in-Nenngroesse-ohne-Ablauf-1000x500-mm::2865.html\"> passende Schmutzfangwanne 1000 x 500 mm aus Aluminium <strong>ohne Ablauf<\/strong><\/a><\/li>\n<li>Schmutzfangwanne aus Edelstahl gern auf Anfrage<\/li>\n<\/ul>\n<p>&nbsp;<\/p>\n<p>Geometrische Sonderformate mit und ohne Ausschnitten, weitere Ma\u00dfe sowie dreht\u00fcrgeeignete Eingangsmattensysteme k\u00f6nnen Sie gerne bei uns anfragen.<\/p>\n","protected":false},"excerpt":{"rendered":"<p>Stk: 614,24 \u20ac<\/p>\n<table class=\"graduatedprice\" border=\"0\" cellspacing=\"0\" cellpadding=\"2\">\n<tbody>\n<tr>\n<td class=\"header\" colspan=\"2\">Staffelpreise:<\/td>\n<\/tr>\n<tr>\n<td>1 &#8211; 3 Stk.<\/td>\n<td>je 614,24 \u20ac<\/td>\n<\/tr>\n<tr>\n<td>4 &#8211; 6 Stk.<\/td>\n<td>je 523,41 \u20ac<\/td>\n<\/tr>\n<tr>\n<td>ab 7 Stk.<\/td>\n<td>je 461,85 \u20ac<\/td>\n<\/tr>\n<\/tbody>\n<\/table>\n<p>&nbsp;<\/p>\n<p>Die rotec Eingangsmatte Marschall mit einer Cassettenb\u00fcrsteneinlage ist f\u00fcr eine extreme Belastung (mehr als 2000 Begehungen pro Tag) ausgelegt. Die Matte besteht aus einem verst\u00e4rkten Tr\u00e4gerprofil aus verwindungssteifem Aluminium mit unterseitiger Trittschalld\u00e4mmung. Die Fu\u00dfmatte kann aufliegend verlegt werden. Durch das verst\u00e4rkte Tr\u00e4gerprofil eignet sich die Eingangsmatte Marschall auch f\u00fcr die Verwendung mit einer Schmutzfangwanne, wodurch noch mehr Schmutz vor dem Betreten des Geb\u00e4udes aufgefangen werden kann. Die Eingangsmatte Typ Marschall eignet sich durch die hohe Belastbarkeit besonders gut f\u00fcr die Verwendung vor extrem stark frequentierten Geb\u00e4uden, wie zum Beispiel Einkaufszentren, oder gro\u00dfen B\u00fcros. Sie eignet sich f\u00fcr viele Anforderungen und ist in ihrer Form individudell an die Architektur und das Design eines Geb\u00e4udes anpassbar. Die Ausf\u00fchrung mit einer Kombinationseinlage ist f\u00fcr den Innen-, sowie \u00fcberdachten Au\u00dfenbereich geeignet.<\/p>\n<p>Durch die hochwertige Verarbeitung und das ansprechend schlichte Design eignet sich die rotec Eingangsmatte Marschall mit Kombinationseinlage f\u00fcr Eingangsbereiche in stark frequentierten Geb\u00e4uden, wie Arztpraxen, Banken, Hotels oder B\u00fcrokomplexen, aber auch f\u00fcr den privat genutzten Eingangsbereich.<\/p>\n<p>Die Ausf\u00fchrung mit Kombinationseinlage aus Rips und Cassettenb\u00fcrste der Eingangsmatte Marschall eignet sich ideal f\u00fcr die Entfernung von gr\u00f6berem Schmutz unter den Schuhsohlen, R\u00e4dern o.\u00e4; die Borsten der Cassettenb\u00fcrsten gelangen aber auch gut in Profile von Schuhen, R\u00e4dern etc. und entfernen so auch Feinschmutzpartikel besonders gr\u00fcndlich.<\/p>\n<p>&nbsp;<\/p>\n<p>Die Reinigung der Matte ist auf Grund der stabilen Konstruktion bei Bedarf problemlos mit einem Hochdruckreiniger m\u00f6glich, um auch den groben Schmutz zu entfernen. F\u00fcr die regelm\u00e4\u00dfe Reinigung reicht es, die Matte und den Zwischenbereich mit einem Staubsauger zu reinigen. Daf\u00fcr l\u00e4sst sich die Matte einfach hochheben.<\/p>\n<p>&nbsp;<\/p>\n<ul>\n<li>Ma\u00dfe: <strong>990 x 490 mm\u00a0<\/strong>(geeignet f\u00fcr Einbaurahmen 1000 x 500 mm)<\/li>\n<li>H\u00f6he: ca. 22 mm<\/li>\n<li>B\u00fcrstenfarbe: Grau &#8211; falls die Ausf\u00fchrung mit schwarzen Borsten gew\u00fcnscht ist, bitte im Kommentarfeld der Bestellung angeben<\/li>\n<li>Verlegung: f\u00fcr die <strong>aufliegende und freitragende Verlegung<\/strong> geeignet<\/li>\n<li>Beroll- und Befahrbarkeit: Kinderwagen, Einkaufswagen, Transportkarren, PKW<\/li>\n<li>Begehungen:\u00a0<strong>mehr als 2000 pro Tag<\/strong><\/li>\n<li>Tr\u00e4gerprofil: verst\u00e4rktes Tr\u00e4gerprofil aus windungssteifem Aluminium mit unterseitiger Trittschalld\u00e4mmmung<\/li>\n<li>Optionaler Rahmentyp (muss separat bestellt werden): FAEM7130 in verschiedenen Ausf\u00fchrungen (siehe unten)<\/li>\n<\/ul>\n","protected":false},"featured_media":2711,"comment_status":"open","ping_status":"closed","template":"","meta":{"_et_pb_use_builder":"","_et_pb_old_content":"","_et_gb_content_width":""},"product_brand":[],"product_cat":[28],"product_tag":[],"class_list":{"0":"post-2027","1":"product","2":"type-product","3":"status-publish","4":"has-post-thumbnail","6":"product_cat-fussabstreifer","7":"product_shipping_class-20","9":"first","10":"instock","11":"taxable","12":"shipping-taxable","13":"purchasable","14":"product-type-simple"},"tiered_pricing_type":"fixed","tiered_pricing_fixed_rules":[],"tiered_pricing_product_settings":{"layout":"default","base_unit_name":{"singular":null,"plural":null},"default_variation":null},"tiered_pricing_minimum_quantity":null,"tiered_pricing_roles_data":[],"tiered_pricing_percentage_rules":[],"_links":{"self":[{"href":"https:\/\/www.riffelblech.berlin\/rotec-shop\/wp-json\/wp\/v2\/product\/2027","targetHints":{"allow":["GET"]}}],"collection":[{"href":"https:\/\/www.riffelblech.berlin\/rotec-shop\/wp-json\/wp\/v2\/product"}],"about":[{"href":"https:\/\/www.riffelblech.berlin\/rotec-shop\/wp-json\/wp\/v2\/types\/product"}],"replies":[{"embeddable":true,"href":"https:\/\/www.riffelblech.berlin\/rotec-shop\/wp-json\/wp\/v2\/comments?post=2027"}],"wp:featuredmedia":[{"embeddable":true,"href":"https:\/\/www.riffelblech.berlin\/rotec-shop\/wp-json\/wp\/v2\/media\/2711"}],"wp:attachment":[{"href":"https:\/\/www.riffelblech.berlin\/rotec-shop\/wp-json\/wp\/v2\/media?parent=2027"}],"wp:term":[{"taxonomy":"product_brand","embeddable":true,"href":"https:\/\/www.riffelblech.berlin\/rotec-shop\/wp-json\/wp\/v2\/product_brand?post=2027"},{"taxonomy":"product_cat","embeddable":true,"href":"https:\/\/www.riffelblech.berlin\/rotec-shop\/wp-json\/wp\/v2\/product_cat?post=2027"},{"taxonomy":"product_tag","embeddable":true,"href":"https:\/\/www.riffelblech.berlin\/rotec-shop\/wp-json\/wp\/v2\/product_tag?post=2027"}],"curies":[{"name":"wp","href":"https:\/\/api.w.org\/{rel}","templated":true}]}}