{"id":2058,"date":"2023-09-14T11:16:17","date_gmt":"2023-09-14T09:16:17","guid":{"rendered":"https:\/\/www.riffelblech.berlin\/rotec-shop\/produkt\/deckenluftdurchlass-dc570t-o-200-mm-aus-stahl\/"},"modified":"2023-11-06T16:30:57","modified_gmt":"2023-11-06T15:30:57","slug":"deckenluftdurchlass-dc570t-o-200-mm-aus-stahl","status":"publish","type":"product","link":"https:\/\/www.riffelblech.berlin\/rotec-shop\/produkt\/deckenluftdurchlass-dc570t-o-200-mm-aus-stahl\/","title":{"rendered":"Deckenluftdurchlass DC570T &#8211; \u00d8 200 mm aus Stahl"},"content":{"rendered":"<p>Weitere Informationen zum Deckenluftdurchlass sowie das technische Datenblatt finden Sie <a href=\"http:\/\/lueftungsgitter.net\/downloads\/deckenluftdurchlass_dc560t.pdf\" target=\"_blank\" rel=\"noopener\">hier<\/a><\/p>\n<p><em>L\u00fcftungsgitter in Sonderformaten sind auf Anfrage erh\u00e4ltlich.<\/em><\/p>\n<p>Eine flexible Fertigung sorgt daf\u00fcr, dass eine Lieferung meist innerhalb 1-2 Wochen erfolgen kann.\u00a0Die rotec GmbH kann einen bundes- und europaweiten Versand von L\u00fcftungsgittern anbieten. Dabei kann die Lieferung unter anderem werkt\u00e4glich in die Gro\u00dfr\u00e4ume Berlin, Hamburg, M\u00fcnchen, Frankfurt, K\u00f6ln, Stuttgart, Leipzig, Dresden, Bremen, D\u00fcsseldorf. Hannover, Kiel, Rostock oder N\u00fcrnberg erfolgen. Ebenso kann eine Lieferung u.a. nach \u00d6sterreich, Polen, Luxemburg oder in die Schweiz angeboten werden.<\/p>\n","protected":false},"excerpt":{"rendered":"<p>Der quadratische Deckenluftdurchlass DC570T ist nur f\u00fcr die <strong>Deckenmontage<\/strong> geeignet. Dementsprechtend verf\u00fcgt der DC560 nur \u00fcber einen Deckenanschluss. Das Luftdurchlass DC570T ist nicht f\u00fcr den Einbau in Fu\u00dfb\u00f6den geeignet (<a href=\"http:\/\/www.rotec-shop.eu\/Lueftungsgitter\/Bodengitter:::1056_1058.html\" target=\"_blank\" rel=\"noopener\">L\u00fcftungsgitter f\u00fcr die Fu\u00dfbodenmontage finden Sie hier<\/a>).<\/p>\n<p>Das Luftdurchlass DC570T\u00a0 f\u00fcr die\u00a0Deckenmontage hat folgende Eigenschaften:<\/p>\n<ul>\n<li>Frontplatte aus verzinktem Stahl hergestellt, Standard RAL 9010 (wei\u00df) lackiert<\/li>\n<li>einstellbare Luftlenklamellen, in 4 verschiedene Richtungen gleichzeitig<\/li>\n<li>Luftlenklamellen sind ebenfalls manuell einstellbar<\/li>\n<li>sehr gute Induktuion<\/li>\n<li>geeignet f\u00fcr den Einbau in Deckensysteme<\/li>\n<li>mit seitlichem Anschluss und Anschlusskasten<\/li>\n<\/ul>\n","protected":false},"featured_media":2561,"comment_status":"open","ping_status":"closed","template":"","meta":{"_et_pb_use_builder":"","_et_pb_old_content":"","_et_gb_content_width":""},"product_brand":[],"product_cat":[30],"product_tag":[],"class_list":{"0":"post-2058","1":"product","2":"type-product","3":"status-publish","4":"has-post-thumbnail","6":"product_cat-lueftungsgitter","7":"product_shipping_class-29","9":"first","10":"instock","11":"taxable","12":"shipping-taxable","13":"purchasable","14":"product-type-simple"},"tiered_pricing_type":"fixed","tiered_pricing_fixed_rules":[],"tiered_pricing_product_settings":{"layout":"default","base_unit_name":{"singular":null,"plural":null},"default_variation":null},"tiered_pricing_minimum_quantity":null,"tiered_pricing_roles_data":[],"tiered_pricing_percentage_rules":[],"_links":{"self":[{"href":"https:\/\/www.riffelblech.berlin\/rotec-shop\/wp-json\/wp\/v2\/product\/2058","targetHints":{"allow":["GET"]}}],"collection":[{"href":"https:\/\/www.riffelblech.berlin\/rotec-shop\/wp-json\/wp\/v2\/product"}],"about":[{"href":"https:\/\/www.riffelblech.berlin\/rotec-shop\/wp-json\/wp\/v2\/types\/product"}],"replies":[{"embeddable":true,"href":"https:\/\/www.riffelblech.berlin\/rotec-shop\/wp-json\/wp\/v2\/comments?post=2058"}],"wp:featuredmedia":[{"embeddable":true,"href":"https:\/\/www.riffelblech.berlin\/rotec-shop\/wp-json\/wp\/v2\/media\/2561"}],"wp:attachment":[{"href":"https:\/\/www.riffelblech.berlin\/rotec-shop\/wp-json\/wp\/v2\/media?parent=2058"}],"wp:term":[{"taxonomy":"product_brand","embeddable":true,"href":"https:\/\/www.riffelblech.berlin\/rotec-shop\/wp-json\/wp\/v2\/product_brand?post=2058"},{"taxonomy":"product_cat","embeddable":true,"href":"https:\/\/www.riffelblech.berlin\/rotec-shop\/wp-json\/wp\/v2\/product_cat?post=2058"},{"taxonomy":"product_tag","embeddable":true,"href":"https:\/\/www.riffelblech.berlin\/rotec-shop\/wp-json\/wp\/v2\/product_tag?post=2058"}],"curies":[{"name":"wp","href":"https:\/\/api.w.org\/{rel}","templated":true}]}}