{"id":2209,"date":"2023-09-14T11:16:27","date_gmt":"2023-09-14T09:16:27","guid":{"rendered":"https:\/\/www.riffelblech.berlin\/rotec-shop\/produkt\/jalousieklappe-kah103h-1100-x-1100-mm\/"},"modified":"2023-10-30T13:51:43","modified_gmt":"2023-10-30T12:51:43","slug":"jalousieklappe-kah103h-1100-x-1100-mm","status":"publish","type":"product","link":"https:\/\/www.riffelblech.berlin\/rotec-shop\/produkt\/jalousieklappe-kah103h-1100-x-1100-mm\/","title":{"rendered":"Jalousieklappe KAH103H 1100 x 1100 mm"},"content":{"rendered":"<p><strong>M\u00f6gliches Zubeh\u00f6r:<\/strong><\/p>\n<ul>\n<li><span class=\"c1\"><strong>Stellantrieb 24V &#8211; 10 Nm:<\/strong><\/span> Die<br \/>\nNMA24A &#8211; 3 &#8211; Punkt Regelung<br \/>\nNMA24 &#8211; S &#8211; 3 &#8211; Punkt Regelung + Hilfsschalter<br \/>\nNMA24A &#8211; SR &#8211; 0 &#8211; 10 V Regelung<\/li>\n<li><strong class=\"c2\">Stellantrieb 230V &#8211; 10 Nm:<\/strong> der<br \/>\nNM230A &#8211; 3 &#8211; Punkt Regelung<br \/>\nNM230A &#8211; S &#8211; 3 &#8211; Punkt Regelung<br \/>\nNM 230A &#8211; SR0 &#8211; 10 V Regelung<\/li>\n<\/ul>\n<p>&nbsp;<\/p>\n<p>Weitere Informationen zur Jalousieklappe sowie das technische Datenblatt finden Sie <a href=\"http:\/\/rotec-berlin.de\/lueftungsgitter.com\/downloads\/PF_KA.pdf\" target=\"_blank\" rel=\"noopener\">hier<\/a><\/p>\n<p><em>L\u00fcftungsgitter in Sonderformaten sind auf Anfrage erh\u00e4ltlich.<\/em><\/p>\n<p>Eine flexible Fertigung sorgt daf\u00fcr, dass eine Lieferung meist innerhalb 1-2 Wochen erfolgen kann.\u00a0Die rotec GmbH kann einen bundes- und europaweiten Versand von L\u00fcftungsgittern anbieten. Dabei kann die Lieferung unter anderem werkt\u00e4glich in die Gro\u00dfr\u00e4ume Berlin, Hamburg, M\u00fcnchen, Frankfurt, K\u00f6ln, Stuttgart, Leipzig, Dresden, Bremen, D\u00fcsseldorf. Hannover, Kiel, Rostock oder N\u00fcrnberg erfolgen. Ebenso kann eine Lieferung u.a. nach \u00d6sterreich, Polen, Luxemburg oder in die Schweiz angeboten werden.<\/p>\n","protected":false},"excerpt":{"rendered":"<p>Die Jalousieklappe KAH103H 1100 x 1100 mm besteht aus einem Geh\u00e4use aus galvanisiertem Stahl und gegenl\u00e4ufigen Lamellen aus Aluminium. Die Klappen sind mit einer Dichtung und wartungsfreien Lagern versehen. Geh\u00e4use Leckluftstrom nach EN12237 Klasse C, Klappen nach EN1751 Klasse 2\/4 zertifiziert.<\/p>\n<p><strong>Die Jalousieklappe KAH103H hat folgende Eigenschaften:<\/strong><\/p>\n<ul>\n<li>Einbauma\u00dfe: B 1100 x H 1100 mm (Zeichnung beachten &#8211; Rahmenst\u00e4rke = 30 mm)<\/li>\n<li>Klappe f\u00fcr Zuluft und Abluft geeeignet<\/li>\n<li>Volumenstromregelung erfolgt manuell mit einem Stellantrieb<\/li>\n<li>optionale Stellantriebe m\u00f6glich<\/li>\n<li>Minimale Arbeitstemperatur -20 \u00b0C<\/li>\n<li>Maximale Arbeitstemperatur 80 \u00b0C<\/li>\n<li>speziell f\u00fcr hohe Geb\u00e4udedecken geeigenet<\/li>\n<li>geeignet f\u00fcr den Einbau in Decken<\/li>\n<\/ul>\n","protected":false},"featured_media":2403,"comment_status":"open","ping_status":"closed","template":"","meta":{"_et_pb_use_builder":"","_et_pb_old_content":"","_et_gb_content_width":""},"product_brand":[],"product_cat":[30],"product_tag":[],"class_list":{"0":"post-2209","1":"product","2":"type-product","3":"status-publish","4":"has-post-thumbnail","6":"product_cat-lueftungsgitter","7":"product_shipping_class-29","9":"first","10":"instock","11":"taxable","12":"shipping-taxable","13":"product-type-simple"},"tiered_pricing_type":"fixed","tiered_pricing_fixed_rules":[],"tiered_pricing_product_settings":{"layout":"default","base_unit_name":{"singular":null,"plural":null},"default_variation":null},"tiered_pricing_minimum_quantity":null,"tiered_pricing_roles_data":[],"tiered_pricing_percentage_rules":[],"_links":{"self":[{"href":"https:\/\/www.riffelblech.berlin\/rotec-shop\/wp-json\/wp\/v2\/product\/2209","targetHints":{"allow":["GET"]}}],"collection":[{"href":"https:\/\/www.riffelblech.berlin\/rotec-shop\/wp-json\/wp\/v2\/product"}],"about":[{"href":"https:\/\/www.riffelblech.berlin\/rotec-shop\/wp-json\/wp\/v2\/types\/product"}],"replies":[{"embeddable":true,"href":"https:\/\/www.riffelblech.berlin\/rotec-shop\/wp-json\/wp\/v2\/comments?post=2209"}],"wp:featuredmedia":[{"embeddable":true,"href":"https:\/\/www.riffelblech.berlin\/rotec-shop\/wp-json\/wp\/v2\/media\/2403"}],"wp:attachment":[{"href":"https:\/\/www.riffelblech.berlin\/rotec-shop\/wp-json\/wp\/v2\/media?parent=2209"}],"wp:term":[{"taxonomy":"product_brand","embeddable":true,"href":"https:\/\/www.riffelblech.berlin\/rotec-shop\/wp-json\/wp\/v2\/product_brand?post=2209"},{"taxonomy":"product_cat","embeddable":true,"href":"https:\/\/www.riffelblech.berlin\/rotec-shop\/wp-json\/wp\/v2\/product_cat?post=2209"},{"taxonomy":"product_tag","embeddable":true,"href":"https:\/\/www.riffelblech.berlin\/rotec-shop\/wp-json\/wp\/v2\/product_tag?post=2209"}],"curies":[{"name":"wp","href":"https:\/\/api.w.org\/{rel}","templated":true}]}}