{"id":512,"date":"2023-09-14T11:14:37","date_gmt":"2023-09-14T09:14:37","guid":{"rendered":"https:\/\/www.riffelblech.berlin\/rotec-shop\/produkt\/einfassprofil-typ-e-1-7-rechteckig-20-x-30-mm-3000-mm-lang-aus-edelstahl-1-4301\/"},"modified":"2024-04-25T12:47:13","modified_gmt":"2024-04-25T10:47:13","slug":"einfassprofil-typ-e-1-7-rechteckig-20-x-30-mm-3000-mm-lang-aus-edelstahl-1-4301","status":"publish","type":"product","link":"https:\/\/www.riffelblech.berlin\/rotec-shop\/produkt\/einfassprofil-typ-e-1-7-rechteckig-20-x-30-mm-3000-mm-lang-aus-edelstahl-1-4301\/","title":{"rendered":"Einfassprofil Typ E 1.7 (rechteckig) &#8211; 20 \u00d7 30 mm, 3000 mm lang &#8211; aus Edelstahl 1.4301"},"content":{"rendered":"","protected":false},"excerpt":{"rendered":"<p>Einfassprofil f\u00fcr Bleche und Lochbleche<\/p>\n<ul>\n<li>Typ E 1.7 (rechteckig)<\/li>\n<li>Werkstoff: Edelstahl 1.4301<\/li>\n<li>Ma\u00dfe: 20 \u00d7 30 mm (B \u00d7 L)<\/li>\n<li>Schlitzbreite: 1,7 mm<\/li>\n<li>Wandst\u00e4rke: 1,5 mm<\/li>\n<li>Profill\u00e4nge: 3000 mm<\/li>\n<\/ul>\n<p>&nbsp;<\/p>\n<h3 style=\"margin: 0px;padding: 0px;font-size: 1em;font-family: Lucida, sans-serif\"><span style=\"margin: 0px;padding: 0px;font-weight: normal;color: #222222\"><span style=\"margin: 0px;padding: 0px;color: #0000ff\">Verarbeiter und Gro\u00dfhandelskunden bitte pers\u00f6nliche Anfrage stellen<\/span><\/span><\/h3>\n<p>&nbsp;<\/p>\n","protected":false},"featured_media":0,"comment_status":"open","ping_status":"closed","template":"","meta":{"_et_pb_use_builder":"","_et_pb_old_content":"","_et_gb_content_width":""},"product_brand":[],"product_cat":[17],"product_tag":[],"class_list":{"0":"post-512","1":"product","2":"type-product","3":"status-publish","5":"product_cat-einfassprofile","6":"product_shipping_class-20","8":"first","9":"instock","10":"taxable","11":"shipping-taxable","12":"product-type-simple"},"tiered_pricing_type":"fixed","tiered_pricing_fixed_rules":[],"tiered_pricing_product_settings":{"layout":"default","base_unit_name":{"singular":null,"plural":null},"default_variation":null},"tiered_pricing_minimum_quantity":null,"tiered_pricing_roles_data":[],"tiered_pricing_percentage_rules":[],"_links":{"self":[{"href":"https:\/\/www.riffelblech.berlin\/rotec-shop\/wp-json\/wp\/v2\/product\/512","targetHints":{"allow":["GET"]}}],"collection":[{"href":"https:\/\/www.riffelblech.berlin\/rotec-shop\/wp-json\/wp\/v2\/product"}],"about":[{"href":"https:\/\/www.riffelblech.berlin\/rotec-shop\/wp-json\/wp\/v2\/types\/product"}],"replies":[{"embeddable":true,"href":"https:\/\/www.riffelblech.berlin\/rotec-shop\/wp-json\/wp\/v2\/comments?post=512"}],"wp:attachment":[{"href":"https:\/\/www.riffelblech.berlin\/rotec-shop\/wp-json\/wp\/v2\/media?parent=512"}],"wp:term":[{"taxonomy":"product_brand","embeddable":true,"href":"https:\/\/www.riffelblech.berlin\/rotec-shop\/wp-json\/wp\/v2\/product_brand?post=512"},{"taxonomy":"product_cat","embeddable":true,"href":"https:\/\/www.riffelblech.berlin\/rotec-shop\/wp-json\/wp\/v2\/product_cat?post=512"},{"taxonomy":"product_tag","embeddable":true,"href":"https:\/\/www.riffelblech.berlin\/rotec-shop\/wp-json\/wp\/v2\/product_tag?post=512"}],"curies":[{"name":"wp","href":"https:\/\/api.w.org\/{rel}","templated":true}]}}