{"id":787,"date":"2023-09-14T11:14:54","date_gmt":"2023-09-14T09:14:54","guid":{"rendered":"https:\/\/www.riffelblech.berlin\/rotec-shop\/produkt\/luftdurchlass-cs400-o-315-mmstahl-ral-9010-lackiert-reinweiss\/"},"modified":"2023-11-08T12:54:40","modified_gmt":"2023-11-08T11:54:40","slug":"luftdurchlass-cs400-o-315-mmstahl-ral-9010-lackiert-reinweiss","status":"publish","type":"product","link":"https:\/\/www.riffelblech.berlin\/rotec-shop\/produkt\/luftdurchlass-cs400-o-315-mmstahl-ral-9010-lackiert-reinweiss\/","title":{"rendered":"Luftdurchlass CS400 &#8211;  \u00d8 315 mm Stahl RAL 9010 lackiert (reinwei\u00df)"},"content":{"rendered":"<p>M\u00f6gliches Zubeh\u00f6r:<\/p>\n<ul>\n<li><span class=\"c1\"><strong>Anschlusskasten (DP150S):<\/strong><\/span> Die verschiedene Anschlussk\u00e4sten (variieren im \u00d8) k\u00f6nnen hier als separates Zubeh\u00f6r f\u00fcr die Deckenluftdurchl\u00e4sse CS400 ausgew\u00e4hlt werden. Entscheidend hierbei sind lediglich die Ma\u00dfe der Decken\u00f6ffnung. Alle Anschlussk\u00e4sten passen zu den diversen Deckenluftdurchl\u00e4ssen f\u00fcr die angegebene Gr\u00f6\u00dfe.<\/li>\n<li><strong class=\"c2\">Mengenregulierer (CS001):<\/strong> der teleskopartige Mengenregulierer dient zur Mengenregulierung der Luft bei diversen Deckenluftdurchl\u00e4ssen. Es sind lediglich die Ma\u00dfe des Deckenluftdurchlasses f\u00fcr eine optimale Passform n\u00f6tig.\u00a0<em>(Der Mengenregulierer muss separat bestellt werden, bzw. mittels Konfigurator ausgew\u00e4hlt werden)<\/em><\/li>\n<\/ul>\n<p>Weitere Informationen sowie das technische Datenblatt des Deckenluftdurchlasses CS400 finden Sie <a href=\"http:\/\/lueftungsgitter.net\/downloads\/deckenluftdurchlass-cs400.pdf\" target=\"_blank\" rel=\"noopener\">hier<\/a><\/p>\n<p><em>L\u00fcftungsgitter in Sonderformaten sind auf Anfrage erh\u00e4ltlich.<\/em><\/p>\n<p>Eine flexible Fertigung sorgt daf\u00fcr, dass eine Lieferung meist innerhalb 1-2 Wochen erfolgen kann.\u00a0Die rotec GmbH kann einen bundes- und europaweiten Versand von L\u00fcftungsgittern anbieten. Dabei kann die Lieferung unter anderem werkt\u00e4glich in die Gro\u00dfr\u00e4ume Berlin, Hamburg, M\u00fcnchen, Frankfurt, K\u00f6ln, Stuttgart, Leipzig, Dresden, Bremen, D\u00fcsseldorf. Hannover, Kiel, Rostock oder N\u00fcrnberg erfolgen. Ebenso kann eine Lieferung u.a. nach \u00d6sterreich, Polen, Luxemburg oder in die Schweiz angeboten werden.<\/p>\n","protected":false},"excerpt":{"rendered":"<p>Der Deckenluftdurchlass CS400 \u00d8 315 mm eignet sich f\u00fcr die Zufuhr und Abfuhr von gek\u00fchlter Luft in B\u00fcror\u00e4umen, L\u00e4den, Werkst\u00e4tten, Wohnr\u00e4umen etc. und ist f\u00fcr die <strong>Deckenmontage\u00a0<\/strong>geeignet. Das Luftdurchlass CS400 ist nicht f\u00fcr den Einbau in Fu\u00dfb\u00f6den geeignet (<a href=\"http:\/\/www.rotec-shop.eu\/Lueftungsgitter\/Bodengitter:::1056_1058.html\" target=\"_blank\" rel=\"noopener\">L\u00fcftungsgitter f\u00fcr die Fu\u00dfbodenmontage finden Sie hier<\/a>).<\/p>\n<p>Das Luftdurchlass CS400 f\u00fcr die Deckenmontage hat folgende Eigenschaften:<\/p>\n<ul>\n<li>L\u00fcftungsgitter aus eloxiertem Aluminium<\/li>\n<li>vierseitige Luftstr\u00f6mung<\/li>\n<li>geeignet f\u00fcr den Einbau in Decken, speziell f\u00fcr den Unterbaukonstruktionen entworfen<\/li>\n<li>reinwei\u00df (RAL 9010)<\/li>\n<\/ul>\n<p>Ma\u00dfe der Decken\u00f6ffnung des L\u00fcftungsgitters:<\/p>\n<ul>\n<li>\u00d8 315 mm<\/li>\n<\/ul>\n<p>Nachfolgende Tabelle zeigt die m\u00f6glichen Volumenstr\u00f6me [m\u00b3\/Std.] bei verschiedenen Schallleistungspegeln [db(A)]:<\/p>\n<table border=\"1\" width=\"600\" cellspacing=\"1\" cellpadding=\"1\" align=\"center\">\n<thead>\n<tr>\n<th scope=\"col\" align=\"center\" valign=\"middle\" width=\"150\" height=\"40\">Nennma\u00df<\/th>\n<th scope=\"col\" align=\"center\" width=\"150\" height=\"40\">25 dB(A)<\/th>\n<th scope=\"col\" align=\"center\" width=\"150\" height=\"40\">30 dB(A)<\/th>\n<th scope=\"col\" align=\"center\" width=\"150\" height=\"40\">35 dB(A)<\/th>\n<\/tr>\n<\/thead>\n<tbody>\n<tr>\n<td align=\"center\" width=\"150\" height=\"40\">\u00d8 315 mm<\/td>\n<td align=\"center\" width=\"150\" height=\"40\">545 m\u00b3\/Std.<\/td>\n<td align=\"center\" width=\"150\" height=\"40\">638 m\u00b3\/Std.<\/td>\n<td align=\"center\" width=\"150\" height=\"40\">747 m\u00b3\/Std.<\/td>\n<\/tr>\n<\/tbody>\n<\/table>\n","protected":false},"featured_media":2698,"comment_status":"open","ping_status":"closed","template":"","meta":{"_et_pb_use_builder":"","_et_pb_old_content":"","_et_gb_content_width":""},"product_brand":[],"product_cat":[30],"product_tag":[],"class_list":{"0":"post-787","1":"product","2":"type-product","3":"status-publish","4":"has-post-thumbnail","6":"product_cat-lueftungsgitter","7":"product_shipping_class-29","9":"first","10":"instock","11":"taxable","12":"shipping-taxable","13":"product-type-simple"},"tiered_pricing_type":"fixed","tiered_pricing_fixed_rules":[],"tiered_pricing_product_settings":{"layout":"default","base_unit_name":{"singular":null,"plural":null},"default_variation":null},"tiered_pricing_minimum_quantity":null,"tiered_pricing_roles_data":[],"tiered_pricing_percentage_rules":[],"_links":{"self":[{"href":"https:\/\/www.riffelblech.berlin\/rotec-shop\/wp-json\/wp\/v2\/product\/787","targetHints":{"allow":["GET"]}}],"collection":[{"href":"https:\/\/www.riffelblech.berlin\/rotec-shop\/wp-json\/wp\/v2\/product"}],"about":[{"href":"https:\/\/www.riffelblech.berlin\/rotec-shop\/wp-json\/wp\/v2\/types\/product"}],"replies":[{"embeddable":true,"href":"https:\/\/www.riffelblech.berlin\/rotec-shop\/wp-json\/wp\/v2\/comments?post=787"}],"wp:featuredmedia":[{"embeddable":true,"href":"https:\/\/www.riffelblech.berlin\/rotec-shop\/wp-json\/wp\/v2\/media\/2698"}],"wp:attachment":[{"href":"https:\/\/www.riffelblech.berlin\/rotec-shop\/wp-json\/wp\/v2\/media?parent=787"}],"wp:term":[{"taxonomy":"product_brand","embeddable":true,"href":"https:\/\/www.riffelblech.berlin\/rotec-shop\/wp-json\/wp\/v2\/product_brand?post=787"},{"taxonomy":"product_cat","embeddable":true,"href":"https:\/\/www.riffelblech.berlin\/rotec-shop\/wp-json\/wp\/v2\/product_cat?post=787"},{"taxonomy":"product_tag","embeddable":true,"href":"https:\/\/www.riffelblech.berlin\/rotec-shop\/wp-json\/wp\/v2\/product_tag?post=787"}],"curies":[{"name":"wp","href":"https:\/\/api.w.org\/{rel}","templated":true}]}}